{"id":20982,"date":"2023-09-12T12:11:16","date_gmt":"2023-09-12T10:11:16","guid":{"rendered":"https:\/\/e-adams.pl\/produkt\/kielnia-do-spoin-nierdzewna-10mm-r-2k-a-50-6164\/"},"modified":"2024-07-15T11:31:19","modified_gmt":"2024-07-15T09:31:19","slug":"kielnia-do-spoin-nierdzewna-solid-10mm-r-2k","status":"publish","type":"product","link":"https:\/\/e-adams.pl\/de\/produkt\/kielnia-do-spoin-nierdzewna-solid-10mm-r-2k\/","title":{"rendered":"Kielnia do spoin nierdzewna SOLID 10mm r. 2K"},"content":{"rendered":"<h3>OPIS:<\/h3>\n<p>Kielnia do spoin nierdzewna <a href=\"https:\/\/e-adams.pl\/solid\">SOLID<\/a> wykonana jest ze stali nierdzewnej, kwasoodpornej, o grubo\u015bci 1mm. R\u0105czka kielni sk\u0142ada si\u0119 z dwumateria\u0142owego\u00a0tworzywa, kt\u00f3re zapewnia pewny chwyt i wygod\u0119 u\u017cytkowania\u00a0nawet w trudnych warunkach.\u00a0Kielnia s\u0142u\u017cy do fugowania podczas\u00a0prac\u00a0glazurniczych. Dzi\u0119ki niej masy (spoiny) s\u0105 nak\u0142adane\u00a0r\u00f3wnomiernie\u00a0w szczelinach\u00a0mi\u0119dzy p\u0142ytkami.<\/p>\n<h3>DANE TECHNICZNE:<\/h3>\n<ul>\n<li>wykonana ze stali nierdzewnej<\/li>\n<li>posiada ergonomiczny uchwyt<\/li>\n<li>kwasoodporna<\/li>\n<li>grubo\u015b\u0107:\u00a0 1mm<\/li>\n<li>Kod EAN: 5906554514619<\/li>\n<li>Indeks producenta: 6164<\/li>\n<\/ul>\n","protected":false},"excerpt":{"rendered":"<p>Kielnia do spoin nierdzewna <a href=\"https:\/\/e-adams.pl\/solid\">SOLID<\/a> wykonana jest ze stali nierdzewnej, kwasoodpornej, o grubo\u015bci 1mm. R\u0105czka kielni sk\u0142ada si\u0119 z dwumateria\u0142owego\u00a0tworzywa, kt\u00f3re zapewnia pewny chwyt i wygod\u0119 u\u017cytkowania\u00a0nawet w trudnych warunkach.\u00a0Kielnia s\u0142u\u017cy do fugowania podczas\u00a0prac\u00a0glazurniczych. Dzi\u0119ki niej masy (spoiny) s\u0105 nak\u0142adane\u00a0r\u00f3wnomiernie\u00a0w szczelinach\u00a0mi\u0119dzy p\u0142ytkami.<\/p>\n","protected":false},"featured_media":22559,"comment_status":"open","ping_status":"closed","template":"","meta":{"_acf_changed":false,"inline_featured_image":false},"product_cat":[2289],"product_tag":[2311,1815],"class_list":{"0":"post-20982","1":"product","2":"type-product","3":"status-publish","4":"has-post-thumbnail","6":"product_cat-pace-i-kielnie","7":"product_tag-kielnia-do-spoin","8":"product_tag-solid","10":"first","11":"instock","12":"shipping-taxable","13":"purchasable","14":"product-type-simple"},"acf":[],"_links":{"self":[{"href":"https:\/\/e-adams.pl\/de\/wp-json\/wp\/v2\/product\/20982","targetHints":{"allow":["GET"]}}],"collection":[{"href":"https:\/\/e-adams.pl\/de\/wp-json\/wp\/v2\/product"}],"about":[{"href":"https:\/\/e-adams.pl\/de\/wp-json\/wp\/v2\/types\/product"}],"replies":[{"embeddable":true,"href":"https:\/\/e-adams.pl\/de\/wp-json\/wp\/v2\/comments?post=20982"}],"wp:featuredmedia":[{"embeddable":true,"href":"https:\/\/e-adams.pl\/de\/wp-json\/wp\/v2\/media\/22559"}],"wp:attachment":[{"href":"https:\/\/e-adams.pl\/de\/wp-json\/wp\/v2\/media?parent=20982"}],"wp:term":[{"taxonomy":"product_cat","embeddable":true,"href":"https:\/\/e-adams.pl\/de\/wp-json\/wp\/v2\/product_cat?post=20982"},{"taxonomy":"product_tag","embeddable":true,"href":"https:\/\/e-adams.pl\/de\/wp-json\/wp\/v2\/product_tag?post=20982"}],"curies":[{"name":"wp","href":"https:\/\/api.w.org\/{rel}","templated":true}]}}