{"id":20986,"date":"2023-09-12T12:11:19","date_gmt":"2023-09-12T10:11:19","guid":{"rendered":"https:\/\/e-adams.pl\/produkt\/kielnia-katowa-nierdzewna-wew-60-90mm-r-2k-a-25-6152\/"},"modified":"2024-07-15T11:31:19","modified_gmt":"2024-07-15T09:31:19","slug":"kielnia-katowa-wewnetrzna-solid-wew-60-90mm-r-2k","status":"publish","type":"product","link":"https:\/\/e-adams.pl\/de\/produkt\/kielnia-katowa-wewnetrzna-solid-wew-60-90mm-r-2k\/","title":{"rendered":"Kielnia k\u0105towa wewn\u0119trzna SOLID wew. 60\/90mm r.2K"},"content":{"rendered":"<h3>OPIS:<\/h3>\n<p>Kielnia k\u0105towa wewn\u0119trzna <a href=\"https:\/\/e-adams.pl\/solid\">SOLID<\/a> przeznaczona jest do prac budowlanych i murarskich. Kielnia o k\u0105cie wewn\u0119trznym stosowana jest do wyko\u0144czenia naro\u017cnik\u00f3w. Wykonana jest z najwy\u017cszej jako\u015bci stali nierdzewnej, kwasoodpornej, o grubo\u015bci 0,7mm. Posiada ergonomiczn\u0105 r\u0105czk\u0119 z dwumateria\u0142owego tworzywa, dzi\u0119ki czemu dobrze le\u017cy w d\u0142oni.<\/p>\n<p><b>K\u0105t wewn\u0119trzny<\/b>\u00a0u\u0142atwia prac\u0119 podczas nak\u0142adania g\u0142adzi gipsowej, kleju, zaprawy w trudno\u00a0dost\u0119pnych\u00a0miejscach jakimi s\u0105 naro\u017cniki wewn\u0119trzne.<\/p>\n<p>Wszystkie kielnie firmy SOLID wykonane s\u0105 ze stali hartowanej oraz ze stali nierdzewnej najwy\u017cszej jako\u015bci. Posiadaj\u0105 uszlachetnion\u0105 galwanicznie skuwk\u0119. Perfekcyjny spaw gwarantuje formowane, zamkni\u0119te po\u0142\u0105czenie pomi\u0119dzy blatem a uchwytem. Dzi\u0119ki temu kielnie\u00a0sprawdzaj\u0105 si\u0119\u00a0przy\u00a0maksymalnych obci\u0105\u017ceniach\u00a0oraz posiadaj\u0105\u00a0nieograniczon\u0105\u00a0\u017cywotno\u015b\u0107.<\/p>\n<h3>DANE TECHNICZNE:<\/h3>\n<ul>\n<li>wykonana ze stali nierdzewnej<\/li>\n<li>posiada ergonomiczny uchwyt<\/li>\n<li>kwasoodporna<\/li>\n<li>grubo\u015b\u0107: 0,7 mm<\/li>\n<li>Kod EAN: 5906554514473<\/li>\n<li>Indeks producenta: 6152<\/li>\n<\/ul>\n","protected":false},"excerpt":{"rendered":"<p>Kielnia k\u0105towa wewn\u0119trzna <a href=\"https:\/\/e-adams.pl\/solid\">SOLID<\/a> przeznaczona jest do prac budowlanych i murarskich. Kielnia o k\u0105cie wewn\u0119trznym stosowana jest do wyko\u0144czenia naro\u017cnik\u00f3w. Wykonana jest z najwy\u017cszej jako\u015bci stali nierdzewnej, kwasoodpornej, o grubo\u015bci 0,7mm. Posiada ergonomiczn\u0105 r\u0105czk\u0119 z dwumateria\u0142owego tworzywa, dzi\u0119ki czemu dobrze le\u017cy w d\u0142oni.<\/p>\n","protected":false},"featured_media":22566,"comment_status":"open","ping_status":"closed","template":"","meta":{"_acf_changed":false,"inline_featured_image":false},"product_cat":[2289],"product_tag":[2313,1815],"class_list":{"0":"post-20986","1":"product","2":"type-product","3":"status-publish","4":"has-post-thumbnail","6":"product_cat-pace-i-kielnie","7":"product_tag-kielnia-katowa-wewnetrzna","8":"product_tag-solid","10":"first","11":"instock","12":"shipping-taxable","13":"purchasable","14":"product-type-simple"},"acf":[],"_links":{"self":[{"href":"https:\/\/e-adams.pl\/de\/wp-json\/wp\/v2\/product\/20986","targetHints":{"allow":["GET"]}}],"collection":[{"href":"https:\/\/e-adams.pl\/de\/wp-json\/wp\/v2\/product"}],"about":[{"href":"https:\/\/e-adams.pl\/de\/wp-json\/wp\/v2\/types\/product"}],"replies":[{"embeddable":true,"href":"https:\/\/e-adams.pl\/de\/wp-json\/wp\/v2\/comments?post=20986"}],"wp:featuredmedia":[{"embeddable":true,"href":"https:\/\/e-adams.pl\/de\/wp-json\/wp\/v2\/media\/22566"}],"wp:attachment":[{"href":"https:\/\/e-adams.pl\/de\/wp-json\/wp\/v2\/media?parent=20986"}],"wp:term":[{"taxonomy":"product_cat","embeddable":true,"href":"https:\/\/e-adams.pl\/de\/wp-json\/wp\/v2\/product_cat?post=20986"},{"taxonomy":"product_tag","embeddable":true,"href":"https:\/\/e-adams.pl\/de\/wp-json\/wp\/v2\/product_tag?post=20986"}],"curies":[{"name":"wp","href":"https:\/\/api.w.org\/{rel}","templated":true}]}}