{"id":20988,"date":"2023-09-12T12:11:20","date_gmt":"2023-09-12T10:11:20","guid":{"rendered":"https:\/\/e-adams.pl\/produkt\/kielnia-koci-jezyk-szeroka-r-2k-a-25-6208\/"},"modified":"2024-07-15T11:31:19","modified_gmt":"2024-07-15T09:31:19","slug":"kielnia-koci-jezyk-solid-szeroka-r-2k","status":"publish","type":"product","link":"https:\/\/e-adams.pl\/de\/produkt\/kielnia-koci-jezyk-solid-szeroka-r-2k\/","title":{"rendered":"Kielnia koci j\u0119zyk SOLID szeroka r. 2K"},"content":{"rendered":"<h3>OPIS:<\/h3>\n<p>Kielnia koci j\u0119zyk <a href=\"https:\/\/e-adams.pl\/solid\">SOLID<\/a> to wysokiej jako\u015bci produkt wyprodukowany przez polsk\u0105 firm\u0119 budowlan\u0105 specjalizuj\u0105c\u0105 si\u0119 w tego typu narz\u0119dziach. Solid dzia\u0142a na rynku od lat i zd\u0105\u017cy\u0142 ju\u017c sobie zaskarbi\u0107 zaufanie w\u015br\u00f3d konsument\u00f3w. Ich produkty od zawsze specjalizowa\u0142y si\u0119 wysok\u0105 jako\u015bci\u0105 oraz solidnym wyko\u0144czeniem.<\/p>\n<p>Sama kielnia jest zrobiona ze stali nierdzewnej co sprawiam, \u017ce jest odporna na efekt korozji oraz inne nieprzyjazne warunki pogodowe.<\/p>\n<p>Kielnia jest wyposa\u017cona w bardzo por\u0119czny i wygodny uchwyt dzi\u0119ki, kt\u00f3remu praca z ni\u0105 jest du\u017co \u0142atwiejsza, przyjemniejsza oraz szybsza,. Sam uchwyt to nierdzewna r\u0105czka 2K wykonana ze sztucznego materia\u0142u.<\/p>\n<h3>DANE TECHNICZNE:<\/h3>\n<ul>\n<li>wykonana ze stali nierdzewnej<\/li>\n<li>posiada ergonomiczny uchwyt<\/li>\n<li>kwasoodporna<\/li>\n<li>grubo\u015b\u0107: 1 mm<\/li>\n<li>Kod EAN: 5906554517719<\/li>\n<li>Indeks producenta: 6208<\/li>\n<\/ul>\n","protected":false},"excerpt":{"rendered":"<p>Kielnia koci j\u0119zyk <a href=\"https:\/\/e-adams.pl\/solid\">SOLID<\/a> to wysokiej jako\u015bci produkt wyprodukowany przez polsk\u0105 firm\u0119 budowlan\u0105 specjalizuj\u0105c\u0105 si\u0119 w tego typu narz\u0119dziach. Solid dzia\u0142a na rynku od lat i zd\u0105\u017cy\u0142 ju\u017c sobie zaskarbi\u0107 zaufanie w\u015br\u00f3d konsument\u00f3w. Ich produkty od zawsze specjalizowa\u0142y si\u0119 wysok\u0105 jako\u015bci\u0105 oraz solidnym wyko\u0144czeniem.<\/p>\n","protected":false},"featured_media":22563,"comment_status":"open","ping_status":"closed","template":"","meta":{"_acf_changed":false,"inline_featured_image":false},"product_cat":[2289],"product_tag":[2312,1815],"class_list":{"0":"post-20988","1":"product","2":"type-product","3":"status-publish","4":"has-post-thumbnail","6":"product_cat-pace-i-kielnie","7":"product_tag-kielnia-koci-jezyk","8":"product_tag-solid","10":"first","11":"instock","12":"shipping-taxable","13":"purchasable","14":"product-type-simple"},"acf":[],"_links":{"self":[{"href":"https:\/\/e-adams.pl\/de\/wp-json\/wp\/v2\/product\/20988","targetHints":{"allow":["GET"]}}],"collection":[{"href":"https:\/\/e-adams.pl\/de\/wp-json\/wp\/v2\/product"}],"about":[{"href":"https:\/\/e-adams.pl\/de\/wp-json\/wp\/v2\/types\/product"}],"replies":[{"embeddable":true,"href":"https:\/\/e-adams.pl\/de\/wp-json\/wp\/v2\/comments?post=20988"}],"wp:featuredmedia":[{"embeddable":true,"href":"https:\/\/e-adams.pl\/de\/wp-json\/wp\/v2\/media\/22563"}],"wp:attachment":[{"href":"https:\/\/e-adams.pl\/de\/wp-json\/wp\/v2\/media?parent=20988"}],"wp:term":[{"taxonomy":"product_cat","embeddable":true,"href":"https:\/\/e-adams.pl\/de\/wp-json\/wp\/v2\/product_cat?post=20988"},{"taxonomy":"product_tag","embeddable":true,"href":"https:\/\/e-adams.pl\/de\/wp-json\/wp\/v2\/product_tag?post=20988"}],"curies":[{"name":"wp","href":"https:\/\/api.w.org\/{rel}","templated":true}]}}