{"id":20997,"date":"2023-09-12T12:11:27","date_gmt":"2023-09-12T10:11:27","guid":{"rendered":"https:\/\/e-adams.pl\/produkt\/kielnia-sztukat-nierdzewna-80mm-r-drewno-a-60-6134\/"},"modified":"2024-07-15T11:31:19","modified_gmt":"2024-07-15T09:31:19","slug":"kielnia-sztukatorska-nierdzewna-solid-80mm-r-drewn","status":"publish","type":"product","link":"https:\/\/e-adams.pl\/de\/produkt\/kielnia-sztukatorska-nierdzewna-solid-80mm-r-drewn\/","title":{"rendered":"Kielnia sztukatorska nierdzewna SOLID 80mm r. drewno"},"content":{"rendered":"<h3>OPIS:<\/h3>\n<p>Kielnia sztukatorska nierdzewna <a href=\"https:\/\/e-adams.pl\/solid\">SOLID<\/a> wykonana jest\u00a0ze stali nierdzewnej o grubo\u015bci 0,8 mm. Blat kielni jest\u00a0kwasoodporny. Dodatkowo wyposa\u017cona jest w wygodn\u0105\u00a0dwukomponentow\u0105 r\u0105czk\u0119. Kielnia sztukatorska s\u0142u\u017cy\u00a0do wygodnego nak\u0142adania klej\u00f3w, g\u0142adzi szpachlowych oraz wszelkiego rodzaju zapraw. Jest niezb\u0119dnym narz\u0119dziem\u00a0do wszelkich prac murarskich i remontowo budowlanych.<\/p>\n<p>Wszystkie kielnie firmy SOLID wykonane s\u0105 ze stali hartowanej oraz ze stali nierdzewnej najwy\u017cszej jako\u015bci. Posiadaj\u0105 uszlachetnion\u0105 galwanicznie skuwk\u0119. Perfekcyjny spaw gwarantuje formowane, zamkni\u0119te po\u0142\u0105czenie pomi\u0119dzy blatem a uchwytem. Dzi\u0119ki temu kielnie\u00a0sprawdzaj\u0105 si\u0119\u00a0przy\u00a0maksymalnych obci\u0105\u017ceniach\u00a0oraz posiadaj\u0105\u00a0nieograniczon\u0105\u00a0\u017cywotno\u015b\u0107.<\/p>\n<h3>DANE TECHNICZNE:<\/h3>\n<ul>\n<li>wykonana ze stali nierdzewnej<\/li>\n<li>posiada ergonomiczny uchwyt<\/li>\n<li>kwasoodporna<\/li>\n<li>grubo\u015b\u0107: 0,8 mm<\/li>\n<li>Kod EAN: 5906554514343<\/li>\n<li>Indeks producenta: 6134<\/li>\n<\/ul>\n","protected":false},"excerpt":{"rendered":"<p>Kielnia sztukatorska nierdzewna <a href=\"https:\/\/e-adams.pl\/solid\">SOLID<\/a> wykonana jest\u00a0ze stali nierdzewnej o grubo\u015bci 0,8 mm. Blat kielni jest\u00a0kwasoodporny. Dodatkowo wyposa\u017cona jest w wygodn\u0105\u00a0dwukomponentow\u0105 r\u0105czk\u0119. Kielnia sztukatorska s\u0142u\u017cy\u00a0do wygodnego nak\u0142adania klej\u00f3w, g\u0142adzi szpachlowych oraz wszelkiego rodzaju zapraw. Jest niezb\u0119dnym narz\u0119dziem\u00a0do wszelkich prac murarskich i remontowo budowlanych.<\/p>\n","protected":false},"featured_media":22553,"comment_status":"open","ping_status":"closed","template":"","meta":{"_acf_changed":false,"inline_featured_image":false},"product_cat":[2289],"product_tag":[2310,1815],"class_list":{"0":"post-20997","1":"product","2":"type-product","3":"status-publish","4":"has-post-thumbnail","6":"product_cat-pace-i-kielnie","7":"product_tag-kielnia-sztukatorska-nierdzewna","8":"product_tag-solid","10":"first","11":"instock","12":"shipping-taxable","13":"purchasable","14":"product-type-simple"},"acf":[],"_links":{"self":[{"href":"https:\/\/e-adams.pl\/de\/wp-json\/wp\/v2\/product\/20997","targetHints":{"allow":["GET"]}}],"collection":[{"href":"https:\/\/e-adams.pl\/de\/wp-json\/wp\/v2\/product"}],"about":[{"href":"https:\/\/e-adams.pl\/de\/wp-json\/wp\/v2\/types\/product"}],"replies":[{"embeddable":true,"href":"https:\/\/e-adams.pl\/de\/wp-json\/wp\/v2\/comments?post=20997"}],"wp:featuredmedia":[{"embeddable":true,"href":"https:\/\/e-adams.pl\/de\/wp-json\/wp\/v2\/media\/22553"}],"wp:attachment":[{"href":"https:\/\/e-adams.pl\/de\/wp-json\/wp\/v2\/media?parent=20997"}],"wp:term":[{"taxonomy":"product_cat","embeddable":true,"href":"https:\/\/e-adams.pl\/de\/wp-json\/wp\/v2\/product_cat?post=20997"},{"taxonomy":"product_tag","embeddable":true,"href":"https:\/\/e-adams.pl\/de\/wp-json\/wp\/v2\/product_tag?post=20997"}],"curies":[{"name":"wp","href":"https:\/\/api.w.org\/{rel}","templated":true}]}}