{"id":21001,"date":"2023-09-12T12:11:29","date_gmt":"2023-09-12T10:11:29","guid":{"rendered":"https:\/\/e-adams.pl\/produkt\/kielnia-trapez-nierdzewna-160mm-r-drewno-a-50-6120\/"},"modified":"2024-02-15T11:49:23","modified_gmt":"2024-02-15T10:49:23","slug":"kielnia-trapez-nierdzewna-solid-160mm-r-drewno","status":"publish","type":"product","link":"https:\/\/e-adams.pl\/de\/produkt\/kielnia-trapez-nierdzewna-solid-160mm-r-drewno\/","title":{"rendered":"Kielnia trapez nierdzewna SOLID 160mm r. drewno"},"content":{"rendered":"<h3>OPIS:<\/h3>\n<p>Kielnia trapez nierdzewna <a href=\"https:\/\/e-adams.pl\/solid\">SOLID <\/a>przeznaczona jest do prac murarsko-tynkarskich. Wykonana zosta\u0142a z wysokiej jako\u015bci stali nierdzewnej, kwasoodpornej o grubo\u015bci 1mm. Posiada uchwyt z lakierowanego drewna. Dzi\u0119ki doskona\u0142emu wywa\u017ceniu murowanie i tynkowanie przychodzi \u0142atwo i komfortowo.<\/p>\n<h3>DANE TECHNICZNE:<\/h3>\n<p>\u2022 Indeks producenta: 6120<br \/>\n\u2022 Kod EAN: 5906554514251<br \/>\n\u2022 Rozmiar: 160 mm<br \/>\n\u2022 Materia\u0142: stal nierdzewna<\/p>\n","protected":false},"excerpt":{"rendered":"<p>Kielnia trapez nierdzewna <a href=\"https:\/\/e-adams.pl\/solid\">SOLID <\/a>przeznaczona jest do prac murarsko-tynkarskich. Wykonana zosta\u0142a z wysokiej jako\u015bci stali nierdzewnej, kwasoodpornej o grubo\u015bci 1mm. Posiada uchwyt z lakierowanego drewna. Dzi\u0119ki doskona\u0142emu wywa\u017ceniu murowanie i tynkowanie przychodzi \u0142atwo i komfortowo.<\/p>\n","protected":false},"featured_media":22505,"comment_status":"open","ping_status":"closed","template":"","meta":{"_acf_changed":false,"inline_featured_image":false},"product_cat":[2289],"product_tag":[2271,1815],"class_list":{"0":"post-21001","1":"product","2":"type-product","3":"status-publish","4":"has-post-thumbnail","6":"product_cat-pace-i-kielnie","7":"product_tag-kielnia-trapez-nierdzewna","8":"product_tag-solid","10":"first","11":"instock","12":"shipping-taxable","13":"purchasable","14":"product-type-simple"},"acf":[],"_links":{"self":[{"href":"https:\/\/e-adams.pl\/de\/wp-json\/wp\/v2\/product\/21001","targetHints":{"allow":["GET"]}}],"collection":[{"href":"https:\/\/e-adams.pl\/de\/wp-json\/wp\/v2\/product"}],"about":[{"href":"https:\/\/e-adams.pl\/de\/wp-json\/wp\/v2\/types\/product"}],"replies":[{"embeddable":true,"href":"https:\/\/e-adams.pl\/de\/wp-json\/wp\/v2\/comments?post=21001"}],"wp:featuredmedia":[{"embeddable":true,"href":"https:\/\/e-adams.pl\/de\/wp-json\/wp\/v2\/media\/22505"}],"wp:attachment":[{"href":"https:\/\/e-adams.pl\/de\/wp-json\/wp\/v2\/media?parent=21001"}],"wp:term":[{"taxonomy":"product_cat","embeddable":true,"href":"https:\/\/e-adams.pl\/de\/wp-json\/wp\/v2\/product_cat?post=21001"},{"taxonomy":"product_tag","embeddable":true,"href":"https:\/\/e-adams.pl\/de\/wp-json\/wp\/v2\/product_tag?post=21001"}],"curies":[{"name":"wp","href":"https:\/\/api.w.org\/{rel}","templated":true}]}}