{"id":21004,"date":"2023-09-12T12:11:31","date_gmt":"2023-09-12T10:11:31","guid":{"rendered":"https:\/\/e-adams.pl\/produkt\/kielnia-trojk-r-pl-20x19-0801\/"},"modified":"2024-02-15T11:49:04","modified_gmt":"2024-02-15T10:49:04","slug":"kielnia-stalowa-trojkatna-kubala-200-190mm","status":"publish","type":"product","link":"https:\/\/e-adams.pl\/de\/produkt\/kielnia-stalowa-trojkatna-kubala-200-190mm\/","title":{"rendered":"Kielnia stalowa tr\u00f3jk\u0105tna KUBALA 200\/190mm"},"content":{"rendered":"<h3>OPIS:<\/h3>\n<p>Kielnia stalowa tr\u00f3jk\u0105tna firmy KUBALA to narz\u0119dzie przydatne przy wszystkich pracach murarsko-tynkarskich. Kielnia s\u0142u\u017cy do rozprowadzania i wyr\u00f3wnywania masy oraz jej zbieraniu podczas murowania. Prezentowany model zosta\u0142 wykonany ze stali o grubo\u015bci 1,2mm. Zastosowana stal zosta\u0142a dwustronnie wyszlifowana dla lepszego efektu prac.<\/p>\n<p>R\u0105czka kielni jest przyspawana do powierzchni roboczej, dzi\u0119ki temu zabiegowi cechuje si\u0119 du\u017c\u0105 wytrzyma\u0142o\u015bci\u0105.<\/p>\n<h3>DANE TECHNICZNE:<\/h3>\n<p>\u2022 Producent: Kubala<br \/>\n\u2022 Kod producenta: 0801<br \/>\n\u2022 EAN: 5907798308019<br \/>\n\u2022 Materia\u0142 r\u0119koje\u015bci: tworzywo sztuczne<\/p>\n","protected":false},"excerpt":{"rendered":"<p>Kielnia stalowa tr\u00f3jk\u0105tna firmy KUBALA to narz\u0119dzie przydatne przy wszystkich pracach murarsko-tynkarskich. Kielnia s\u0142u\u017cy do rozprowadzania i wyr\u00f3wnywania masy oraz jej zbieraniu podczas murowania. Prezentowany model zosta\u0142 wykonany ze stali o grubo\u015bci 1,2mm. Zastosowana stal zosta\u0142a dwustronnie wyszlifowana dla lepszego efektu prac.<\/p>\n","protected":false},"featured_media":22502,"comment_status":"open","ping_status":"closed","template":"","meta":{"_acf_changed":false,"inline_featured_image":false},"product_cat":[2289],"product_tag":[2269,2270],"class_list":{"0":"post-21004","1":"product","2":"type-product","3":"status-publish","4":"has-post-thumbnail","6":"product_cat-pace-i-kielnie","7":"product_tag-kielnia-stalowa-trojkatna","8":"product_tag-kubala","10":"first","11":"outofstock","12":"shipping-taxable","13":"purchasable","14":"product-type-simple"},"acf":[],"_links":{"self":[{"href":"https:\/\/e-adams.pl\/de\/wp-json\/wp\/v2\/product\/21004","targetHints":{"allow":["GET"]}}],"collection":[{"href":"https:\/\/e-adams.pl\/de\/wp-json\/wp\/v2\/product"}],"about":[{"href":"https:\/\/e-adams.pl\/de\/wp-json\/wp\/v2\/types\/product"}],"replies":[{"embeddable":true,"href":"https:\/\/e-adams.pl\/de\/wp-json\/wp\/v2\/comments?post=21004"}],"wp:featuredmedia":[{"embeddable":true,"href":"https:\/\/e-adams.pl\/de\/wp-json\/wp\/v2\/media\/22502"}],"wp:attachment":[{"href":"https:\/\/e-adams.pl\/de\/wp-json\/wp\/v2\/media?parent=21004"}],"wp:term":[{"taxonomy":"product_cat","embeddable":true,"href":"https:\/\/e-adams.pl\/de\/wp-json\/wp\/v2\/product_cat?post=21004"},{"taxonomy":"product_tag","embeddable":true,"href":"https:\/\/e-adams.pl\/de\/wp-json\/wp\/v2\/product_tag?post=21004"}],"curies":[{"name":"wp","href":"https:\/\/api.w.org\/{rel}","templated":true}]}}