{"id":21006,"date":"2023-09-12T12:11:33","date_gmt":"2023-09-12T10:11:33","guid":{"rendered":"https:\/\/e-adams.pl\/produkt\/kielnia-trojkat-stal-spaw-180mm-r-drewno-a-40-6118\/"},"modified":"2024-07-15T11:31:19","modified_gmt":"2024-07-15T09:31:19","slug":"kielnia-stalowa-trapezowa-solid-180mm-r-drewno","status":"publish","type":"product","link":"https:\/\/e-adams.pl\/de\/produkt\/kielnia-stalowa-trapezowa-solid-180mm-r-drewno\/","title":{"rendered":"Kielnia stalowa trapezowa SOLID 180mm r.drewno"},"content":{"rendered":"<h3>OPIS:<\/h3>\n<p>Kielnia stalowa trapezowa <a href=\"https:\/\/e-adams.pl\/solid\">SOLID<\/a> przeznaczona jest do prac murarsko-tynkarskich. Wykonana zosta\u0142a z wysokiej jako\u015bci stali w\u0119glowej szlifowanej obustronnie o grubo\u015bci 1,4mm. Posiada uchwyt z lakierowanego drewna. Dzi\u0119ki doskona\u0142emu wywa\u017ceniu murowanie i tynkowanie przychodzi \u0142atwo i komfortowo.<\/p>\n<h3>DANE TECHNICZNE:<\/h3>\n<p>\u2022 Indeks producenta: 6118<br \/>\n\u2022 Kod EAN: 5906554514237<br \/>\n\u2022 Rozmiar: 180 mm<br \/>\n\u2022 Materia\u0142: stal w\u0119glowa<\/p>\n","protected":false},"excerpt":{"rendered":"<p>Kielnia stalowa trapezowa SOLID przeznaczona jest do prac murarsko-tynkarskich. Wykonana zosta\u0142a z wysokiej jako\u015bci stali w\u0119glowej szlifowanej obustronnie o grubo\u015bci 1,2mm. Posiada uchwyt z lakierowanego drewna. Dzi\u0119ki doskona\u0142emu wywa\u017ceniu murowanie i tynkowanie przychodzi \u0142atwo i komfortowo.<\/p>\n","protected":false},"featured_media":22499,"comment_status":"open","ping_status":"closed","template":"","meta":{"_acf_changed":false,"inline_featured_image":false},"product_cat":[2289],"product_tag":[2267,1815],"class_list":{"0":"post-21006","1":"product","2":"type-product","3":"status-publish","4":"has-post-thumbnail","6":"product_cat-pace-i-kielnie","7":"product_tag-kielnia-stalowa-trapezowa","8":"product_tag-solid","10":"first","11":"instock","12":"shipping-taxable","13":"purchasable","14":"product-type-simple"},"acf":[],"_links":{"self":[{"href":"https:\/\/e-adams.pl\/de\/wp-json\/wp\/v2\/product\/21006","targetHints":{"allow":["GET"]}}],"collection":[{"href":"https:\/\/e-adams.pl\/de\/wp-json\/wp\/v2\/product"}],"about":[{"href":"https:\/\/e-adams.pl\/de\/wp-json\/wp\/v2\/types\/product"}],"replies":[{"embeddable":true,"href":"https:\/\/e-adams.pl\/de\/wp-json\/wp\/v2\/comments?post=21006"}],"wp:featuredmedia":[{"embeddable":true,"href":"https:\/\/e-adams.pl\/de\/wp-json\/wp\/v2\/media\/22499"}],"wp:attachment":[{"href":"https:\/\/e-adams.pl\/de\/wp-json\/wp\/v2\/media?parent=21006"}],"wp:term":[{"taxonomy":"product_cat","embeddable":true,"href":"https:\/\/e-adams.pl\/de\/wp-json\/wp\/v2\/product_cat?post=21006"},{"taxonomy":"product_tag","embeddable":true,"href":"https:\/\/e-adams.pl\/de\/wp-json\/wp\/v2\/product_tag?post=21006"}],"curies":[{"name":"wp","href":"https:\/\/api.w.org\/{rel}","templated":true}]}}