{"id":21009,"date":"2023-09-12T12:11:36","date_gmt":"2023-09-12T10:11:36","guid":{"rendered":"https:\/\/e-adams.pl\/produkt\/klej-do-plytek-dekoracyjnych-5kg\/"},"modified":"2024-07-15T11:31:18","modified_gmt":"2024-07-15T09:31:18","slug":"klej-do-plytek-dekoracyjnych-jurga-5kg","status":"publish","type":"product","link":"https:\/\/e-adams.pl\/de\/produkt\/klej-do-plytek-dekoracyjnych-jurga-5kg\/","title":{"rendered":"Klej do p\u0142ytek dekoracyjnych JURGA 5kg"},"content":{"rendered":"<h3>OPIS:<\/h3>\n<p>Klej do p\u0142ytek dekoracyjnych JURGA przeznaczony do mocowania dekoracyjnych p\u0142ytek \u015bciennych z gresu, terakoty, klinkieru, glazury, p\u0142ytek mozaikowych, p\u0142ytek z kamienia naturalnego, gipsu oraz tworzyw sztucznych wewn\u0105trz pomieszcze\u0144. Klej nadaje si\u0119 r\u00f3wnie\u017c do mocowania p\u0142yt dekoracyjnych ze styropianu czy korka.<\/p>\n<p>Produkt mo\u017cna aplikowa\u0107 na pod\u0142o\u017ca trudne takie jak: p\u0142yty wi\u00f3rowe, p\u0142yty OSB, tynki, gipsowe i cementowe, stare ok\u0142adziny \u015bcienne z p\u0142ytek ceramicznych, lamperie z farb olejnych i inne.<\/p>\n<h3>INFORMACJE TECHNICZNE:<\/h3>\n<ul>\n<li>Czas uk\u0142adania p\u0142ytek po na\u0142o\u017ceniu kleju na pod\u0142o\u017ce: do 30 minut<\/li>\n<li>Czas korekty u\u0142o\u017cenia p\u0142ytki: do 20 minut<\/li>\n<li>U\u017cytkowanie posadzki najwcze\u015bniej: po 2 dniach (w przypadku uk\u0142adania p\u0142ytek na p\u0142ytki, na p\u0142yty wi\u00f3rowe lub OSB \u2013 czas ten mo\u017ce si\u0119 wyd\u0142u\u017cy\u0107 w zale\u017cno\u015bci od grubo\u015bci warstwy)<\/li>\n<li>Mo\u017cliwo\u015b\u0107 fugowania najwcze\u015bniej: po 2 dniach (w przypadku uk\u0142adania p\u0142ytek na p\u0142ytki, b\u0105d\u017a na p\u0142yty wi\u00f3rowe lub OSB \u2013 czas ten mo\u017ce by\u0107 d\u0142u\u017cszy w zale\u017cno\u015bci od grubo\u015bci warstwy)<\/li>\n<li>Maksymalna grubo\u015b\u0107<\/li>\n<li>warstwy zaprawy: do 5 mm<\/li>\n<li>Zu\u017cycie Dla jednej warstwy: gr.1 mm ok. 1,5-1,7 kg\/m\u00b2<\/li>\n<li>Termin przydatno\u015bci: 12 miesi\u0119cy<\/li>\n<li>Opakowania: Wiadro 5 kg, 15 kg<\/li>\n<\/ul>\n","protected":false},"excerpt":{"rendered":"<p>Klej do p\u0142ytek dekoracyjnych JURGA przeznaczony do mocowania dekoracyjnych p\u0142ytek \u015bciennych z gresu, terakoty, klinkieru, glazury, p\u0142ytek mozaikowych, p\u0142ytek z kamienia naturalnego, gipsu oraz tworzyw sztucznych wewn\u0105trz pomieszcze\u0144. Klej nadaje si\u0119 r\u00f3wnie\u017c do mocowania p\u0142yt dekoracyjnych ze styropianu czy korka.<\/p>\n","protected":false},"featured_media":22482,"comment_status":"open","ping_status":"closed","template":"","meta":{"_acf_changed":false,"inline_featured_image":false},"product_cat":[982],"product_tag":[953,2260],"class_list":{"0":"post-21009","1":"product","2":"type-product","3":"status-publish","4":"has-post-thumbnail","6":"product_cat-kleje-do-plytek","7":"product_tag-jurga","8":"product_tag-klej-do-plytek-dekoracyjnych","10":"first","11":"outofstock","12":"shipping-taxable","13":"purchasable","14":"product-type-simple"},"acf":[],"_links":{"self":[{"href":"https:\/\/e-adams.pl\/de\/wp-json\/wp\/v2\/product\/21009","targetHints":{"allow":["GET"]}}],"collection":[{"href":"https:\/\/e-adams.pl\/de\/wp-json\/wp\/v2\/product"}],"about":[{"href":"https:\/\/e-adams.pl\/de\/wp-json\/wp\/v2\/types\/product"}],"replies":[{"embeddable":true,"href":"https:\/\/e-adams.pl\/de\/wp-json\/wp\/v2\/comments?post=21009"}],"wp:featuredmedia":[{"embeddable":true,"href":"https:\/\/e-adams.pl\/de\/wp-json\/wp\/v2\/media\/22482"}],"wp:attachment":[{"href":"https:\/\/e-adams.pl\/de\/wp-json\/wp\/v2\/media?parent=21009"}],"wp:term":[{"taxonomy":"product_cat","embeddable":true,"href":"https:\/\/e-adams.pl\/de\/wp-json\/wp\/v2\/product_cat?post=21009"},{"taxonomy":"product_tag","embeddable":true,"href":"https:\/\/e-adams.pl\/de\/wp-json\/wp\/v2\/product_tag?post=21009"}],"curies":[{"name":"wp","href":"https:\/\/api.w.org\/{rel}","templated":true}]}}