{"id":21010,"date":"2023-09-12T12:11:36","date_gmt":"2023-09-12T10:11:36","guid":{"rendered":"https:\/\/e-adams.pl\/produkt\/klej-kontaktowy-spray-do-paroizolacji-500ml\/"},"modified":"2024-07-15T11:31:17","modified_gmt":"2024-07-15T09:31:17","slug":"klej-do-folii-paroizolacyjnych-spray-kon-foil-500ml","status":"publish","type":"product","link":"https:\/\/e-adams.pl\/de\/produkt\/klej-do-folii-paroizolacyjnych-spray-kon-foil-500ml\/","title":{"rendered":"Klej do folii paroizolacyjnych SPRAY-KON FOIL 500ml"},"content":{"rendered":"<h3>OPIS:<\/h3>\n<p>Klej do folii paroizolacyjnych SPRAY-KON FOIL to nowej generacji klej aerozolowy przeznaczony do mocowania folii paroizolacyjnych lub membran do profili stalowych (CD, UD, CW, UW) w zabudowach gipsowo- kartonowych. S\u0142u\u017cy tak\u017ce do klejenia folii do betonu lub drewna oraz do klejenia bryt\u00f3w folii pomi\u0119dzy sob\u0105.<\/p>\n<p>SPRAY-KON FOIL wykorzystywany jest te\u017c do mocowania piankowych dylatacji przy wylewkach pod\u0142ogowych. Klej mo\u017cna tak\u017ce wykorzysta\u0107 do klejenia folii ze sob\u0105 albo folii do betonu lub drewna.<\/p>\n<p>&nbsp;<\/p>\n<h3>DANE TECHNICZNE:<\/h3>\n<p>\u2022 Wielko\u015b\u0107 opakowania0.5 kg<br \/>\n\u2022 Kod EAN: 5902686912378<br \/>\n\u2022 Waga produktu z opakowaniem jednostkowym: 0.8 kg<br \/>\n\u2022 skuteczny nawet przy +5\u00b0C<\/p>\n","protected":false},"excerpt":{"rendered":"<p>Klej do folii paroizolacyjnych SPRAY-KON FOIL to nowej generacji klej aerozolowy przeznaczony do mocowania folii paroizolacyjnych lub membran do profili stalowych (CD, UD, CW, UW) w zabudowach gipsowo- kartonowych. S\u0142u\u017cy tak\u017ce do klejenia folii do betonu lub drewna oraz do klejenia bryt\u00f3w folii pomi\u0119dzy sob\u0105.<\/p>\n","protected":false},"featured_media":22512,"comment_status":"open","ping_status":"closed","template":"","meta":{"_acf_changed":false,"inline_featured_image":false},"product_cat":[276],"product_tag":[2274,2275],"class_list":{"0":"post-21010","1":"product","2":"type-product","3":"status-publish","4":"has-post-thumbnail","6":"product_cat-kleje-do-ocieplen","7":"product_tag-klej-do-folii-paroizolacyjnych","8":"product_tag-spray-kon","10":"first","11":"instock","12":"shipping-taxable","13":"purchasable","14":"product-type-simple"},"acf":[],"_links":{"self":[{"href":"https:\/\/e-adams.pl\/de\/wp-json\/wp\/v2\/product\/21010","targetHints":{"allow":["GET"]}}],"collection":[{"href":"https:\/\/e-adams.pl\/de\/wp-json\/wp\/v2\/product"}],"about":[{"href":"https:\/\/e-adams.pl\/de\/wp-json\/wp\/v2\/types\/product"}],"replies":[{"embeddable":true,"href":"https:\/\/e-adams.pl\/de\/wp-json\/wp\/v2\/comments?post=21010"}],"wp:featuredmedia":[{"embeddable":true,"href":"https:\/\/e-adams.pl\/de\/wp-json\/wp\/v2\/media\/22512"}],"wp:attachment":[{"href":"https:\/\/e-adams.pl\/de\/wp-json\/wp\/v2\/media?parent=21010"}],"wp:term":[{"taxonomy":"product_cat","embeddable":true,"href":"https:\/\/e-adams.pl\/de\/wp-json\/wp\/v2\/product_cat?post=21010"},{"taxonomy":"product_tag","embeddable":true,"href":"https:\/\/e-adams.pl\/de\/wp-json\/wp\/v2\/product_tag?post=21010"}],"curies":[{"name":"wp","href":"https:\/\/api.w.org\/{rel}","templated":true}]}}