{"id":21013,"date":"2023-09-12T12:11:38","date_gmt":"2023-09-12T10:11:38","guid":{"rendered":"https:\/\/e-adams.pl\/produkt\/lekka-masa-gotowa-premium-light-7kg\/"},"modified":"2024-07-15T11:31:15","modified_gmt":"2024-07-15T09:31:15","slug":"lekka-masa-gotowa-rigips-premium-light-7kg","status":"publish","type":"product","link":"https:\/\/e-adams.pl\/de\/produkt\/lekka-masa-gotowa-rigips-premium-light-7kg\/","title":{"rendered":"Lekka masa gotowa RIGIPS PREMIUM LIGHT 7kg"},"content":{"rendered":"<h3>OPIS:<\/h3>\n<p>Lekka masa gotowa RIGIPS PREMIUM LIGHT do wst\u0119pnego i finiszowego szpachlowania po\u0142\u0105cze\u0144 p\u0142yt g-k z zastosowaniem ta\u015bmy zbroj\u0105cej. Premium Light mo\u017cna r\u00f3wnie\u017c stosowa\u0107 do wykonywania g\u0142adzi na tynkach cementowo-wapiennych, gipsowych, p\u0142ytach g-k oraz bloczkach gipsowych Rigiroc.<\/p>\n<p>Premium Light to najwy\u017cszej jako\u015bci lekka masa szpachlowa wytworzona na bazie precyzyjnie dobranych sk\u0142adnik\u00f3w: co-polimer\u00f3w lateksowych oraz najdrobniejszych m\u0105czek dolomitowych. Unikalny sk\u0142ad produktu pozwoli\u0142 na wytworzenie lekkiej masy szpachlowej, kt\u00f3ra powoduje, \u017ce praca jest bardzo \u0142atwa i szybka, a przy tym uzyskana jako\u015b\u0107 powierzchni jest bardzo wysoka.<\/p>\n<h2><b>Spos\u00f3b u\u017cycia:<\/b><\/h2>\n<p>Powierzchnia powinna by\u0107 zagruntowana.<\/p>\n<p>Nale\u017cy stosowa\u0107 wewn\u0105trz pomieszcze\u0144.<\/p>\n<p>Przed zastosowaniem nale\u017cy produkt przemiesza\u0107.<\/p>\n<p>Nak\u0142ada\u0107 tak, aby maksymalna grubo\u015b\u0107 warstwy wynosi\u0142a 2 mm.<\/p>\n<h3>DANE TECHNICZNE:<\/h3>\n<p>\u2022 Kod EAN: 5905637153059<\/p>\n<p>\u2022 Temp robocza : min. +5\u00b0C, max +30\u00b0C<\/p>\n<p>\u2022 Czas schni\u0119cia : przy +20\u00b0C oraz 60% wilgotno\u015bci ok. 12 godz.<\/p>\n","protected":false},"excerpt":{"rendered":"<p>Lekka masa gotowa RIGIPS PREMIUM LIGHT do wst\u0119pnego i finiszowego szpachlowania po\u0142\u0105cze\u0144 p\u0142yt g-k z zastosowaniem ta\u015bmy zbroj\u0105cej. Premium Light mo\u017cna r\u00f3wnie\u017c stosowa\u0107 do wykonywania g\u0142adzi na tynkach cementowo-wapiennych, gipsowych, p\u0142ytach g-k oraz bloczkach gipsowych Rigiroc.<\/p>\n","protected":false},"featured_media":22381,"comment_status":"open","ping_status":"closed","template":"","meta":{"_acf_changed":false,"inline_featured_image":false},"product_cat":[275],"product_tag":[2201,2202],"class_list":{"0":"post-21013","1":"product","2":"type-product","3":"status-publish","4":"has-post-thumbnail","6":"product_cat-gipsy-zaprawy","7":"product_tag-lekka-masa-gotowa","8":"product_tag-rigips-premium","10":"first","11":"instock","12":"shipping-taxable","13":"purchasable","14":"product-type-simple"},"acf":[],"_links":{"self":[{"href":"https:\/\/e-adams.pl\/de\/wp-json\/wp\/v2\/product\/21013","targetHints":{"allow":["GET"]}}],"collection":[{"href":"https:\/\/e-adams.pl\/de\/wp-json\/wp\/v2\/product"}],"about":[{"href":"https:\/\/e-adams.pl\/de\/wp-json\/wp\/v2\/types\/product"}],"replies":[{"embeddable":true,"href":"https:\/\/e-adams.pl\/de\/wp-json\/wp\/v2\/comments?post=21013"}],"wp:featuredmedia":[{"embeddable":true,"href":"https:\/\/e-adams.pl\/de\/wp-json\/wp\/v2\/media\/22381"}],"wp:attachment":[{"href":"https:\/\/e-adams.pl\/de\/wp-json\/wp\/v2\/media?parent=21013"}],"wp:term":[{"taxonomy":"product_cat","embeddable":true,"href":"https:\/\/e-adams.pl\/de\/wp-json\/wp\/v2\/product_cat?post=21013"},{"taxonomy":"product_tag","embeddable":true,"href":"https:\/\/e-adams.pl\/de\/wp-json\/wp\/v2\/product_tag?post=21013"}],"curies":[{"name":"wp","href":"https:\/\/api.w.org\/{rel}","templated":true}]}}