{"id":21014,"date":"2023-09-12T12:11:39","date_gmt":"2023-09-12T10:11:39","guid":{"rendered":"https:\/\/e-adams.pl\/produkt\/lepik-na-zimno-den-bit-l-10kg-izohan\/"},"modified":"2024-07-15T11:31:17","modified_gmt":"2024-07-15T09:31:17","slug":"lepik-na-zimno-den-bit-l-10kg-izohan","status":"publish","type":"product","link":"https:\/\/e-adams.pl\/de\/produkt\/lepik-na-zimno-den-bit-l-10kg-izohan\/","title":{"rendered":"Lepik na zimno DEN BRAVEN Den Bit-L 10 kg"},"content":{"rendered":"<h3>OPIS:<\/h3>\n<p>Lepik na zimno DEN BRAVEN Den Bit-L to elastoplastyczna masa bitumiczno-kauczukowa, z dodatkiem zwi\u0105zk\u00f3w chemicznych poprawiaj\u0105cych przyczepno\u015b\u0107, do klejenia papy i izolacji pow\u0142okowych przeciwwilgociowych fundament\u00f3w typu lekkiego.<\/p>\n<p>Modyfikowany kauczukiem syntetycznym. Na suche i lekko wilgotne pod\u0142o\u017ca. Po odparowaniu rozcie\u0144czalnik\u00f3w elastoplastyczny i odporny na dzia\u0142anie wody, s\u0142abych kwas\u00f3w, zasad i agresywnych zwi\u0105zk\u00f3w zawartych w ziemi. Zawiera rozpuszczalnik organiczny.<\/p>\n<p>Klejenie na zimno tradycyjnych pap asfaltowych do pod\u0142o\u017ca mineralnego, a tak\u017ce mi\u0119dzy sob\u0105 w pokryciach warstwowych. Hydroizolacja lekka przeciwwilgociowa.<\/p>\n<h3>DANE TECHNICZNE:<\/h3>\n<p>\u2022 \u015arednie zu\u017cycie: 0,8 &#8211; 1,2 kg\/m\u00b2<br \/>\n\u2022 Opakowanie: 10 kg<br \/>\n\u2022 EAN: 8711595089470<\/p>\n","protected":false},"excerpt":{"rendered":"<p>Lepik na zimno DEN BRAVEN Den Bit-L to elastoplastyczna masa bitumiczno-kauczukowa, z dodatkiem zwi\u0105zk\u00f3w chemicznych poprawiaj\u0105cych przyczepno\u015b\u0107, do klejenia papy i izolacji pow\u0142okowych przeciwwilgociowych fundament\u00f3w typu lekkiego.<\/p>\n","protected":false},"featured_media":22216,"comment_status":"open","ping_status":"closed","template":"","meta":{"_acf_changed":false,"inline_featured_image":false},"product_cat":[1472],"product_tag":[2134,955,2133],"class_list":{"0":"post-21014","1":"product","2":"type-product","3":"status-publish","4":"has-post-thumbnail","6":"product_cat-masy-uszczelniajace","7":"product_tag-den-bit-l","8":"product_tag-den-braven","9":"product_tag-lepik-na-zimno","11":"first","12":"instock","13":"shipping-taxable","14":"purchasable","15":"product-type-simple"},"acf":[],"_links":{"self":[{"href":"https:\/\/e-adams.pl\/de\/wp-json\/wp\/v2\/product\/21014","targetHints":{"allow":["GET"]}}],"collection":[{"href":"https:\/\/e-adams.pl\/de\/wp-json\/wp\/v2\/product"}],"about":[{"href":"https:\/\/e-adams.pl\/de\/wp-json\/wp\/v2\/types\/product"}],"replies":[{"embeddable":true,"href":"https:\/\/e-adams.pl\/de\/wp-json\/wp\/v2\/comments?post=21014"}],"wp:featuredmedia":[{"embeddable":true,"href":"https:\/\/e-adams.pl\/de\/wp-json\/wp\/v2\/media\/22216"}],"wp:attachment":[{"href":"https:\/\/e-adams.pl\/de\/wp-json\/wp\/v2\/media?parent=21014"}],"wp:term":[{"taxonomy":"product_cat","embeddable":true,"href":"https:\/\/e-adams.pl\/de\/wp-json\/wp\/v2\/product_cat?post=21014"},{"taxonomy":"product_tag","embeddable":true,"href":"https:\/\/e-adams.pl\/de\/wp-json\/wp\/v2\/product_tag?post=21014"}],"curies":[{"name":"wp","href":"https:\/\/api.w.org\/{rel}","templated":true}]}}