{"id":21015,"date":"2023-09-12T12:11:40","date_gmt":"2023-09-12T10:11:40","guid":{"rendered":"https:\/\/e-adams.pl\/produkt\/mapeband-naroznik-wewnetrzny-90\/"},"modified":"2024-07-15T11:31:31","modified_gmt":"2024-07-15T09:31:31","slug":"naroznik-uszczelniajacy-mapeband-w-90","status":"publish","type":"product","link":"https:\/\/e-adams.pl\/de\/produkt\/naroznik-uszczelniajacy-mapeband-w-90\/","title":{"rendered":"Naro\u017cnik uszczelniaj\u0105cy MAPEBAND W 90"},"content":{"rendered":"<h3>OPIS:<\/h3>\n<p>Naro\u017cnik uszczelniaj\u0105cy MAPEBAND W to\u00a0 wewn\u0119trzny wodoszczelny, odporny na alkalia i starzenie, \u0142atwy w monta\u017cu, uformowany naro\u017cnik uszczelniaj\u0105cy, obustronnie wzmocniony w\u0142\u00f3knin\u0105 poliestrow\u0105. Produkt ten jest gumowan\u0105 ta\u015bm\u0105 naro\u017cn\u0105 do wykonywania wodochronnych zabezpiecze\u0144 wewn\u0105trz i na zewn\u0105trz budynk\u00f3w. Sprawd\u017a tak\u017ce ta\u015bmy i mankiety, kt\u00f3re uzupe\u0142ni\u0105 system hydroizolacyjny<\/p>\n<h3>DANE TECHNICZNE:<\/h3>\n<ul>\n<li>wytrzyma\u0142o\u015b\u0107 na rozci\u0105ganie: &gt; 2 N\/mm2;<\/li>\n<li>maksymalne wyd\u0142u\u017cenie: &gt; 400%;<\/li>\n<li>Kod EAN: 8022452113802<\/li>\n<li>temperatura u\u017cytkowania: od -30\u00b0C do +60\u00b0C;<\/li>\n<\/ul>\n","protected":false},"excerpt":{"rendered":"<p>Naro\u017cnik uszczelniaj\u0105cy MAPEBAND W to\u00a0 wewn\u0119trzny wodoszczelny, odporny na alkalia i starzenie, \u0142atwy w monta\u017cu, uformowany naro\u017cnik uszczelniaj\u0105cy, obustronnie wzmocniony w\u0142\u00f3knin\u0105 poliestrow\u0105. Produkt ten jest gumowan\u0105 ta\u015bm\u0105 naro\u017cn\u0105 do wykonywania wodochronnych zabezpiecze\u0144 wewn\u0105trz i na zewn\u0105trz budynk\u00f3w.<\/p>\n","protected":false},"featured_media":22465,"comment_status":"open","ping_status":"closed","template":"","meta":{"_acf_changed":false,"inline_featured_image":false},"product_cat":[1473],"product_tag":[2246,2250],"class_list":{"0":"post-21015","1":"product","2":"type-product","3":"status-publish","4":"has-post-thumbnail","6":"product_cat-tasmy-uszczelniajace-i-narozniki","7":"product_tag-mapeband","8":"product_tag-naroznik-uszczelniajacy","10":"first","11":"instock","12":"shipping-taxable","13":"purchasable","14":"product-type-simple"},"acf":[],"_links":{"self":[{"href":"https:\/\/e-adams.pl\/de\/wp-json\/wp\/v2\/product\/21015","targetHints":{"allow":["GET"]}}],"collection":[{"href":"https:\/\/e-adams.pl\/de\/wp-json\/wp\/v2\/product"}],"about":[{"href":"https:\/\/e-adams.pl\/de\/wp-json\/wp\/v2\/types\/product"}],"replies":[{"embeddable":true,"href":"https:\/\/e-adams.pl\/de\/wp-json\/wp\/v2\/comments?post=21015"}],"wp:featuredmedia":[{"embeddable":true,"href":"https:\/\/e-adams.pl\/de\/wp-json\/wp\/v2\/media\/22465"}],"wp:attachment":[{"href":"https:\/\/e-adams.pl\/de\/wp-json\/wp\/v2\/media?parent=21015"}],"wp:term":[{"taxonomy":"product_cat","embeddable":true,"href":"https:\/\/e-adams.pl\/de\/wp-json\/wp\/v2\/product_cat?post=21015"},{"taxonomy":"product_tag","embeddable":true,"href":"https:\/\/e-adams.pl\/de\/wp-json\/wp\/v2\/product_tag?post=21015"}],"curies":[{"name":"wp","href":"https:\/\/api.w.org\/{rel}","templated":true}]}}