{"id":21016,"date":"2023-09-12T12:11:40","date_gmt":"2023-09-12T10:11:40","guid":{"rendered":"https:\/\/e-adams.pl\/produkt\/mapeband-naroznik-zewnetrzny-270\/"},"modified":"2024-07-15T11:31:31","modified_gmt":"2024-07-15T09:31:31","slug":"naroznik-zewnetrzny-mapeband-270st","status":"publish","type":"product","link":"https:\/\/e-adams.pl\/de\/produkt\/naroznik-zewnetrzny-mapeband-270st\/","title":{"rendered":"Naro\u017cnik zewn\u0119trzny MAPEBAND 270st."},"content":{"rendered":"<h3>OPIS:<\/h3>\n<p>Naro\u017cnik zewn\u0119trzny MAPEBAND 270st. przeznaczony, jak ca\u0142y system, do stosowania wewn\u0105trz i na zewn\u0105trz. Charakteryzuje si\u0119 wysok\u0105 elastyczno\u015bci\u0105 i odkszta\u0142calno\u015bci\u0105, r\u00f3wnie\u017c w niskich temperaturach, a tak\u017ce odporno\u015bci\u0105 na zmienne warunki atmosferyczne. S\u0142u\u017cy do elastycznego, wodochronnego zabezpieczania naro\u017cy wewn\u0119trznych mi\u0119dzy \u015bcianami a pod\u0142og\u0105, przed wykonaniem pow\u0142ok uszczelniaj\u0105cych wewn\u0105trz i na zewn\u0105trz budynk\u00f3w.<\/p>\n<h3>DANE TECHNICZNE:<\/h3>\n<ul>\n<li>Rodzaj materia\u0142u: elastomer termoplastyczny w pe\u0142ni wzmocniony obustronnie w\u0142\u00f3knin\u0105 poliestrow\u0105.<\/li>\n<li>Kolor: niebieski.<\/li>\n<li>Szeroko\u015b\u0107 jednego ramienia od naro\u017cnika: 108 mm.<\/li>\n<li>Wysoko\u015b\u0107 od pod\u0142ogi: 90 mm<\/li>\n<li>Odporno\u015b\u0107 na temperatur\u0119: Od -30\u00b0C do +90\u00b0C.<\/li>\n<li>Opakowanie: 1 sztuka<\/li>\n<\/ul>\n","protected":false},"excerpt":{"rendered":"<p>Naro\u017cnik zewn\u0119trzny MAPEBAND 270st. przeznaczony, jak ca\u0142y system, do stosowania wewn\u0105trz i na zewn\u0105trz. Charakteryzuje si\u0119 wysok\u0105 elastyczno\u015bci\u0105 i odkszta\u0142calno\u015bci\u0105, r\u00f3wnie\u017c w niskich temperaturach, a tak\u017ce odporno\u015bci\u0105 na zmienne warunki atmosferyczne. S\u0142u\u017cy do elastycznego, wodochronnego zabezpieczania naro\u017cy wewn\u0119trznych mi\u0119dzy \u015bcianami a pod\u0142og\u0105, przed wykonaniem pow\u0142ok uszczelniaj\u0105cych wewn\u0105trz i na zewn\u0105trz budynk\u00f3w.<\/p>\n","protected":false},"featured_media":22467,"comment_status":"open","ping_status":"closed","template":"","meta":{"_acf_changed":false,"inline_featured_image":false},"product_cat":[1473],"product_tag":[2246,2251],"class_list":{"0":"post-21016","1":"product","2":"type-product","3":"status-publish","4":"has-post-thumbnail","6":"product_cat-tasmy-uszczelniajace-i-narozniki","7":"product_tag-mapeband","8":"product_tag-naroznik-zewnetrzny","10":"first","11":"instock","12":"shipping-taxable","13":"purchasable","14":"product-type-simple"},"acf":[],"_links":{"self":[{"href":"https:\/\/e-adams.pl\/de\/wp-json\/wp\/v2\/product\/21016","targetHints":{"allow":["GET"]}}],"collection":[{"href":"https:\/\/e-adams.pl\/de\/wp-json\/wp\/v2\/product"}],"about":[{"href":"https:\/\/e-adams.pl\/de\/wp-json\/wp\/v2\/types\/product"}],"replies":[{"embeddable":true,"href":"https:\/\/e-adams.pl\/de\/wp-json\/wp\/v2\/comments?post=21016"}],"wp:featuredmedia":[{"embeddable":true,"href":"https:\/\/e-adams.pl\/de\/wp-json\/wp\/v2\/media\/22467"}],"wp:attachment":[{"href":"https:\/\/e-adams.pl\/de\/wp-json\/wp\/v2\/media?parent=21016"}],"wp:term":[{"taxonomy":"product_cat","embeddable":true,"href":"https:\/\/e-adams.pl\/de\/wp-json\/wp\/v2\/product_cat?post=21016"},{"taxonomy":"product_tag","embeddable":true,"href":"https:\/\/e-adams.pl\/de\/wp-json\/wp\/v2\/product_tag?post=21016"}],"curies":[{"name":"wp","href":"https:\/\/api.w.org\/{rel}","templated":true}]}}