{"id":21017,"date":"2023-09-12T12:11:41","date_gmt":"2023-09-12T10:11:41","guid":{"rendered":"https:\/\/e-adams.pl\/produkt\/mapeband-w-rol-10mb\/"},"modified":"2025-06-23T13:02:55","modified_gmt":"2025-06-23T11:02:55","slug":"tasma-uszczelniajaca-mapei-mapeguard-w-10m","status":"publish","type":"product","link":"https:\/\/e-adams.pl\/de\/produkt\/tasma-uszczelniajaca-mapei-mapeguard-w-10m\/","title":{"rendered":"Ta\u015bma uszczelniaj\u0105ca MAPEI MAPEGUARD W 10m"},"content":{"rendered":"<h3>OPIS:<\/h3>\n<p>Ta\u015bma uszczelniaj\u0105ca MAPEI MAPEGUARD jest ta\u015bm\u0105 do uszczelniania szczelin dylatacyjnych i naro\u017cy, odporn\u0105 na dzia\u0142anie alkali\u00f3w. Przeznaczona jest do stosowania we wn\u0119trzach i na zewn\u0105trz. Doskonale sprawdza si\u0119 do wodochronnego zabezpieczania \u0142\u0105cze\u0144 pomi\u0119dzy \u015bcianami oraz pomi\u0119dzy \u015bcianami a pod\u0142og\u0105, przed wykonaniem izolacji z Mapegum WPS, Mapelastic lub Mapelastic Smart.<\/p>\n<p>Nadaje si\u0119 r\u00f3wnie\u017c do uszczelniania z\u0142\u0105czy dylatacyjnych na tarasach i balkonach oraz przej\u015b\u0107 rur i instalacji w \u0142azienkach, kabinach prysznicowych i kuchniach. Ta\u015bma charakteryzuje si\u0119 odporno\u015bci\u0105 na przenikanie wody i pary wodnej, wysok\u0105 elastyczno\u015bci\u0105 oraz niewra\u017cliwo\u015bci\u0105 na dzia\u0142anie chemikali\u00f3w i niekorzystnych warunk\u00f3w atmosferycznych. Zosta\u0142a cz\u0119\u015bciowo pokryta gum\u0105.<\/p>\n<p>&nbsp;<\/p>\n","protected":false},"excerpt":{"rendered":"<p>Ta\u015bma uszczelniaj\u0105ca MAPEI MAPEGUARD jest ta\u015bm\u0105 do uszczelniania szczelin dylatacyjnych i naro\u017cy, odporn\u0105 na dzia\u0142anie alkali\u00f3w. Przeznaczona jest do stosowania we wn\u0119trzach i na zewn\u0105trz. Doskonale sprawdza si\u0119 do wodochronnego zabezpieczania \u0142\u0105cze\u0144 pomi\u0119dzy \u015bcianami oraz pomi\u0119dzy \u015bcianami a pod\u0142og\u0105, przed wykonaniem izolacji z Mapegum WPS, Mapelastic lub Mapelastic Smart.<\/p>\n","protected":false},"featured_media":22194,"comment_status":"open","ping_status":"closed","template":"","meta":{"_acf_changed":false,"inline_featured_image":false},"product_cat":[2282],"product_tag":[2114,984,2068],"class_list":{"0":"post-21017","1":"product","2":"type-product","3":"status-publish","4":"has-post-thumbnail","6":"product_cat-tasmy-i-flizeliny","7":"product_tag-dylatacja","8":"product_tag-mapei","9":"product_tag-tasma-uszczelniajaca","11":"first","12":"instock","13":"shipping-taxable","14":"product-type-simple"},"acf":[],"_links":{"self":[{"href":"https:\/\/e-adams.pl\/de\/wp-json\/wp\/v2\/product\/21017","targetHints":{"allow":["GET"]}}],"collection":[{"href":"https:\/\/e-adams.pl\/de\/wp-json\/wp\/v2\/product"}],"about":[{"href":"https:\/\/e-adams.pl\/de\/wp-json\/wp\/v2\/types\/product"}],"replies":[{"embeddable":true,"href":"https:\/\/e-adams.pl\/de\/wp-json\/wp\/v2\/comments?post=21017"}],"wp:featuredmedia":[{"embeddable":true,"href":"https:\/\/e-adams.pl\/de\/wp-json\/wp\/v2\/media\/22194"}],"wp:attachment":[{"href":"https:\/\/e-adams.pl\/de\/wp-json\/wp\/v2\/media?parent=21017"}],"wp:term":[{"taxonomy":"product_cat","embeddable":true,"href":"https:\/\/e-adams.pl\/de\/wp-json\/wp\/v2\/product_cat?post=21017"},{"taxonomy":"product_tag","embeddable":true,"href":"https:\/\/e-adams.pl\/de\/wp-json\/wp\/v2\/product_tag?post=21017"}],"curies":[{"name":"wp","href":"https:\/\/api.w.org\/{rel}","templated":true}]}}