{"id":21019,"date":"2023-09-12T12:11:42","date_gmt":"2023-09-12T10:11:42","guid":{"rendered":"https:\/\/e-adams.pl\/produkt\/mapeband-w-mankiet-300x300\/"},"modified":"2024-05-10T11:02:41","modified_gmt":"2024-05-10T09:02:41","slug":"mankiet-uszczelniajacy-mapeband-300x300mm","status":"publish","type":"product","link":"https:\/\/e-adams.pl\/de\/produkt\/mankiet-uszczelniajacy-mapeband-300x300mm\/","title":{"rendered":"Mankiet uszczelniaj\u0105cy MAPEBAND 300x300mm"},"content":{"rendered":"<h3>OPIS:<\/h3>\n<p>Mankiet uszczelniaj\u0105cy MAPEBAND 300x300mm to \u0142atwo zatapialny mankiet uszczelniaj\u0105cy Mapei spory pozwoli Ci pousuwa\u0107 szczeliny w pobli\u017cu odp\u0142yw\u00f3w wody. \u015awietnie uzupe\u0142ni pozosta\u0142e cz\u0119\u015bci sk\u0142adaj\u0105ce si\u0119 na system izolacji podp\u0142ytkowych. Dzi\u0119ki wykonaniu z tkaniny poliestrowej o grubo\u015bci 2 mm towar wyr\u00f3\u017cnia si\u0119 du\u017c\u0105 spr\u0119\u017cysto\u015bci\u0105 i trwa\u0142o\u015bci\u0105.<\/p>\n<p>&nbsp;<\/p>\n<h3>DANE TECHNICZNE:<\/h3>\n<p>\u2022 Maksymalna temperatura robocza: 35\u00b0C<br \/>\n\u2022 Minimalna temperatura robocza: 5\u00b0C<br \/>\n\u2022 Materia\u0142: Poliester (PES)<br \/>\n\u2022 Ilo\u015b\u0107 w opakowaniu: 1szt.<br \/>\n\u2022 Kod produktu: 8022452113895<br \/>\n\u2022 Odporno\u015b\u0107 na temperatur\u0119:\u00a0Od -30\u00b0C do +90\u00b0C.<\/p>\n","protected":false},"excerpt":{"rendered":"<p>Mankiet uszczelniaj\u0105cy MAPEBAND 300x300mm to \u0142atwo zatapialny mankiet uszczelniaj\u0105cy Mapei spory pozwoli Ci pousuwa\u0107 szczeliny w pobli\u017cu odp\u0142yw\u00f3w wody. \u015awietnie uzupe\u0142ni pozosta\u0142e cz\u0119\u015bci sk\u0142adaj\u0105ce si\u0119 na system izolacji podp\u0142ytkowych. Dzi\u0119ki wykonaniu z tkaniny poliestrowej o grubo\u015bci 2 mm towar wyr\u00f3\u017cnia si\u0119 du\u017c\u0105 spr\u0119\u017cysto\u015bci\u0105 i trwa\u0142o\u015bci\u0105.<\/p>\n","protected":false},"featured_media":22456,"comment_status":"open","ping_status":"closed","template":"","meta":{"_acf_changed":false,"inline_featured_image":false},"product_cat":[1473],"product_tag":[2245,2246],"class_list":{"0":"post-21019","1":"product","2":"type-product","3":"status-publish","4":"has-post-thumbnail","6":"product_cat-tasmy-uszczelniajace-i-narozniki","7":"product_tag-mankiet-uszczelniajacy","8":"product_tag-mapeband","10":"first","11":"instock","12":"shipping-taxable","13":"purchasable","14":"product-type-simple"},"acf":[],"_links":{"self":[{"href":"https:\/\/e-adams.pl\/de\/wp-json\/wp\/v2\/product\/21019","targetHints":{"allow":["GET"]}}],"collection":[{"href":"https:\/\/e-adams.pl\/de\/wp-json\/wp\/v2\/product"}],"about":[{"href":"https:\/\/e-adams.pl\/de\/wp-json\/wp\/v2\/types\/product"}],"replies":[{"embeddable":true,"href":"https:\/\/e-adams.pl\/de\/wp-json\/wp\/v2\/comments?post=21019"}],"wp:featuredmedia":[{"embeddable":true,"href":"https:\/\/e-adams.pl\/de\/wp-json\/wp\/v2\/media\/22456"}],"wp:attachment":[{"href":"https:\/\/e-adams.pl\/de\/wp-json\/wp\/v2\/media?parent=21019"}],"wp:term":[{"taxonomy":"product_cat","embeddable":true,"href":"https:\/\/e-adams.pl\/de\/wp-json\/wp\/v2\/product_cat?post=21019"},{"taxonomy":"product_tag","embeddable":true,"href":"https:\/\/e-adams.pl\/de\/wp-json\/wp\/v2\/product_tag?post=21019"}],"curies":[{"name":"wp","href":"https:\/\/api.w.org\/{rel}","templated":true}]}}