{"id":21020,"date":"2023-09-12T12:11:43","date_gmt":"2023-09-12T10:11:43","guid":{"rendered":"https:\/\/e-adams.pl\/produkt\/mapegrunt-plus-1l\/"},"modified":"2024-07-15T11:31:12","modified_gmt":"2024-07-15T09:31:12","slug":"grunt-uniwersalny-mapegrunt-plus-1l","status":"publish","type":"product","link":"https:\/\/e-adams.pl\/de\/produkt\/grunt-uniwersalny-mapegrunt-plus-1l\/","title":{"rendered":"Grunt uniwersalny MAPEGRUNT PLUS 1l"},"content":{"rendered":"<h3>OPIS:<\/h3>\n<p>Grunt uniwersalny MAPEGRUNT PLUS jest szybkoschn\u0105cym, bezrozpuszczalnikowym, paroprzepuszczalnym\u00a0 i bezbarwnym po wyschni\u0119ciu preparatem gruntuj\u0105cym na bazie wodnej dyspersji \u017cywic syntetycznych,\u00a0 o wysokiej zdolno\u015bci penetracji i bardzo niskiej emisji lotnych zwi\u0105zk\u00f3w organicznych potwierdzonych certyfikatem GEV (EMICODE EC1PLUS).<br \/>\nMapegrunt Plus po na\u0142o\u017ceniu i wyschni\u0119ciu ogranicza, a tak\u017ce reguluje ch\u0142onno\u015b\u0107 pod\u0142o\u017ca (zapobiegaj\u0105c zbyt szybkiemu wysychaniu oraz powstawaniu mikrop\u0119kni\u0119\u0107 w aplikowanych warstwach), poprawia przyczepno\u015b\u0107\u00a0 i u\u0142atwia nanoszenie kolejnych warstw.<br \/>\nMapegrunt Plus konsoliduje powierzchniowo pod\u0142o\u017ce poprzez wi\u0105zanie cz\u0105stek mineralnych.<br \/>\nJest produktem niepalnym, wi\u0119c mo\u017ce by\u0107 aplikowany w pomieszczeniach zamkni\u0119tych, niewentylowanych, bez zachowania specjalnych \u015brodk\u00f3w ostro\u017cno\u015bci.<\/p>\n<h2><strong>W\u0141A\u015aCIWO\u015aCI TECHNICZNE:<\/strong><\/h2>\n<p>Mapegrunt Plus\u00a0jest szybkoschn\u0105cym, bezrozpuszczalnikowym, paroprzepuszczalnym, a po wyschni\u0119ciu bezbarwnym preparatem gruntuj\u0105cym.<\/p>\n<p>Po na\u0142o\u017ceniu i wyschni\u0119ciu ogranicza, a tak\u017ce reguluje ch\u0142onno\u015b\u0107 pod\u0142o\u017ca (zapobiegaj\u0105c zbyt szybkiemu wysychaniu oraz powstawaniu mikrop\u0119kni\u0119\u0107 w aplikowanych warstwach), poprawia przyczepno\u015b\u0107 i u\u0142atwia nanoszenie kolejnych warstw.<\/p>\n<h3><strong>DANE TECHNICZNE<\/strong><\/h3>\n<ul>\n<li><strong>Konsystencja<\/strong>: p\u0142ynna<\/li>\n<li><strong>Kolor<\/strong>: mleczny<\/li>\n<li><strong>Temperatura stosowania<\/strong>: od +5\u00b0C do +35\u00b0C<\/li>\n<li><strong>Czas schni\u0119cia<\/strong>: ok. 2 godz. (min. 15 min. przed rozpocz\u0119ciem klejenia p\u0142ytek ceramicznych)<\/li>\n<li><strong>Zu\u017cycie<\/strong>: 100-200 ml\/m\u00b2<\/li>\n<li><strong>Czyszczenie<\/strong>: wod\u0105<\/li>\n<li><strong>Przechowywanie<\/strong>: 12 miesi\u0119cy<\/li>\n<li><strong>Opakowanie<\/strong>: 1 l, 5 l, 10 l, 20 l<\/li>\n<\/ul>\n<p>&nbsp;<\/p>\n","protected":false},"excerpt":{"rendered":"<p>Grunt uniwersalny MAPEGRUNT PLUS jest szybkoschn\u0105cym, bezrozpuszczalnikowym, paroprzepuszczalnym\u00a0 i bezbarwnym po wyschni\u0119ciu preparatem gruntuj\u0105cym na bazie wodnej dyspersji \u017cywic syntetycznych,\u00a0 o wysokiej zdolno\u015bci penetracji i bardzo niskiej emisji lotnych zwi\u0105zk\u00f3w organicznych potwierdzonych certyfikatem GEV<\/p>\n","protected":false},"featured_media":22462,"comment_status":"open","ping_status":"closed","template":"","meta":{"_acf_changed":false,"inline_featured_image":false},"product_cat":[327],"product_tag":[2248,2249],"class_list":{"0":"post-21020","1":"product","2":"type-product","3":"status-publish","4":"has-post-thumbnail","6":"product_cat-grunty","7":"product_tag-grunt-uniwersalny","8":"product_tag-mapegrunt-plus","10":"first","11":"instock","12":"shipping-taxable","13":"purchasable","14":"product-type-simple"},"acf":[],"_links":{"self":[{"href":"https:\/\/e-adams.pl\/de\/wp-json\/wp\/v2\/product\/21020","targetHints":{"allow":["GET"]}}],"collection":[{"href":"https:\/\/e-adams.pl\/de\/wp-json\/wp\/v2\/product"}],"about":[{"href":"https:\/\/e-adams.pl\/de\/wp-json\/wp\/v2\/types\/product"}],"replies":[{"embeddable":true,"href":"https:\/\/e-adams.pl\/de\/wp-json\/wp\/v2\/comments?post=21020"}],"wp:featuredmedia":[{"embeddable":true,"href":"https:\/\/e-adams.pl\/de\/wp-json\/wp\/v2\/media\/22462"}],"wp:attachment":[{"href":"https:\/\/e-adams.pl\/de\/wp-json\/wp\/v2\/media?parent=21020"}],"wp:term":[{"taxonomy":"product_cat","embeddable":true,"href":"https:\/\/e-adams.pl\/de\/wp-json\/wp\/v2\/product_cat?post=21020"},{"taxonomy":"product_tag","embeddable":true,"href":"https:\/\/e-adams.pl\/de\/wp-json\/wp\/v2\/product_tag?post=21020"}],"curies":[{"name":"wp","href":"https:\/\/api.w.org\/{rel}","templated":true}]}}