{"id":21022,"date":"2023-09-12T12:11:45","date_gmt":"2023-09-12T10:11:45","guid":{"rendered":"https:\/\/e-adams.pl\/produkt\/mapeguard-pc-28-50-mm-mankiet-uszczelniajacy-rozmiar-zew-170x170mm\/"},"modified":"2024-07-15T11:31:30","modified_gmt":"2024-07-15T09:31:30","slug":"mankiet-uszczelniajacy-mapeguard-pc-28-50mm","status":"publish","type":"product","link":"https:\/\/e-adams.pl\/de\/produkt\/mankiet-uszczelniajacy-mapeguard-pc-28-50mm\/","title":{"rendered":"Mankiet uszczelniaj\u0105cy MAPEGUARD PC 28-50mm"},"content":{"rendered":"<h3>OPIS:<\/h3>\n<p>Mankiet uszczelniaj\u0105cy MAPEI MAPEGUARD to wodoodporny, odporny na alkalia, stosowany do hydroizolacji pomieszcze\u0144 wilgotnych i mokrych wewn\u0105trz budynk\u00f3w, na pod\u0142o\u017cach przeznaczonych do instalacji ceramicznych, kamiennych lub LVT. Jest idealny do elastycznego, wodochronnego zabezpieczania odp\u0142yw\u00f3w i przej\u015b\u0107 rur o \u015brednicy 28-50mm. Dzi\u0119ki elastycznej uszczelce po\u015brodku mankietu, bardzo dok\u0142adnie przylega do rur.<\/p>\n<h3>DANE TECHNICZNE:<\/h3>\n<ul>\n<li><strong>Wymiar zewn\u0119trzny<\/strong>: 170 x 170 mm,<\/li>\n<li><strong>Wymiar \u015brednicy rury<\/strong>: 28-50 mm,<\/li>\n<li><strong>Materia\u0142<\/strong>: polietylen, obustronnie pokryty w\u0142\u00f3knin\u0105 polipropylenow\u0105,<\/li>\n<li><strong>Kolor<\/strong>: niebieski.<\/li>\n<\/ul>\n","protected":false},"excerpt":{"rendered":"<p>Mankiet uszczelniaj\u0105cy MAPEI MAPEGUARD to wodoodporny, odporny na alkalia, stosowany do hydroizolacji pomieszcze\u0144 wilgotnych i mokrych wewn\u0105trz budynk\u00f3w, na pod\u0142o\u017cach przeznaczonych do instalacji ceramicznych, kamiennych lub LVT. Jest idealny do elastycznego, wodochronnego zabezpieczania odp\u0142yw\u00f3w i przej\u015b\u0107 rur o \u015brednicy 28-50mm. Dzi\u0119ki elastycznej uszczelce po\u015brodku mankietu, bardzo dok\u0142adnie przylega do rur.<\/p>\n","protected":false},"featured_media":22459,"comment_status":"open","ping_status":"closed","template":"","meta":{"_acf_changed":false,"inline_featured_image":false},"product_cat":[1473],"product_tag":[2245,2247],"class_list":{"0":"post-21022","1":"product","2":"type-product","3":"status-publish","4":"has-post-thumbnail","6":"product_cat-tasmy-uszczelniajace-i-narozniki","7":"product_tag-mankiet-uszczelniajacy","8":"product_tag-mapeguard","10":"first","11":"outofstock","12":"shipping-taxable","13":"purchasable","14":"product-type-simple"},"acf":[],"_links":{"self":[{"href":"https:\/\/e-adams.pl\/de\/wp-json\/wp\/v2\/product\/21022","targetHints":{"allow":["GET"]}}],"collection":[{"href":"https:\/\/e-adams.pl\/de\/wp-json\/wp\/v2\/product"}],"about":[{"href":"https:\/\/e-adams.pl\/de\/wp-json\/wp\/v2\/types\/product"}],"replies":[{"embeddable":true,"href":"https:\/\/e-adams.pl\/de\/wp-json\/wp\/v2\/comments?post=21022"}],"wp:featuredmedia":[{"embeddable":true,"href":"https:\/\/e-adams.pl\/de\/wp-json\/wp\/v2\/media\/22459"}],"wp:attachment":[{"href":"https:\/\/e-adams.pl\/de\/wp-json\/wp\/v2\/media?parent=21022"}],"wp:term":[{"taxonomy":"product_cat","embeddable":true,"href":"https:\/\/e-adams.pl\/de\/wp-json\/wp\/v2\/product_cat?post=21022"},{"taxonomy":"product_tag","embeddable":true,"href":"https:\/\/e-adams.pl\/de\/wp-json\/wp\/v2\/product_tag?post=21022"}],"curies":[{"name":"wp","href":"https:\/\/api.w.org\/{rel}","templated":true}]}}