{"id":21023,"date":"2023-09-12T12:11:47","date_gmt":"2023-09-12T10:11:47","guid":{"rendered":"https:\/\/e-adams.pl\/produkt\/masa-do-laczenia-plyt-g-k-smig-c-50-15kg\/"},"modified":"2024-07-15T11:31:16","modified_gmt":"2024-07-15T09:31:16","slug":"gotowa-masa-szpachlowa-smig-c-50-15kg","status":"publish","type":"product","link":"https:\/\/e-adams.pl\/de\/produkt\/gotowa-masa-szpachlowa-smig-c-50-15kg\/","title":{"rendered":"Gotowa masa szpachlowa \u015aMIG C-50 1,5kg"},"content":{"rendered":"<h3>OPIS:<\/h3>\n<p>Gotowa masa szpachlowa \u015aMIG C-50 przeznaczona jest do spoinowania p\u0142yt gipsowo-kartonowych zar\u00f3wno o profilu fabrycznym, jak r\u00f3wnie\u017c o kraw\u0119dziach r\u0119cznie fazowanych. Jej wysoka elastyczno\u015b\u0107 i wytrzyma\u0142o\u015b\u0107 zapewnia trwa\u0142o\u015b\u0107 po\u0142\u0105cze\u0144 bez konieczno\u015bci stosowania ta\u015bmy wzmacniaj\u0105cej. \u015aMIG C-50 s\u0142u\u017cy tak\u017ce do uzupe\u0142niania p\u0119kni\u0119\u0107, rys i ubytk\u00f3w powsta\u0142ych na powierzchni \u015bcian i sufit\u00f3w.<\/p>\n<p>\u015aMIG C-50 zar\u00f3wno w postaci mokrej pasty, jak i po zwi\u0105zaniu i wyschni\u0119ciu ma kolor bia\u0142y. Masa \u015aMIG C-50 dzi\u0119ki polimerowym sieciom powi\u0105za\u0144 po wyschni\u0119ciu i zwi\u0105zaniu jest wysoce elastyczna i odporna na sp\u0119kania.<\/p>\n<p>UWAGA! Produkt osi\u0105ga trwa\u0142o\u015b\u0107 struktury, elastyczno\u015b\u0107 i odpowiedni\u0105 przyczepno\u015b\u0107 dopiero po ca\u0142kowitym wyschni\u0119ciu oraz zako\u0144czeniu procesu wi\u0105zania.<\/p>\n<h3>DANE TECHNICZNE:<\/h3>\n<p>\u2022 \u015arednie zu\u017cycie: ok. 0,5 kg\/m\u00b2<br \/>\n\u2022 Ilo\u015b\u0107 warstw: od 1 do 3<br \/>\n\u2022 \u015aredni czas schni\u0119cia 1 warstwy: 1-2 h w przypadku warstwy o grubo\u015bci 1 mm<br \/>\n\u2022 EAN: 5900508020058<br \/>\n\u2022 Zalecana grubo\u015b\u0107 1 warstwy: 5 mm<\/p>\n","protected":false},"excerpt":{"rendered":"<p>Gotowa masa szpachlowa \u015aMIG C-50 przeznaczona jest do spoinowania p\u0142yt gipsowo-kartonowych zar\u00f3wno o profilu fabrycznym, jak r\u00f3wnie\u017c o kraw\u0119dziach r\u0119cznie fazowanych. Jej wysoka elastyczno\u015b\u0107 i wytrzyma\u0142o\u015b\u0107 zapewnia trwa\u0142o\u015b\u0107 po\u0142\u0105cze\u0144 bez konieczno\u015bci stosowania ta\u015bmy wzmacniaj\u0105cej. \u015aMIG C-50 s\u0142u\u017cy tak\u017ce do uzupe\u0142niania p\u0119kni\u0119\u0107, rys i ubytk\u00f3w powsta\u0142ych na powierzchni \u015bcian i sufit\u00f3w.<\/p>\n","protected":false},"featured_media":22489,"comment_status":"open","ping_status":"closed","template":"","meta":{"_acf_changed":false,"inline_featured_image":false},"product_cat":[275],"product_tag":[2090,2264],"class_list":{"0":"post-21023","1":"product","2":"type-product","3":"status-publish","4":"has-post-thumbnail","6":"product_cat-gipsy-zaprawy","7":"product_tag-gotowa-masa-szpachlowa","8":"product_tag-smig","10":"first","11":"instock","12":"shipping-taxable","13":"purchasable","14":"product-type-simple"},"acf":[],"_links":{"self":[{"href":"https:\/\/e-adams.pl\/de\/wp-json\/wp\/v2\/product\/21023","targetHints":{"allow":["GET"]}}],"collection":[{"href":"https:\/\/e-adams.pl\/de\/wp-json\/wp\/v2\/product"}],"about":[{"href":"https:\/\/e-adams.pl\/de\/wp-json\/wp\/v2\/types\/product"}],"replies":[{"embeddable":true,"href":"https:\/\/e-adams.pl\/de\/wp-json\/wp\/v2\/comments?post=21023"}],"wp:featuredmedia":[{"embeddable":true,"href":"https:\/\/e-adams.pl\/de\/wp-json\/wp\/v2\/media\/22489"}],"wp:attachment":[{"href":"https:\/\/e-adams.pl\/de\/wp-json\/wp\/v2\/media?parent=21023"}],"wp:term":[{"taxonomy":"product_cat","embeddable":true,"href":"https:\/\/e-adams.pl\/de\/wp-json\/wp\/v2\/product_cat?post=21023"},{"taxonomy":"product_tag","embeddable":true,"href":"https:\/\/e-adams.pl\/de\/wp-json\/wp\/v2\/product_tag?post=21023"}],"curies":[{"name":"wp","href":"https:\/\/api.w.org\/{rel}","templated":true}]}}