{"id":21027,"date":"2023-09-12T12:11:50","date_gmt":"2023-09-12T10:11:50","guid":{"rendered":"https:\/\/e-adams.pl\/produkt\/noz-do-gladzi-1000mm-a-1-6395\/"},"modified":"2024-05-10T11:02:23","modified_gmt":"2024-05-10T09:02:23","slug":"noz-do-gladzi-solid-1000mm","status":"publish","type":"product","link":"https:\/\/e-adams.pl\/de\/produkt\/noz-do-gladzi-solid-1000mm\/","title":{"rendered":"N\u00f3\u017c do g\u0142adzi SOLID 1000mm"},"content":{"rendered":"<h3>OPIS:<\/h3>\n<p>N\u00f3\u017c do g\u0142adzi <a href=\"https:\/\/e-adams.pl\/solid\/\">SOLID<\/a> jest narz\u0119dziem przygotowanym z my\u015bl\u0105 o pracach zwi\u0105zanych ze szpachlowaniem \u015bcian i sufit\u00f3w. Zastosowanie spr\u0119\u017cystego ostrza pozwala na rozprowadzanie g\u0142adzi bardzo cienk\u0105 warstw\u0105, a tak\u017ce na dok\u0142adne doci\u015bni\u0119cie jej na ca\u0142ej powierzchni szpachli. Specjalnie zaokr\u0105glone boki sprawiaj\u0105, \u017ce n\u00f3\u017c nie rysuje powierzchni. Ostrze zespojono z wygodnym i ergonomicznym uchwytem, kt\u00f3ry znacz\u0105co podnosi komfort pracy.<\/p>\n<p>No\u017ce , to narz\u0119dzia r\u0119czne wykorzystywane g\u0142\u00f3wnie w pracach wyko\u0144czeniowych i budowlanych. Maj\u0105 one p\u0142askie, stalowe ostrza z jednej strony, a z drugiej r\u0119koje\u015b\u0107, kt\u00f3ra umo\u017cliwia precyzyjne i skuteczne usuwanie nier\u00f3wno\u015bci i wyr\u00f3wnywanie powierzchni materia\u0142\u00f3w budowlanych.<\/p>\n<h3>DANE TECHNICZNE:<\/h3>\n<p>\u2022 Kod producenta: 6395<br \/>\n\u2022 Kod kreskowy: 5903076908193<br \/>\n\u2022 Marka: Solid<br \/>\n\u2022 Rodzaj produktu: szpachla<br \/>\n\u2022 Waga: 0.9 kg<\/p>\n","protected":false},"excerpt":{"rendered":"<p>N\u00f3\u017c do g\u0142adzi SOLID jest narz\u0119dziem przygotowanym z my\u015bl\u0105 o pracach zwi\u0105zanych ze szpachlowaniem \u015bcian i sufit\u00f3w. Zastosowanie spr\u0119\u017cystego ostrza pozwala na rozprowadzanie g\u0142adzi bardzo cienk\u0105 warstw\u0105, a tak\u017ce na dok\u0142adne doci\u015bni\u0119cie jej na ca\u0142ej powierzchni szpachli. Specjalnie zaokr\u0105glone boki sprawiaj\u0105, \u017ce n\u00f3\u017c nie rysuje powierzchni. Ostrze zespojono z wygodnym i ergonomicznym uchwytem, kt\u00f3ry znacz\u0105co podnosi komfort pracy.<\/p>\n","protected":false},"featured_media":22078,"comment_status":"open","ping_status":"closed","template":"","meta":{"_acf_changed":false,"inline_featured_image":false},"product_cat":[196],"product_tag":[1862,1815],"class_list":{"0":"post-21027","1":"product","2":"type-product","3":"status-publish","4":"has-post-thumbnail","6":"product_cat-narzedzia-reczne","7":"product_tag-noz-do-gladzi","8":"product_tag-solid","10":"first","11":"outofstock","12":"shipping-taxable","13":"purchasable","14":"product-type-simple"},"acf":[],"_links":{"self":[{"href":"https:\/\/e-adams.pl\/de\/wp-json\/wp\/v2\/product\/21027","targetHints":{"allow":["GET"]}}],"collection":[{"href":"https:\/\/e-adams.pl\/de\/wp-json\/wp\/v2\/product"}],"about":[{"href":"https:\/\/e-adams.pl\/de\/wp-json\/wp\/v2\/types\/product"}],"replies":[{"embeddable":true,"href":"https:\/\/e-adams.pl\/de\/wp-json\/wp\/v2\/comments?post=21027"}],"wp:featuredmedia":[{"embeddable":true,"href":"https:\/\/e-adams.pl\/de\/wp-json\/wp\/v2\/media\/22078"}],"wp:attachment":[{"href":"https:\/\/e-adams.pl\/de\/wp-json\/wp\/v2\/media?parent=21027"}],"wp:term":[{"taxonomy":"product_cat","embeddable":true,"href":"https:\/\/e-adams.pl\/de\/wp-json\/wp\/v2\/product_cat?post=21027"},{"taxonomy":"product_tag","embeddable":true,"href":"https:\/\/e-adams.pl\/de\/wp-json\/wp\/v2\/product_tag?post=21027"}],"curies":[{"name":"wp","href":"https:\/\/api.w.org\/{rel}","templated":true}]}}