{"id":21029,"date":"2023-09-12T12:11:51","date_gmt":"2023-09-12T10:11:51","guid":{"rendered":"https:\/\/e-adams.pl\/produkt\/noz-do-gladzi-anod-czarny-1000mm-6415\/"},"modified":"2024-05-10T11:02:40","modified_gmt":"2024-05-10T09:02:40","slug":"noz-do-gladzi-solid-100cm-czarny","status":"publish","type":"product","link":"https:\/\/e-adams.pl\/de\/produkt\/noz-do-gladzi-solid-100cm-czarny\/","title":{"rendered":"N\u00f3\u017c do g\u0142adzi SOLID 100cm czarny"},"content":{"rendered":"<h3>OPIS:<\/h3>\n<p>N\u00f3\u017c do g\u0142adzi <a href=\"https:\/\/e-adams.pl\/solid\/\">SOLID Professional Series<\/a> 1000mm to narz\u0119dzia u\u017cywane w pracy z materia\u0142ami budowlanymi i remontowymi, zw\u0142aszcza podczas malowania, szpachlowania \u015bcian i innych prac wyko\u0144czeniowych. S\u0142u\u017c\u0105 do nak\u0142adania, rozprowadzania i g\u0142adzenia masy szpachlowej, gipsowej lub innych materia\u0142\u00f3w na powierzchniach, aby uzyska\u0107 g\u0142adki i r\u00f3wny wygl\u0105d.<\/p>\n<p>No\u017ce do szpachli maj\u0105 zazwyczaj p\u0142ask\u0105, metalow\u0105 g\u0142owic\u0119, kt\u00f3ra jest montowana na drewnianym lub plastikowym uchwycie. Rozmiar i kszta\u0142t g\u0142owicy mog\u0105 si\u0119 r\u00f3\u017cni\u0107, w zale\u017cno\u015bci od konkretnej aplikacji i preferencji u\u017cytkownika. Istniej\u0105 no\u017ce do szpachli o r\u00f3\u017cnych szeroko\u015bciach, kt\u00f3re umo\u017cliwiaj\u0105 precyzyjne dostosowanie do rozmiaru i rodzaju pracy. Szerokie no\u017ce s\u0105 cz\u0119sto u\u017cywane do nak\u0142adania masy szpachlowej na wi\u0119ksze obszary \u015bcian, podczas gdy w\u0119\u017csze no\u017ce s\u0105 przydatne do precyzyjnego g\u0142adzenia i wyka\u0144czania.<\/p>\n<h2>Cechy produktu:<\/h2>\n<ul>\n<li style=\"list-style-type: none;\">\n<ul>\n<li>N\u00f3\u017c przeznaczony do szpachlowania \u015bcian i sufit\u00f3w.<\/li>\n<li>Spr\u0119\u017cyste ostrze umo\u017cliwia rozprowadzenie masy bardzo cienk\u0105 warstw\u0105 oraz docisk na ca\u0142ej powierzchni szpachli.<\/li>\n<li>Ostrze z zaokr\u0105glonymi bokami nie rysuje pod\u0142o\u017ca.<\/li>\n<li>Profil aluminiowy o podwy\u017cszonej sztywno\u015bci.<\/li>\n<li>Ergonomiczny kszta\u0142t uchwytu umo\u017cliwia prac\u0119 jedn\u0105 lub obiema r\u0119kami.<\/li>\n<li>Ostrze zespojone z uchwytem.\n<ul>\n<li><b>Szeroko\u015b\u0107:\u00a0<\/b>1000mm<\/li>\n<li><b>Materia\u0142:\u00a0<\/b>stal nierdzewna 0,3mm; kwasoodporna<\/li>\n<li><b>Kod produktu:\u00a0<\/b>6415<\/li>\n<\/ul>\n<\/li>\n<\/ul>\n<\/li>\n<\/ul>\n","protected":false},"excerpt":{"rendered":"<p>N\u00f3\u017c do g\u0142adzi SOLID Professional Series 1000mm to narz\u0119dzia u\u017cywane w pracy z materia\u0142ami budowlanymi i remontowymi, zw\u0142aszcza podczas malowania, szpachlowania \u015bcian i innych prac wyko\u0144czeniowych. S\u0142u\u017c\u0105 do nak\u0142adania, rozprowadzania i g\u0142adzenia masy szpachlowej, gipsowej lub innych materia\u0142\u00f3w na powierzchniach, aby uzyska\u0107 g\u0142adki i r\u00f3wny wygl\u0105d.<\/p>\n","protected":false},"featured_media":22105,"comment_status":"open","ping_status":"closed","template":"","meta":{"_acf_changed":false,"inline_featured_image":false},"product_cat":[196],"product_tag":[1862,2074],"class_list":{"0":"post-21029","1":"product","2":"type-product","3":"status-publish","4":"has-post-thumbnail","6":"product_cat-narzedzia-reczne","7":"product_tag-noz-do-gladzi","8":"product_tag-solid-professional-series","10":"first","11":"instock","12":"shipping-taxable","13":"purchasable","14":"product-type-simple"},"acf":[],"_links":{"self":[{"href":"https:\/\/e-adams.pl\/de\/wp-json\/wp\/v2\/product\/21029","targetHints":{"allow":["GET"]}}],"collection":[{"href":"https:\/\/e-adams.pl\/de\/wp-json\/wp\/v2\/product"}],"about":[{"href":"https:\/\/e-adams.pl\/de\/wp-json\/wp\/v2\/types\/product"}],"replies":[{"embeddable":true,"href":"https:\/\/e-adams.pl\/de\/wp-json\/wp\/v2\/comments?post=21029"}],"wp:featuredmedia":[{"embeddable":true,"href":"https:\/\/e-adams.pl\/de\/wp-json\/wp\/v2\/media\/22105"}],"wp:attachment":[{"href":"https:\/\/e-adams.pl\/de\/wp-json\/wp\/v2\/media?parent=21029"}],"wp:term":[{"taxonomy":"product_cat","embeddable":true,"href":"https:\/\/e-adams.pl\/de\/wp-json\/wp\/v2\/product_cat?post=21029"},{"taxonomy":"product_tag","embeddable":true,"href":"https:\/\/e-adams.pl\/de\/wp-json\/wp\/v2\/product_tag?post=21029"}],"curies":[{"name":"wp","href":"https:\/\/api.w.org\/{rel}","templated":true}]}}