{"id":21032,"date":"2023-09-12T12:11:53","date_gmt":"2023-09-12T10:11:53","guid":{"rendered":"https:\/\/e-adams.pl\/produkt\/noz-do-gladzi-anod-czarny-800mm-6414\/"},"modified":"2024-02-15T11:49:32","modified_gmt":"2024-02-15T10:49:32","slug":"noz-do-gladzi-solid-anodowany-800mm-czarny","status":"publish","type":"product","link":"https:\/\/e-adams.pl\/de\/produkt\/noz-do-gladzi-solid-anodowany-800mm-czarny\/","title":{"rendered":"N\u00f3\u017c do g\u0142adzi SOLID anodowany &#8211; 800mm czarny"},"content":{"rendered":"<h3>OPIS:<\/h3>\n<p>N\u00f3\u017c do g\u0142adzi firmy SOLID , profesjonalny wykonany z wysokiej jako\u015bci stali nierdzewnej oraz aluminiowym uchwytem. Podobnie do wszystkich narz\u0119dzi z <a href=\"https:\/\/e-adams.pl\/solid\/\">firmy SOLID<\/a> kielnia to produkt najwy\u017cszej jako\u015bci przeznaczony profesjonalist\u00f3w oraz majsterkowicz\u00f3w ceni\u0105cych sobie niezawodno\u015b\u0107 i najwy\u017cszy poziom wykonania.<\/p>\n<h2>Zastosowanie:<\/h2>\n<ul>\n<li>Szpachlowanie \u015bcian i sufit\u00f3w<\/li>\n<li>Spr\u0119\u017cyste ostrze\u00a0umo\u017cliwia rozprowadzenie masy bardzo cienk\u0105 warstw\u0105 oraz docisk\u00a0na ca\u0142ej powierzchni szpachli<\/li>\n<li>Ostrze\u00a0z zaokr\u0105glonymi bokami\u00a0nie rysuje pod\u0142o\u017ca<\/li>\n<li>Aluminiowy\u00a0ergonomiczny uchwyt<\/li>\n<li>Ergonomiczny kszta\u0142t\u00a0uchwytu umo\u017cliwia prac\u0119 jedn\u0105 lub obiema r\u0119kami<\/li>\n<li>Ostrze\u00a0zespojone\u00a0z uchwytem<\/li>\n<\/ul>\n<h3>Dane techniczne:<\/h3>\n<ul>\n<li>Szeroko\u015b\u0107 no\u017cy: 800 mm<\/li>\n<li>Blacha: nierdzewna, kwasoodporna<\/li>\n<li>Grubo\u015b\u0107 blachy: 0,3 mm<\/li>\n<li>R\u0105czka: aluminiowa<\/li>\n<\/ul>\n","protected":false},"excerpt":{"rendered":"<p>N\u00f3\u017c do g\u0142adzi firmy SOLID , profesjonalny wykonany z wysokiej jako\u015bci stali nierdzewnej oraz aluminiowym uchwytem. Podobnie do wszystkich narz\u0119dzi z <a href=\"https:\/\/e-adams.pl\/solid\/\">firmy SOLID<\/a> kielnia to produkt najwy\u017cszej jako\u015bci przeznaczony profesjonalist\u00f3w oraz majsterkowicz\u00f3w ceni\u0105cych sobie niezawodno\u015b\u0107 i najwy\u017cszy poziom wykonania.<\/p>\n","protected":false},"featured_media":21518,"comment_status":"open","ping_status":"closed","template":"","meta":{"_acf_changed":false,"inline_featured_image":false},"product_cat":[196],"product_tag":[1864,1863,1862,1815],"class_list":{"0":"post-21032","1":"product","2":"type-product","3":"status-publish","4":"has-post-thumbnail","6":"product_cat-narzedzia-reczne","7":"product_tag-aluminiowy","8":"product_tag-niezawodnosc","9":"product_tag-noz-do-gladzi","10":"product_tag-solid","12":"first","13":"instock","14":"shipping-taxable","15":"purchasable","16":"product-type-simple"},"acf":[],"_links":{"self":[{"href":"https:\/\/e-adams.pl\/de\/wp-json\/wp\/v2\/product\/21032","targetHints":{"allow":["GET"]}}],"collection":[{"href":"https:\/\/e-adams.pl\/de\/wp-json\/wp\/v2\/product"}],"about":[{"href":"https:\/\/e-adams.pl\/de\/wp-json\/wp\/v2\/types\/product"}],"replies":[{"embeddable":true,"href":"https:\/\/e-adams.pl\/de\/wp-json\/wp\/v2\/comments?post=21032"}],"wp:featuredmedia":[{"embeddable":true,"href":"https:\/\/e-adams.pl\/de\/wp-json\/wp\/v2\/media\/21518"}],"wp:attachment":[{"href":"https:\/\/e-adams.pl\/de\/wp-json\/wp\/v2\/media?parent=21032"}],"wp:term":[{"taxonomy":"product_cat","embeddable":true,"href":"https:\/\/e-adams.pl\/de\/wp-json\/wp\/v2\/product_cat?post=21032"},{"taxonomy":"product_tag","embeddable":true,"href":"https:\/\/e-adams.pl\/de\/wp-json\/wp\/v2\/product_tag?post=21032"}],"curies":[{"name":"wp","href":"https:\/\/api.w.org\/{rel}","templated":true}]}}