{"id":21034,"date":"2023-09-12T12:11:54","date_gmt":"2023-09-12T10:11:54","guid":{"rendered":"https:\/\/e-adams.pl\/produkt\/paca-130-250-z-filcem-polerskim-8mm-a-20-6044\/"},"modified":"2024-07-15T11:31:18","modified_gmt":"2024-07-15T09:31:18","slug":"paca-z-filcem-polerskim-solid-130-250-8mm","status":"publish","type":"product","link":"https:\/\/e-adams.pl\/de\/produkt\/paca-z-filcem-polerskim-solid-130-250-8mm\/","title":{"rendered":"Paca z filcem polerskim SOLID 130\/250 8mm"},"content":{"rendered":"<h3>OPIS:<\/h3>\n<p>Paca z filcem polerskim\u00a0<a href=\"https:\/\/e-adams.pl\/solid\">SOLID<\/a> przeznaczona jest\u00a0do zacierania i wyg\u0142adzania tynku, zapraw. Uchwyt zosta\u0142 wykonany z wysokiej jako\u015bci tworzywa sztucznego, a cz\u0119\u015b\u0107 robocza pokryta filcem o grubo\u015bci 8 mm. Wykona z wysokiej jako\u015bci\u00a0naturalnego filcu,\u00a0kt\u00f3ry w por\u00f3wnaniu z sztucznym zachowuje du\u017c\u0105 spr\u0119\u017cysto\u015b\u0107<\/p>\n<p>Produkt ze wzgl\u0119du na swoj\u0105\u00a0lekko\u015b\u0107\u00a0oraz\u00a0por\u0119czny uchwyt\u00a0zapewnia\u00a0wygod\u0119 u\u017cytkowania.<\/p>\n<h3>DANE TECHNICZNE:<\/h3>\n<p>\u2022 D\u0142ugo\u015b\u0107:: 250 mm<br \/>\n\u2022 Szeroko\u015b\u0107: 130 mm<br \/>\n\u2022 Grubo\u015b\u0107: 8 mm<br \/>\n\u2022 Indeks producenta: 6044<br \/>\n\u2022 Kod EAN: 5906554513933<\/p>\n","protected":false},"excerpt":{"rendered":"<p>Paca z filcem polerskim\u00a0SOLID przeznaczona jest\u00a0do zacierania i wyg\u0142adzania tynku, zapraw. Uchwyt zosta\u0142 wykonany z wysokiej jako\u015bci tworzywa sztucznego, a cz\u0119\u015b\u0107 robocza pokryta filcem o grubo\u015bci 8 mm. Wykona z wysokiej jako\u015bci\u00a0naturalnego filcu,\u00a0kt\u00f3ry w por\u00f3wnaniu z sztucznym zachowuje du\u017c\u0105 spr\u0119\u017cysto\u015b\u0107<\/p>\n","protected":false},"featured_media":22416,"comment_status":"open","ping_status":"closed","template":"","meta":{"_acf_changed":false,"inline_featured_image":false},"product_cat":[196],"product_tag":[2232,1815],"class_list":{"0":"post-21034","1":"product","2":"type-product","3":"status-publish","4":"has-post-thumbnail","6":"product_cat-narzedzia-reczne","7":"product_tag-paca-z-filcem-polerskim","8":"product_tag-solid","10":"first","11":"instock","12":"shipping-taxable","13":"purchasable","14":"product-type-simple"},"acf":[],"_links":{"self":[{"href":"https:\/\/e-adams.pl\/de\/wp-json\/wp\/v2\/product\/21034","targetHints":{"allow":["GET"]}}],"collection":[{"href":"https:\/\/e-adams.pl\/de\/wp-json\/wp\/v2\/product"}],"about":[{"href":"https:\/\/e-adams.pl\/de\/wp-json\/wp\/v2\/types\/product"}],"replies":[{"embeddable":true,"href":"https:\/\/e-adams.pl\/de\/wp-json\/wp\/v2\/comments?post=21034"}],"wp:featuredmedia":[{"embeddable":true,"href":"https:\/\/e-adams.pl\/de\/wp-json\/wp\/v2\/media\/22416"}],"wp:attachment":[{"href":"https:\/\/e-adams.pl\/de\/wp-json\/wp\/v2\/media?parent=21034"}],"wp:term":[{"taxonomy":"product_cat","embeddable":true,"href":"https:\/\/e-adams.pl\/de\/wp-json\/wp\/v2\/product_cat?post=21034"},{"taxonomy":"product_tag","embeddable":true,"href":"https:\/\/e-adams.pl\/de\/wp-json\/wp\/v2\/product_tag?post=21034"}],"curies":[{"name":"wp","href":"https:\/\/api.w.org\/{rel}","templated":true}]}}