{"id":21037,"date":"2023-09-12T12:11:57","date_gmt":"2023-09-12T10:11:57","guid":{"rendered":"https:\/\/e-adams.pl\/produkt\/paca-130-250-z-gabka-gumowa-zolta-18mm-a-12-5360\/"},"modified":"2024-07-15T11:31:18","modified_gmt":"2024-07-15T09:31:18","slug":"paca-z-gabka-gumowa-solid-130-250-zolta","status":"publish","type":"product","link":"https:\/\/e-adams.pl\/de\/produkt\/paca-z-gabka-gumowa-solid-130-250-zolta\/","title":{"rendered":"Paca z g\u0105bk\u0105 gumow\u0105 SOLID 130\/250 \u017c\u00f3\u0142t\u0105"},"content":{"rendered":"<h3>OPIS:<\/h3>\n<p>Paca z g\u0105bk\u0105 gumow\u0105 <a href=\"https:\/\/e-adams.pl\/solid\">SOLID<\/a> \u017c\u00f3\u0142t\u0105 to produkt dedykowany do zacierania tynk\u00f3w na mokro . Produkt zosta\u0142 wykonany z\u00a0wysokogatunkowego\u00a0tworzywa sztucznego, a jego cz\u0119\u015b\u0107 robocza pokryta jest g\u0105bk\u0105 gumow\u0105\u00a0rzadk\u0105\u00a0z du\u017c\u0105 zawarto\u015bci\u0105 kauczuku. Ergonomiczny uchwyt\u00a0 umo\u017cliwiaj\u0105cy bezproblemowa prace i\u00a0mocne, pewne\u00a0trzymanie.<\/p>\n<p>Paca PCV z g\u0105bka gumow\u0105 jest przeznaczona do\u00a0zacierania mokrych tynk\u00f3w i g\u0142adzi,\u00a0g\u0105bka sprawdzi si\u0119 r\u00f3wnie\u017c do wygodnego\u00a0mycia szkliwionych p\u0142ytek po fugowaniu<\/p>\n<h3>DANE TECHNICZNE:<\/h3>\n<p>\u2022 D\u0142ugo\u015b\u0107:: 250 mm<br \/>\n\u2022 Grubo\u015b\u0107: 18 mm<br \/>\n\u2022 Indeks producenta: 5360<br \/>\n\u2022 Kod EAN: 5906554516866<br \/>\n\u2022 Szeroko\u015b\u0107: 130 mm<\/p>\n","protected":false},"excerpt":{"rendered":"<p>Paca z g\u0105bk\u0105 gumow\u0105 SOLID \u017c\u00f3\u0142t\u0105 to produkt dedykowany do zacierania tynk\u00f3w na mokro . Produkt zosta\u0142 wykonany z\u00a0wysokogatunkowego\u00a0tworzywa sztucznego, a jego cz\u0119\u015b\u0107 robocza pokryta jest g\u0105bk\u0105 gumow\u0105\u00a0rzadk\u0105\u00a0z du\u017c\u0105 zawarto\u015bci\u0105 kauczuku. Ergonomiczny uchwyt\u00a0 umo\u017cliwiaj\u0105cy bezproblemowa prace i\u00a0mocne, pewne\u00a0trzymanie.<\/p>\n","protected":false},"featured_media":22354,"comment_status":"open","ping_status":"closed","template":"","meta":{"_acf_changed":false,"inline_featured_image":false},"product_cat":[196],"product_tag":[2194,1815],"class_list":{"0":"post-21037","1":"product","2":"type-product","3":"status-publish","4":"has-post-thumbnail","6":"product_cat-narzedzia-reczne","7":"product_tag-paca-z-gabka-gumowa","8":"product_tag-solid","10":"first","11":"instock","12":"shipping-taxable","13":"purchasable","14":"product-type-simple"},"acf":[],"_links":{"self":[{"href":"https:\/\/e-adams.pl\/de\/wp-json\/wp\/v2\/product\/21037","targetHints":{"allow":["GET"]}}],"collection":[{"href":"https:\/\/e-adams.pl\/de\/wp-json\/wp\/v2\/product"}],"about":[{"href":"https:\/\/e-adams.pl\/de\/wp-json\/wp\/v2\/types\/product"}],"replies":[{"embeddable":true,"href":"https:\/\/e-adams.pl\/de\/wp-json\/wp\/v2\/comments?post=21037"}],"wp:featuredmedia":[{"embeddable":true,"href":"https:\/\/e-adams.pl\/de\/wp-json\/wp\/v2\/media\/22354"}],"wp:attachment":[{"href":"https:\/\/e-adams.pl\/de\/wp-json\/wp\/v2\/media?parent=21037"}],"wp:term":[{"taxonomy":"product_cat","embeddable":true,"href":"https:\/\/e-adams.pl\/de\/wp-json\/wp\/v2\/product_cat?post=21037"},{"taxonomy":"product_tag","embeddable":true,"href":"https:\/\/e-adams.pl\/de\/wp-json\/wp\/v2\/product_tag?post=21037"}],"curies":[{"name":"wp","href":"https:\/\/api.w.org\/{rel}","templated":true}]}}