{"id":21039,"date":"2023-09-12T12:11:58","date_gmt":"2023-09-12T10:11:58","guid":{"rendered":"https:\/\/e-adams.pl\/produkt\/paca-130-250-z-gabka-hydrochlonna-nacinana-30mm-a-12-6042\/"},"modified":"2024-07-15T11:31:18","modified_gmt":"2024-07-15T09:31:18","slug":"paca-z-gabka-hydrochlonna-nacinana-solid-130-250-brazowa","status":"publish","type":"product","link":"https:\/\/e-adams.pl\/de\/produkt\/paca-z-gabka-hydrochlonna-nacinana-solid-130-250-brazowa\/","title":{"rendered":"Paca z g\u0105bk\u0105 hydroch\u0142onn\u0105 nacinan\u0105 SOLID 130\/250 br\u0105zow\u0105"},"content":{"rendered":"<h3>OPIS:<\/h3>\n<p>Paca z g\u0105bk\u0105 hydroch\u0142onn\u0105 nacinan\u0105 <a href=\"https:\/\/e-adams.pl\/solid\">SOLID<\/a> br\u0105zow\u0105 o grubo\u015bci 30 mm. Taka paca idealnie sprawdza si\u0119 podczas mycia p\u0142ytek po fugowaniu oraz podczas innych prac wymagaj\u0105cych czyszczenia p\u0142ytek. Posiada ergonomiczny lekki uchwyt, a w cz\u0119\u015bci roboczej znajduje si\u0119 ch\u0142onna g\u0105bka.<\/p>\n<p>Praca narz\u0119dzia z g\u0105bk\u0105 ch\u0142onn\u0105 korzystnie wp\u0142ywa na szybk\u0105 i komfortow\u0105 prac\u0119.<\/p>\n<h3>DANE TECHNICZNE:<\/h3>\n<p><strong>\u2022 EAN:<\/strong> 5906554513919<\/p>\n<p><strong>\u2022 Symbol producenta:<\/strong> 6042<\/p>\n<p><strong>\u2022 Rozmiar:<\/strong>\u00a0130 mm x 250 mm<\/p>\n<p><strong>\u2022 Grubo\u015b\u0107:<\/strong>\u00a030 mm<\/p>\n","protected":false},"excerpt":{"rendered":"<p>Paca z g\u0105bk\u0105 hydroch\u0142onn\u0105 nacinan\u0105 SOLID br\u0105zow\u0105 o grubo\u015bci 30 mm. Taka paca idealnie sprawdza si\u0119 podczas mycia p\u0142ytek po fugowaniu oraz podczas innych prac wymagaj\u0105cych czyszczenia p\u0142ytek. Posiada ergonomiczny lekki uchwyt, a w cz\u0119\u015bci roboczej znajduje si\u0119 ch\u0142onna g\u0105bka. Praca narz\u0119dzia z g\u0105bk\u0105 ch\u0142onn\u0105 korzystnie wp\u0142ywa na szybk\u0105 i komfortow\u0105 prac\u0119.<\/p>\n","protected":false},"featured_media":22352,"comment_status":"open","ping_status":"closed","template":"","meta":{"_acf_changed":false,"inline_featured_image":false},"product_cat":[196],"product_tag":[2193,1878],"class_list":{"0":"post-21039","1":"product","2":"type-product","3":"status-publish","4":"has-post-thumbnail","6":"product_cat-narzedzia-reczne","7":"product_tag-paca-z-gabka-hydrochlonna","8":"product_tag-rubi","10":"first","11":"instock","12":"shipping-taxable","13":"purchasable","14":"product-type-simple"},"acf":[],"_links":{"self":[{"href":"https:\/\/e-adams.pl\/de\/wp-json\/wp\/v2\/product\/21039","targetHints":{"allow":["GET"]}}],"collection":[{"href":"https:\/\/e-adams.pl\/de\/wp-json\/wp\/v2\/product"}],"about":[{"href":"https:\/\/e-adams.pl\/de\/wp-json\/wp\/v2\/types\/product"}],"replies":[{"embeddable":true,"href":"https:\/\/e-adams.pl\/de\/wp-json\/wp\/v2\/comments?post=21039"}],"wp:featuredmedia":[{"embeddable":true,"href":"https:\/\/e-adams.pl\/de\/wp-json\/wp\/v2\/media\/22352"}],"wp:attachment":[{"href":"https:\/\/e-adams.pl\/de\/wp-json\/wp\/v2\/media?parent=21039"}],"wp:term":[{"taxonomy":"product_cat","embeddable":true,"href":"https:\/\/e-adams.pl\/de\/wp-json\/wp\/v2\/product_cat?post=21039"},{"taxonomy":"product_tag","embeddable":true,"href":"https:\/\/e-adams.pl\/de\/wp-json\/wp\/v2\/product_tag?post=21039"}],"curies":[{"name":"wp","href":"https:\/\/api.w.org\/{rel}","templated":true}]}}