{"id":21042,"date":"2023-09-12T12:12:00","date_gmt":"2023-09-12T10:12:00","guid":{"rendered":"https:\/\/e-adams.pl\/produkt\/paca-130-250-z-gabka-szara-30mm-a-12-6038\/"},"modified":"2024-07-15T11:31:18","modified_gmt":"2024-07-15T09:31:18","slug":"paca-z-gabka-solid-130-250-szara","status":"publish","type":"product","link":"https:\/\/e-adams.pl\/de\/produkt\/paca-z-gabka-solid-130-250-szara\/","title":{"rendered":"Paca z g\u0105bk\u0105 SOLID 130\/250 szar\u0105"},"content":{"rendered":"<h3>OPIS:<\/h3>\n<p class=\"product_title entry-title\">Paca z g\u0105bk\u0105 <a href=\"https:\/\/e-adams.pl\/solid\">SOLID<\/a> szar\u0105 to produkt, kt\u00f3ry przeznaczony jest do prac malarskich, remontowych i budowlanych. Taka paca idealnie sprawdza si\u0119 podczas mycia p\u0142ytek po fugowaniu oraz podczas innych prac wymagaj\u0105cych czyszczenia p\u0142ytek.<\/p>\n<p class=\"product_title entry-title\">Posiada ergonomiczny lekki uchwyt, a w cz\u0119\u015bci roboczej znajduje si\u0119 ch\u0142onna g\u0105bka.<\/p>\n<h3>DANE TECHNICZNE:<\/h3>\n<p><strong>\u2022 EAN:<\/strong> 5906554518983<\/p>\n<p><strong>\u2022 Symbol producenta:<\/strong> 6038<\/p>\n<p><strong>\u2022 Rozmiar:<\/strong>\u00a0130 mm x 250mm<\/p>\n<p><strong>\u2022 Grubo\u015b\u0107:<\/strong>\u00a020 mm<\/p>\n","protected":false},"excerpt":{"rendered":"<p>Paca z g\u0105bk\u0105 SOLID szar\u0105 to produkt, kt\u00f3ry przeznaczony jest do prac malarskich, remontowych i budowlanych. Taka paca idealnie sprawdza si\u0119 podczas mycia p\u0142ytek po fugowaniu oraz podczas innych prac wymagaj\u0105cych czyszczenia p\u0142ytek.<\/p>\n","protected":false},"featured_media":22362,"comment_status":"open","ping_status":"closed","template":"","meta":{"_acf_changed":false,"inline_featured_image":false},"product_cat":[196],"product_tag":[2082,1815],"class_list":{"0":"post-21042","1":"product","2":"type-product","3":"status-publish","4":"has-post-thumbnail","6":"product_cat-narzedzia-reczne","7":"product_tag-paca-z-gabka","8":"product_tag-solid","10":"first","11":"instock","12":"shipping-taxable","13":"purchasable","14":"product-type-simple"},"acf":[],"_links":{"self":[{"href":"https:\/\/e-adams.pl\/de\/wp-json\/wp\/v2\/product\/21042","targetHints":{"allow":["GET"]}}],"collection":[{"href":"https:\/\/e-adams.pl\/de\/wp-json\/wp\/v2\/product"}],"about":[{"href":"https:\/\/e-adams.pl\/de\/wp-json\/wp\/v2\/types\/product"}],"replies":[{"embeddable":true,"href":"https:\/\/e-adams.pl\/de\/wp-json\/wp\/v2\/comments?post=21042"}],"wp:featuredmedia":[{"embeddable":true,"href":"https:\/\/e-adams.pl\/de\/wp-json\/wp\/v2\/media\/22362"}],"wp:attachment":[{"href":"https:\/\/e-adams.pl\/de\/wp-json\/wp\/v2\/media?parent=21042"}],"wp:term":[{"taxonomy":"product_cat","embeddable":true,"href":"https:\/\/e-adams.pl\/de\/wp-json\/wp\/v2\/product_cat?post=21042"},{"taxonomy":"product_tag","embeddable":true,"href":"https:\/\/e-adams.pl\/de\/wp-json\/wp\/v2\/product_tag?post=21042"}],"curies":[{"name":"wp","href":"https:\/\/api.w.org\/{rel}","templated":true}]}}