{"id":21044,"date":"2023-09-12T12:12:01","date_gmt":"2023-09-12T10:12:01","guid":{"rendered":"https:\/\/e-adams.pl\/produkt\/paca-130-250-z-guma-biala-a-20-6109\/"},"modified":"2024-02-15T11:49:22","modified_gmt":"2024-02-15T10:49:22","slug":"paca-z-guma-biala-solid-130-250-8mm","status":"publish","type":"product","link":"https:\/\/e-adams.pl\/de\/produkt\/paca-z-guma-biala-solid-130-250-8mm\/","title":{"rendered":"Paca z gum\u0105 bia\u0142\u0105 SOLID 130\/250 8mm"},"content":{"rendered":"<h3>OPIS:<\/h3>\n<p>Paca z gum\u0105 bia\u0142a <a href=\"https:\/\/e-adams.pl\/solid\">SOLID<\/a> to urz\u0105dzenie kt\u00f3re przyda si\u0119 przy pracach wymagaj\u0105cych fugowania kafelk\u00f3w w \u0142azience. Z pomoc\u0105 produktu precyzyjnie wype\u0142nisz przestrzenie pomi\u0119dzy p\u0142ytkami dlatego te\u017c nadasz ca\u0142emu pomieszczeniu estetyczn\u0105 prezencj\u0119. Paca zosta\u0142a wykonana z plastiku kt\u00f3ry wyr\u00f3\u017cnia si\u0119 nale\u017cyt\u0105 wytrzyma\u0142o\u015bci\u0105 zatem b\u0119dzie Ci s\u0142u\u017cy\u0142 przez wiele lat.<\/p>\n<h3>DANE TECHNICZNE:<\/h3>\n<p>\u2022 Kod EAN : 5906554518945<\/p>\n<p>\u2022 Kod producenta: 6109<\/p>\n","protected":false},"excerpt":{"rendered":"<p>Paca z gum\u0105 bia\u0142a <a href=\"https:\/\/e-adams.pl\/solid\">SOLID<\/a> to urz\u0105dzenie kt\u00f3re przyda si\u0119 przy pracach wymagaj\u0105cych fugowania kafelk\u00f3w w \u0142azience. Z pomoc\u0105 produktu precyzyjnie wype\u0142nisz przestrzenie pomi\u0119dzy p\u0142ytkami dlatego te\u017c nadasz ca\u0142emu pomieszczeniu estetyczn\u0105 prezencj\u0119. Paca zosta\u0142a wykonana z plastiku kt\u00f3ry wyr\u00f3\u017cnia si\u0119 nale\u017cyt\u0105 wytrzyma\u0142o\u015bci\u0105.<\/p>\n","protected":false},"featured_media":22424,"comment_status":"open","ping_status":"closed","template":"","meta":{"_acf_changed":false,"inline_featured_image":false},"product_cat":[196],"product_tag":[2236,1815],"class_list":{"0":"post-21044","1":"product","2":"type-product","3":"status-publish","4":"has-post-thumbnail","6":"product_cat-narzedzia-reczne","7":"product_tag-paca-z-guma-biala","8":"product_tag-solid","10":"first","11":"instock","12":"shipping-taxable","13":"purchasable","14":"product-type-simple"},"acf":[],"_links":{"self":[{"href":"https:\/\/e-adams.pl\/de\/wp-json\/wp\/v2\/product\/21044","targetHints":{"allow":["GET"]}}],"collection":[{"href":"https:\/\/e-adams.pl\/de\/wp-json\/wp\/v2\/product"}],"about":[{"href":"https:\/\/e-adams.pl\/de\/wp-json\/wp\/v2\/types\/product"}],"replies":[{"embeddable":true,"href":"https:\/\/e-adams.pl\/de\/wp-json\/wp\/v2\/comments?post=21044"}],"wp:featuredmedia":[{"embeddable":true,"href":"https:\/\/e-adams.pl\/de\/wp-json\/wp\/v2\/media\/22424"}],"wp:attachment":[{"href":"https:\/\/e-adams.pl\/de\/wp-json\/wp\/v2\/media?parent=21044"}],"wp:term":[{"taxonomy":"product_cat","embeddable":true,"href":"https:\/\/e-adams.pl\/de\/wp-json\/wp\/v2\/product_cat?post=21044"},{"taxonomy":"product_tag","embeddable":true,"href":"https:\/\/e-adams.pl\/de\/wp-json\/wp\/v2\/product_tag?post=21044"}],"curies":[{"name":"wp","href":"https:\/\/api.w.org\/{rel}","templated":true}]}}