{"id":21046,"date":"2023-09-12T12:12:03","date_gmt":"2023-09-12T10:12:03","guid":{"rendered":"https:\/\/e-adams.pl\/produkt\/paca-160-380-z-papierem-sciernym-p16-a-10-6238\/"},"modified":"2024-07-15T11:31:19","modified_gmt":"2024-07-15T09:31:19","slug":"paca-z-papierem-sciernym-solid-p16-160-380mm","status":"publish","type":"product","link":"https:\/\/e-adams.pl\/de\/produkt\/paca-z-papierem-sciernym-solid-p16-160-380mm\/","title":{"rendered":"Paca z papierem \u015bciernym SOLID P16 160\/380mm"},"content":{"rendered":"<h3>OPIS:<\/h3>\n<p>Paca z papierem \u015bciernym <a href=\"https:\/\/e-adams.pl\/solid\">SOLID<\/a> P16 to narz\u0119dzie wykorzystywane g\u0142\u00f3wnie do prac zwi\u0105zanych z obr\u00f3bk\u0105 powierzchni, takimi jak szlifowanie, wyg\u0142adzanie styropianu czy przygotowanie pod\u0142o\u017ca przed malowaniem lub lakierowaniem. Zastosowanie papieru o du\u017cej gradacji pozwala szybko usun\u0105\u0107 stare powierzchnie.<\/p>\n<h3>DANE TECHNICZNE:<\/h3>\n<p>\u2022 Szeroko\u015b\u0107: 160 mm<br \/>\n\u2022 D\u0142ugo\u015b\u0107: 380 mm<br \/>\n\u2022 Gradacja: P16<br \/>\n\u2022 KOD: 6238<br \/>\n\u2022 EAN: 5906554519867<\/p>\n","protected":false},"excerpt":{"rendered":"<p>Paca z papierem \u015bciernym <a href=\"https:\/\/e-adams.pl\/solid\">SOLID<\/a> P16 to narz\u0119dzie wykorzystywane g\u0142\u00f3wnie do prac zwi\u0105zanych z obr\u00f3bk\u0105 powierzchni, takimi jak szlifowanie, wyg\u0142adzanie styropianu czy przygotowanie pod\u0142o\u017ca przed malowaniem lub lakierowaniem. Zastosowanie papieru o du\u017cej gradacji pozwala szybko usun\u0105\u0107 stare powierzchnie.<\/p>\n","protected":false},"featured_media":22420,"comment_status":"open","ping_status":"closed","template":"","meta":{"_acf_changed":false,"inline_featured_image":false},"product_cat":[196],"product_tag":[2234,1815],"class_list":{"0":"post-21046","1":"product","2":"type-product","3":"status-publish","4":"has-post-thumbnail","6":"product_cat-narzedzia-reczne","7":"product_tag-paca-z-papierem-sciernym","8":"product_tag-solid","10":"first","11":"instock","12":"shipping-taxable","13":"purchasable","14":"product-type-simple"},"acf":[],"_links":{"self":[{"href":"https:\/\/e-adams.pl\/de\/wp-json\/wp\/v2\/product\/21046","targetHints":{"allow":["GET"]}}],"collection":[{"href":"https:\/\/e-adams.pl\/de\/wp-json\/wp\/v2\/product"}],"about":[{"href":"https:\/\/e-adams.pl\/de\/wp-json\/wp\/v2\/types\/product"}],"replies":[{"embeddable":true,"href":"https:\/\/e-adams.pl\/de\/wp-json\/wp\/v2\/comments?post=21046"}],"wp:featuredmedia":[{"embeddable":true,"href":"https:\/\/e-adams.pl\/de\/wp-json\/wp\/v2\/media\/22420"}],"wp:attachment":[{"href":"https:\/\/e-adams.pl\/de\/wp-json\/wp\/v2\/media?parent=21046"}],"wp:term":[{"taxonomy":"product_cat","embeddable":true,"href":"https:\/\/e-adams.pl\/de\/wp-json\/wp\/v2\/product_cat?post=21046"},{"taxonomy":"product_tag","embeddable":true,"href":"https:\/\/e-adams.pl\/de\/wp-json\/wp\/v2\/product_tag?post=21046"}],"curies":[{"name":"wp","href":"https:\/\/api.w.org\/{rel}","templated":true}]}}