{"id":21047,"date":"2023-09-12T12:12:04","date_gmt":"2023-09-12T10:12:04","guid":{"rendered":"https:\/\/e-adams.pl\/produkt\/paca-do-spoinowania-95-255-a-10-6047\/"},"modified":"2024-07-15T11:31:18","modified_gmt":"2024-07-15T09:31:18","slug":"paca-do-spoinowania-solid-95-255mm","status":"publish","type":"product","link":"https:\/\/e-adams.pl\/de\/produkt\/paca-do-spoinowania-solid-95-255mm\/","title":{"rendered":"Paca do spoinowania SOLID 95\/255mm"},"content":{"rendered":"<h3>OPIS:<\/h3>\n<p>Paca do spoinowania <a href=\"https:\/\/e-adams.pl\/solid\">SOLID<\/a> przeznaczona jest do dok\u0142adnego wype\u0142nienia spoin\u0105 lub fug\u0105 trudno dost\u0119pnych miejsc. Cz\u0119\u015b\u0107\u00a0robocza\u00a0sk\u0142ada si\u0119\u00a0z gumy o ostro \u015bci\u0119tych kraw\u0119dziach, kt\u00f3re umo\u017cliwiaj\u0105 dok\u0142adn\u0105 aplikacj\u0119 oraz zbieranie nadmiaru spoiny, fugi. R\u0105czka\u00a0pacy wykonana jest\u00a0z lekkiego i mocnego\u00a0tworzywa sztucznego.<\/p>\n<h3>DANE TECHNICZNE:<\/h3>\n<ul>\n<li>Szeroko\u015b\u0107: 100 mm<\/li>\n<li>D\u0142ugo\u015b\u0107: 250 mm<\/li>\n<li>Zastosowanie: fugowanie spoinami cementowymi i epoksydowymi<\/li>\n<li>Materia\u0142: tworzywo sztuczne<\/li>\n<li>R\u0105czka: z tworzywa, profilowana<\/li>\n<li>Waga: 0,37kg<\/li>\n<li>KOD: 6047<\/li>\n<li>EAN: 5906554514893<\/li>\n<\/ul>\n","protected":false},"excerpt":{"rendered":"<p>Paca do spoinowania SOLID przeznaczona jest do dok\u0142adnego wype\u0142nienia spoin\u0105 lub fug\u0105 trudno dost\u0119pnych miejsc. Cz\u0119\u015b\u0107\u00a0robocza\u00a0sk\u0142ada si\u0119\u00a0z gumy o ostro \u015bci\u0119tych kraw\u0119dziach, kt\u00f3re umo\u017cliwiaj\u0105 dok\u0142adn\u0105 aplikacj\u0119 oraz zbieranie nadmiaru spoiny, fugi. R\u0105czka\u00a0pacy wykonana jest\u00a0z lekkiego i mocnego\u00a0tworzywa sztucznego.<\/p>\n","protected":false},"featured_media":22418,"comment_status":"open","ping_status":"closed","template":"","meta":{"_acf_changed":false,"inline_featured_image":false},"product_cat":[196],"product_tag":[2233,1815],"class_list":{"0":"post-21047","1":"product","2":"type-product","3":"status-publish","4":"has-post-thumbnail","6":"product_cat-narzedzia-reczne","7":"product_tag-paca-do-spoinowania","8":"product_tag-solid","10":"first","11":"instock","12":"shipping-taxable","13":"purchasable","14":"product-type-simple"},"acf":[],"_links":{"self":[{"href":"https:\/\/e-adams.pl\/de\/wp-json\/wp\/v2\/product\/21047","targetHints":{"allow":["GET"]}}],"collection":[{"href":"https:\/\/e-adams.pl\/de\/wp-json\/wp\/v2\/product"}],"about":[{"href":"https:\/\/e-adams.pl\/de\/wp-json\/wp\/v2\/types\/product"}],"replies":[{"embeddable":true,"href":"https:\/\/e-adams.pl\/de\/wp-json\/wp\/v2\/comments?post=21047"}],"wp:featuredmedia":[{"embeddable":true,"href":"https:\/\/e-adams.pl\/de\/wp-json\/wp\/v2\/media\/22418"}],"wp:attachment":[{"href":"https:\/\/e-adams.pl\/de\/wp-json\/wp\/v2\/media?parent=21047"}],"wp:term":[{"taxonomy":"product_cat","embeddable":true,"href":"https:\/\/e-adams.pl\/de\/wp-json\/wp\/v2\/product_cat?post=21047"},{"taxonomy":"product_tag","embeddable":true,"href":"https:\/\/e-adams.pl\/de\/wp-json\/wp\/v2\/product_tag?post=21047"}],"curies":[{"name":"wp","href":"https:\/\/api.w.org\/{rel}","templated":true}]}}