{"id":21053,"date":"2023-09-12T12:12:09","date_gmt":"2023-09-12T10:12:09","guid":{"rendered":"https:\/\/e-adams.pl\/produkt\/paca-nierdzewna-130-270-r-2k-zab-polokragly-k-6-6237\/"},"modified":"2024-05-10T11:02:23","modified_gmt":"2024-05-10T09:02:23","slug":"paca-nierdzewna-solid-130-270-r-2k-zab-polokragly","status":"publish","type":"product","link":"https:\/\/e-adams.pl\/de\/produkt\/paca-nierdzewna-solid-130-270-r-2k-zab-polokragly\/","title":{"rendered":"Paca nierdzewna SOLID 130\/270 r. 2K z\u0105b p\u00f3\u0142okrag\u0142y"},"content":{"rendered":"<p>Paca nierdzewna <a href=\"https:\/\/e-adams.pl\/solid\/\">SOLID<\/a> z z\u0119bem p\u00f3\u0142okr\u0105g\u0142ym wykonana ze stali o grubo\u015bci 0,7 mm, kwasoodporna. Posiada ergonomiczny uchwyt wyprodukowany metod\u0105 dwukomponentow\u0105. Zastosowany aluminiowy gryf sprawdza si\u0119 w trudnych warunkach pracy. Paca jest bardzo wytrzyma\u0142a na uszkodzenia mechaniczne, a jej niedu\u017cy ci\u0119\u017car zapewnia komfort pracy. Jest te\u017c \u0142atwa w czyszczeniu.<\/p>\n<p>Stosowana jest\u00a0do obr\u00f3bki betonu oraz do nak\u0142adania g\u0142adzi gipsowych oraz zapraw i klej\u00f3w.<\/p>\n<h3>DANE TECHNICZNE:<\/h3>\n<ul class=\"second-list-ui \">\n<li>\n<div class=\"name-ui\">Waga: 0,45kg<\/div>\n<\/li>\n<li>Kod: KOD: 6237<\/li>\n<li>\n<div class=\"name-ui\">Kod EAN: 5906554519096<\/div>\n<\/li>\n<\/ul>\n","protected":false},"excerpt":{"rendered":"<p>Paca nierdzewna <a href=\"https:\/\/e-adams.pl\/solid\/\">SOLID<\/a> z z\u0119bem p\u00f3\u0142okr\u0105g\u0142ym wykonana ze stali o grubo\u015bci 0,7 mm, kwasoodporna. Posiada ergonomiczny uchwyt wyprodukowany metod\u0105 dwukomponentow\u0105. Zastosowany aluminiowy gryf sprawdza si\u0119 w trudnych warunkach pracy. Paca jest bardzo wytrzyma\u0142a na uszkodzenia mechaniczne, a jej niedu\u017cy ci\u0119\u017car zapewnia komfort pracy. Jest te\u017c \u0142atwa w czyszczeniu.<\/p>\n","protected":false},"featured_media":22320,"comment_status":"open","ping_status":"closed","template":"","meta":{"_acf_changed":false,"inline_featured_image":false},"product_cat":[196],"product_tag":[2124,1815],"class_list":{"0":"post-21053","1":"product","2":"type-product","3":"status-publish","4":"has-post-thumbnail","6":"product_cat-narzedzia-reczne","7":"product_tag-paca-nierdzewna","8":"product_tag-solid","10":"first","11":"instock","12":"shipping-taxable","13":"purchasable","14":"product-type-simple"},"acf":[],"_links":{"self":[{"href":"https:\/\/e-adams.pl\/de\/wp-json\/wp\/v2\/product\/21053","targetHints":{"allow":["GET"]}}],"collection":[{"href":"https:\/\/e-adams.pl\/de\/wp-json\/wp\/v2\/product"}],"about":[{"href":"https:\/\/e-adams.pl\/de\/wp-json\/wp\/v2\/types\/product"}],"replies":[{"embeddable":true,"href":"https:\/\/e-adams.pl\/de\/wp-json\/wp\/v2\/comments?post=21053"}],"wp:featuredmedia":[{"embeddable":true,"href":"https:\/\/e-adams.pl\/de\/wp-json\/wp\/v2\/media\/22320"}],"wp:attachment":[{"href":"https:\/\/e-adams.pl\/de\/wp-json\/wp\/v2\/media?parent=21053"}],"wp:term":[{"taxonomy":"product_cat","embeddable":true,"href":"https:\/\/e-adams.pl\/de\/wp-json\/wp\/v2\/product_cat?post=21053"},{"taxonomy":"product_tag","embeddable":true,"href":"https:\/\/e-adams.pl\/de\/wp-json\/wp\/v2\/product_tag?post=21053"}],"curies":[{"name":"wp","href":"https:\/\/api.w.org\/{rel}","templated":true}]}}