{"id":21056,"date":"2023-09-12T12:12:11","date_gmt":"2023-09-12T10:12:11","guid":{"rendered":"https:\/\/e-adams.pl\/produkt\/paca-nierdzewna-130-380-r-drewno-k-4-6010\/"},"modified":"2024-02-15T11:49:06","modified_gmt":"2024-02-15T10:49:06","slug":"paca-nierdzewna-130x380-r-drewno-solid","status":"publish","type":"product","link":"https:\/\/e-adams.pl\/de\/produkt\/paca-nierdzewna-130x380-r-drewno-solid\/","title":{"rendered":"Paca nierdzewna 130&#215;380 r. drewno SOLID"},"content":{"rendered":"<h3>OPIS:<\/h3>\n<p>Paca nierdzewna 130&#215;380 r. drewno <a href=\"https:\/\/e-adams.pl\/solid\/\">SOLID<\/a> ze wzgl\u0119du na swoj\u0105 budow\u0119 zapewnia komfort u\u017cytkowania\u00a0i\u00a0precyzyjno\u015b\u0107\u00a0podczas pracy na budowie, przy remoncie\u00a0oraz jest\u00a0\u0142atwa w czyszczeniu. U\u017cywana g\u0142ownie do nak\u0142adania i wyg\u0142adzania tynk\u00f3w oraz innych materia\u0142\u00f3w wyko\u0144czeniowych na powierzchniach \u015bcian i sufit\u00f3w.<\/p>\n<h3>DANE TECHNICZNE:<\/h3>\n<p>\u2022 D\u0142ugo\u015b\u0107:: 380 mm<br \/>\n\u2022 Szeroko\u015b\u0107: 130 mm<br \/>\n\u2022 Indeks producenta: 6010<br \/>\n\u2022 Kod EAN: 5906554513742<\/p>\n","protected":false},"excerpt":{"rendered":"<p>Paca nierdzewna 130&#215;380 r. drewno <a href=\"https:\/\/e-adams.pl\/solid\/\">SOLID<\/a> ze wzgl\u0119du na swoj\u0105 budow\u0119 zapewnia komfort u\u017cytkowania\u00a0i\u00a0precyzyjno\u015b\u0107\u00a0podczas pracy na budowie, przy remoncie\u00a0oraz jest\u00a0\u0142atwa w czyszczeniu. U\u017cywana g\u0142ownie do nak\u0142adania i wyg\u0142adzania tynk\u00f3w oraz innych materia\u0142\u00f3w wyko\u0144czeniowych na powierzchniach \u015bcian i sufit\u00f3w.<\/p>\n","protected":false},"featured_media":22208,"comment_status":"open","ping_status":"closed","template":"","meta":{"_acf_changed":false,"inline_featured_image":false},"product_cat":[196],"product_tag":[2124,1815],"class_list":{"0":"post-21056","1":"product","2":"type-product","3":"status-publish","4":"has-post-thumbnail","6":"product_cat-narzedzia-reczne","7":"product_tag-paca-nierdzewna","8":"product_tag-solid","10":"first","11":"instock","12":"shipping-taxable","13":"purchasable","14":"product-type-simple"},"acf":[],"_links":{"self":[{"href":"https:\/\/e-adams.pl\/de\/wp-json\/wp\/v2\/product\/21056","targetHints":{"allow":["GET"]}}],"collection":[{"href":"https:\/\/e-adams.pl\/de\/wp-json\/wp\/v2\/product"}],"about":[{"href":"https:\/\/e-adams.pl\/de\/wp-json\/wp\/v2\/types\/product"}],"replies":[{"embeddable":true,"href":"https:\/\/e-adams.pl\/de\/wp-json\/wp\/v2\/comments?post=21056"}],"wp:featuredmedia":[{"embeddable":true,"href":"https:\/\/e-adams.pl\/de\/wp-json\/wp\/v2\/media\/22208"}],"wp:attachment":[{"href":"https:\/\/e-adams.pl\/de\/wp-json\/wp\/v2\/media?parent=21056"}],"wp:term":[{"taxonomy":"product_cat","embeddable":true,"href":"https:\/\/e-adams.pl\/de\/wp-json\/wp\/v2\/product_cat?post=21056"},{"taxonomy":"product_tag","embeddable":true,"href":"https:\/\/e-adams.pl\/de\/wp-json\/wp\/v2\/product_tag?post=21056"}],"curies":[{"name":"wp","href":"https:\/\/api.w.org\/{rel}","templated":true}]}}