{"id":21062,"date":"2023-09-12T12:12:16","date_gmt":"2023-09-12T10:12:16","guid":{"rendered":"https:\/\/e-adams.pl\/produkt\/paca-nierdzewna-premium-130x380mm-r-2k-k-4-6272\/"},"modified":"2024-05-10T11:02:23","modified_gmt":"2024-05-10T09:02:23","slug":"paca-nierdzewna-premium-120x380mm-r-2k","status":"publish","type":"product","link":"https:\/\/e-adams.pl\/de\/produkt\/paca-nierdzewna-premium-120x380mm-r-2k\/","title":{"rendered":"Paca nierdzewna SOLID Premium 120x380mm r. 2k"},"content":{"rendered":"<h3>OPIS:<\/h3>\n<p>Paca nierdzewna <a href=\"https:\/\/e-adams.pl\/solid\/\">SOLID Premium<\/a> wykonana ze stali o grubo\u015bci 0,7 mm, kwasoodporna. Posiada ergonomiczny uchwyt wyprodukowany metod\u0105 dwukomponentow\u0105. Zastosowany aluminiowy gryf sprawdza si\u0119 w trudnych warunkach pracy. Paca jest bardzo wytrzyma\u0142a na uszkodzenia mechaniczne, a jej niedu\u017cy ci\u0119\u017car zapewnia komfort pracy. Jest te\u017c \u0142atwa w czyszczeniu.<\/p>\n<p>Stosowana jest\u00a0do obr\u00f3bki betonu oraz do nak\u0142adania g\u0142adzi gipsowych oraz zapraw i klej\u00f3w.<\/p>\n<h3>DANE TECHNICZNE:<\/h3>\n<ul class=\"second-list-ui \">\n<li>\n<div class=\"name-ui\">Waga: 0,45kg<\/div>\n<\/li>\n<li>Kod: KOD: 6272<\/li>\n<li>\n<div class=\"name-ui\">Kod EAN: 5903076908643<\/div>\n<\/li>\n<li class=\"dimensions-height \">\n<div class=\"name-ui\">Wysoko\u015b\u0107: 15 cm<\/div>\n<\/li>\n<\/ul>\n","protected":false},"excerpt":{"rendered":"<p>Paca nierdzewna <a href=\"https:\/\/e-adams.pl\/solid\/\">SOLID Premium<\/a> wykonana ze stali o grubo\u015bci 0,7 mm, kwasoodporna. Posiada ergonomiczny uchwyt wyprodukowany metod\u0105 dwukomponentow\u0105. Zastosowany aluminiowy gryf sprawdza si\u0119 w trudnych warunkach pracy. Paca jest bardzo wytrzyma\u0142a na uszkodzenia mechaniczne, a jej niedu\u017cy ci\u0119\u017car zapewnia komfort pracy. Jest te\u017c \u0142atwa w czyszczeniu.<\/p>\n","protected":false},"featured_media":22428,"comment_status":"open","ping_status":"closed","template":"","meta":{"_acf_changed":false,"inline_featured_image":false},"product_cat":[196],"product_tag":[2124,2182],"class_list":{"0":"post-21062","1":"product","2":"type-product","3":"status-publish","4":"has-post-thumbnail","6":"product_cat-narzedzia-reczne","7":"product_tag-paca-nierdzewna","8":"product_tag-solid-premium","10":"first","11":"instock","12":"shipping-taxable","13":"purchasable","14":"product-type-simple"},"acf":[],"_links":{"self":[{"href":"https:\/\/e-adams.pl\/de\/wp-json\/wp\/v2\/product\/21062","targetHints":{"allow":["GET"]}}],"collection":[{"href":"https:\/\/e-adams.pl\/de\/wp-json\/wp\/v2\/product"}],"about":[{"href":"https:\/\/e-adams.pl\/de\/wp-json\/wp\/v2\/types\/product"}],"replies":[{"embeddable":true,"href":"https:\/\/e-adams.pl\/de\/wp-json\/wp\/v2\/comments?post=21062"}],"wp:featuredmedia":[{"embeddable":true,"href":"https:\/\/e-adams.pl\/de\/wp-json\/wp\/v2\/media\/22428"}],"wp:attachment":[{"href":"https:\/\/e-adams.pl\/de\/wp-json\/wp\/v2\/media?parent=21062"}],"wp:term":[{"taxonomy":"product_cat","embeddable":true,"href":"https:\/\/e-adams.pl\/de\/wp-json\/wp\/v2\/product_cat?post=21062"},{"taxonomy":"product_tag","embeddable":true,"href":"https:\/\/e-adams.pl\/de\/wp-json\/wp\/v2\/product_tag?post=21062"}],"curies":[{"name":"wp","href":"https:\/\/api.w.org\/{rel}","templated":true}]}}