{"id":21063,"date":"2023-09-12T12:12:17","date_gmt":"2023-09-12T10:12:17","guid":{"rendered":"https:\/\/e-adams.pl\/produkt\/paca-nierdzewna-wenecka-200mm-r-2k-a-10-6034\/"},"modified":"2024-05-10T11:02:21","modified_gmt":"2024-05-10T09:02:21","slug":"paca-wenecka-nierdzewna-solid-200mm-r-2k","status":"publish","type":"product","link":"https:\/\/e-adams.pl\/de\/produkt\/paca-wenecka-nierdzewna-solid-200mm-r-2k\/","title":{"rendered":"Paca wenecka nierdzewna SOLID 200mm r. 2K"},"content":{"rendered":"<h3>OPIS:<\/h3>\n<p>Paca wenecka nierdzewna SOLID wykonana z stali nierdzewnej, kwasoodpornej z odlewanym gryfem i r\u0105czk\u0105 pokryt\u0105 antypo\u015blizgow\u0105 gum\u0105. Podobnie do wszystkich narz\u0119dzi z firmy SOLID paca to produkt najwy\u017cszej jako\u015bci przeznaczony dla profesjonalist\u00f3w oraz majsterkowicz\u00f3w ceni\u0105cych sobie niezawodno\u015b\u0107 i najwy\u017cszy poziom wykonania.<br \/>\nZastosowanie stali nierdzewnej kwasoodpornej gwarantuje wieloletnie u\u017cytkowanie w najtrudniejszych warunkach pracy. Dwukomponentowa r\u0105czka wykonana z antypo\u015blizgowej gumy nak\u0142adanej na aluminiowy odlew.<\/p>\n<h3>DANE TECHNICZNE:<\/h3>\n<ul>\n<li>Szeroko\u015b\u0107: 80 mm<\/li>\n<li>D\u0142ugo\u015b\u0107: 200 mm<\/li>\n<li>Blacha: nierdzewna, kwasoodporna<\/li>\n<li>Grubo\u015b\u0107 blachy: 0,65 mm<\/li>\n<li>R\u0105czka: dwukomponentowa antypo\u015blizgowa<\/li>\n<li>EAN: 5906554513858<\/li>\n<li>KOD : 6034<\/li>\n<\/ul>\n","protected":false},"excerpt":{"rendered":"<p>Paca wenecka nierdzewna SOLID wykonana z stali nierdzewnej, kwasoodpornej z odlewanym gryfem i r\u0105czk\u0105 pokryt\u0105 antypo\u015blizgow\u0105 gum\u0105. Podobnie do wszystkich narz\u0119dzi z firmy SOLID paca to produkt najwy\u017cszej jako\u015bci przeznaczony dla profesjonalist\u00f3w oraz majsterkowicz\u00f3w ceni\u0105cych sobie niezawodno\u015b\u0107 i najwy\u017cszy poziom wykonania.<\/p>\n","protected":false},"featured_media":22232,"comment_status":"open","ping_status":"closed","template":"","meta":{"_acf_changed":false,"inline_featured_image":false},"product_cat":[196],"product_tag":[2149,1815],"class_list":{"0":"post-21063","1":"product","2":"type-product","3":"status-publish","4":"has-post-thumbnail","6":"product_cat-narzedzia-reczne","7":"product_tag-paca-wenecka","8":"product_tag-solid","10":"first","11":"instock","12":"shipping-taxable","13":"purchasable","14":"product-type-simple"},"acf":[],"_links":{"self":[{"href":"https:\/\/e-adams.pl\/de\/wp-json\/wp\/v2\/product\/21063","targetHints":{"allow":["GET"]}}],"collection":[{"href":"https:\/\/e-adams.pl\/de\/wp-json\/wp\/v2\/product"}],"about":[{"href":"https:\/\/e-adams.pl\/de\/wp-json\/wp\/v2\/types\/product"}],"replies":[{"embeddable":true,"href":"https:\/\/e-adams.pl\/de\/wp-json\/wp\/v2\/comments?post=21063"}],"wp:featuredmedia":[{"embeddable":true,"href":"https:\/\/e-adams.pl\/de\/wp-json\/wp\/v2\/media\/22232"}],"wp:attachment":[{"href":"https:\/\/e-adams.pl\/de\/wp-json\/wp\/v2\/media?parent=21063"}],"wp:term":[{"taxonomy":"product_cat","embeddable":true,"href":"https:\/\/e-adams.pl\/de\/wp-json\/wp\/v2\/product_cat?post=21063"},{"taxonomy":"product_tag","embeddable":true,"href":"https:\/\/e-adams.pl\/de\/wp-json\/wp\/v2\/product_tag?post=21063"}],"curies":[{"name":"wp","href":"https:\/\/api.w.org\/{rel}","templated":true}]}}