{"id":21070,"date":"2023-09-12T12:12:22","date_gmt":"2023-09-12T10:12:22","guid":{"rendered":"https:\/\/e-adams.pl\/produkt\/paca-styropianowa-skosna-80-340-k-50-5355\/"},"modified":"2024-07-15T11:31:18","modified_gmt":"2024-07-15T09:31:18","slug":"paca-styropianowa-skosna-80-340-k-50-5355","status":"publish","type":"product","link":"https:\/\/e-adams.pl\/de\/produkt\/paca-styropianowa-skosna-80-340-k-50-5355\/","title":{"rendered":"Paca styropianowa skosna SOLID 80\/340mm"},"content":{"rendered":"<h3>OPIS:<\/h3>\n<p>Paca styropianowa sko\u015bna <a href=\"https:\/\/e-adams.pl\/solid\/\">SOLID<\/a> to wyj\u0105tkowe narz\u0119dzie, kt\u00f3re znacznie u\u0142atwia proces wycierania i wyg\u0142adzania mas budowlanych. Ta paca wykonana jest z wysokiej jako\u015bci styropianu, kt\u00f3ry zapewnia lekko\u015b\u0107 i wytrzyma\u0142o\u015b\u0107, dzi\u0119ki czemu praca z ni\u0105 jest komfortowa i wydajna. To niezb\u0119dne narz\u0119dzie dla profesjonalnych wykonawc\u00f3w i hobbyst\u00f3w, kt\u00f3rzy szukaj\u0105 wygodnego i skutecznego sposobu na wycieranie i wyg\u0142adzanie mas budowlanych.<\/p>\n<p>Paca SOLID jest idealnym narz\u0119dziem dla profesjonalist\u00f3w, kt\u00f3rzy wykonuj\u0105 r\u00f3\u017cnego rodzaju prace wyko\u0144czeniowe w budownictwie, ale tak\u017ce dla hobbyst\u00f3w, kt\u00f3rzy lubi\u0105 wykonywa\u0107 remonty w swoim domu. Dzi\u0119ki temu narz\u0119dziu, wycieranie i wyg\u0142adzanie mas budowlanych jest prostsze i bardziej precyzyjne.<\/p>\n<p>Ta paca jest nie tylko wytrzyma\u0142a i lekka, ale tak\u017ce \u0142atwa do czyszczenia i nadaje si\u0119 do pracy z r\u00f3\u017cnymi rodzajami materia\u0142\u00f3w budowlanych.<\/p>\n<p>&nbsp;<\/p>\n","protected":false},"excerpt":{"rendered":"<p>Paca styropianowa sko\u015bna <a href=\"https:\/\/e-adams.pl\/solid\/\">SOLID<\/a> to wyj\u0105tkowe narz\u0119dzie, kt\u00f3re znacznie u\u0142atwia proces wycierania i wyg\u0142adzania mas budowlanych. Ta paca wykonana jest z wysokiej jako\u015bci styropianu, kt\u00f3ry zapewnia lekko\u015b\u0107 i wytrzyma\u0142o\u015b\u0107, dzi\u0119ki czemu praca z ni\u0105 jest komfortowa i wydajna. To niezb\u0119dne narz\u0119dzie dla profesjonalnych wykonawc\u00f3w i hobbyst\u00f3w, kt\u00f3rzy szukaj\u0105 wygodnego i skutecznego sposobu na wycieranie i wyg\u0142adzanie mas budowlanych.<\/p>\n","protected":false},"featured_media":22336,"comment_status":"open","ping_status":"closed","template":"","meta":{"_acf_changed":false,"inline_featured_image":false},"product_cat":[196],"product_tag":[2188,2189,1815],"class_list":{"0":"post-21070","1":"product","2":"type-product","3":"status-publish","4":"has-post-thumbnail","6":"product_cat-narzedzia-reczne","7":"product_tag-paca-styropianowa","8":"product_tag-skosna","9":"product_tag-solid","11":"first","12":"instock","13":"shipping-taxable","14":"purchasable","15":"product-type-simple"},"acf":[],"_links":{"self":[{"href":"https:\/\/e-adams.pl\/de\/wp-json\/wp\/v2\/product\/21070","targetHints":{"allow":["GET"]}}],"collection":[{"href":"https:\/\/e-adams.pl\/de\/wp-json\/wp\/v2\/product"}],"about":[{"href":"https:\/\/e-adams.pl\/de\/wp-json\/wp\/v2\/types\/product"}],"replies":[{"embeddable":true,"href":"https:\/\/e-adams.pl\/de\/wp-json\/wp\/v2\/comments?post=21070"}],"wp:featuredmedia":[{"embeddable":true,"href":"https:\/\/e-adams.pl\/de\/wp-json\/wp\/v2\/media\/22336"}],"wp:attachment":[{"href":"https:\/\/e-adams.pl\/de\/wp-json\/wp\/v2\/media?parent=21070"}],"wp:term":[{"taxonomy":"product_cat","embeddable":true,"href":"https:\/\/e-adams.pl\/de\/wp-json\/wp\/v2\/product_cat?post=21070"},{"taxonomy":"product_tag","embeddable":true,"href":"https:\/\/e-adams.pl\/de\/wp-json\/wp\/v2\/product_tag?post=21070"}],"curies":[{"name":"wp","href":"https:\/\/api.w.org\/{rel}","templated":true}]}}