{"id":21071,"date":"2023-09-12T12:12:23","date_gmt":"2023-09-12T10:12:23","guid":{"rendered":"https:\/\/e-adams.pl\/produkt\/paca-szlifierska-na-motylek-100-200-a-12-5367\/"},"modified":"2024-07-15T11:31:18","modified_gmt":"2024-07-15T09:31:18","slug":"paca-szlifierska-na-motylek-solid-100-200mm","status":"publish","type":"product","link":"https:\/\/e-adams.pl\/de\/produkt\/paca-szlifierska-na-motylek-solid-100-200mm\/","title":{"rendered":"Paca szlifierska na motylek SOLID 100\/200mm"},"content":{"rendered":"<h3>OPIS:<\/h3>\n<p>Paca szlifierska na motylek <a href=\"https:\/\/e-adams.pl\/solid\">SOLID<\/a> przeznaczona jest do szlifowania g\u0142adzi gipsowych. Jako wymiennych wk\u0142ad\u00f3w do pacy stosuje si\u0119 siatki \u015bcierne o odpowiedniej gradacji. Paca wykonana jest z tworzywa sztucznego. Strona robocza pokryta piank\u0105 o grubo\u015bci 3 mm. Dzi\u0119ki mocowaniu siatki \u015bciernej na \u015bruby &#8222;motylki&#8220; obs\u0142uga pacy jest wyj\u0105tkowo prosta i szybka. Nie potrzeba \u017cadnych dodatkowych narz\u0119dzi do zmiany zu\u017cytej siatki \u015bciernej.<\/p>\n<h3>DANE TECHNICZNE:<\/h3>\n<p>\u2022 Wymiary: 100x200mm<br \/>\n\u2022 Grubo\u015b\u0107 pianki: 3mm (czarna)<br \/>\n\u2022 Mocowanie siatki \u015bciernej: \u015bruby motylki<br \/>\n\u2022 Waga: <span class=\"weight-value\">2<\/span>\u00a0kg<br \/>\n\u2022 Kod towaru: 5367<br \/>\n\u2022 Kod EAN : 5902891286783<\/p>\n","protected":false},"excerpt":{"rendered":"<p>Paca szlifierska na motylek SOLID przeznaczona jest do szlifowania g\u0142adzi gipsowych. Jako wymiennych wk\u0142ad\u00f3w do pacy stosuje si\u0119 siatki \u015bcierne o odpowiedniej gradacji. Paca wykonana jest z tworzywa sztucznego. Strona robocza pokryta piank\u0105 o grubo\u015bci 3 mm. Dzi\u0119ki mocowaniu siatki \u015bciernej na \u015bruby &#8222;motylki&#8220; obs\u0142uga pacy jest wyj\u0105tkowo prosta i szybka. Nie potrzeba \u017cadnych dodatkowych narz\u0119dzi do zmiany zu\u017cytej siatki \u015bciernej.<\/p>\n","protected":false},"featured_media":22343,"comment_status":"open","ping_status":"closed","template":"","meta":{"_acf_changed":false,"inline_featured_image":false},"product_cat":[196],"product_tag":[2191,1815],"class_list":{"0":"post-21071","1":"product","2":"type-product","3":"status-publish","4":"has-post-thumbnail","6":"product_cat-narzedzia-reczne","7":"product_tag-paca-szlifierska","8":"product_tag-solid","10":"first","11":"instock","12":"shipping-taxable","13":"purchasable","14":"product-type-simple"},"acf":[],"_links":{"self":[{"href":"https:\/\/e-adams.pl\/de\/wp-json\/wp\/v2\/product\/21071","targetHints":{"allow":["GET"]}}],"collection":[{"href":"https:\/\/e-adams.pl\/de\/wp-json\/wp\/v2\/product"}],"about":[{"href":"https:\/\/e-adams.pl\/de\/wp-json\/wp\/v2\/types\/product"}],"replies":[{"embeddable":true,"href":"https:\/\/e-adams.pl\/de\/wp-json\/wp\/v2\/comments?post=21071"}],"wp:featuredmedia":[{"embeddable":true,"href":"https:\/\/e-adams.pl\/de\/wp-json\/wp\/v2\/media\/22343"}],"wp:attachment":[{"href":"https:\/\/e-adams.pl\/de\/wp-json\/wp\/v2\/media?parent=21071"}],"wp:term":[{"taxonomy":"product_cat","embeddable":true,"href":"https:\/\/e-adams.pl\/de\/wp-json\/wp\/v2\/product_cat?post=21071"},{"taxonomy":"product_tag","embeddable":true,"href":"https:\/\/e-adams.pl\/de\/wp-json\/wp\/v2\/product_tag?post=21071"}],"curies":[{"name":"wp","href":"https:\/\/api.w.org\/{rel}","templated":true}]}}