{"id":21072,"date":"2023-09-12T12:12:23","date_gmt":"2023-09-12T10:12:23","guid":{"rendered":"https:\/\/e-adams.pl\/produkt\/paca-szlifierska-na-motylek-z-guma-biala-4mm-a-10-6246\/"},"modified":"2024-07-15T11:31:19","modified_gmt":"2024-07-15T09:31:19","slug":"paca-szlifierska-na-motylek-solid-105-230","status":"publish","type":"product","link":"https:\/\/e-adams.pl\/de\/produkt\/paca-szlifierska-na-motylek-solid-105-230\/","title":{"rendered":"Paca szlifierska na motylek SOLID 105\/230mm"},"content":{"rendered":"<h3>OPIS:<\/h3>\n<p>Paca szlifierska na motylek <a href=\"https:\/\/e-adams.pl\/solid\">SOLID<\/a> przeznaczona jest do u\u017cytku z papierem \u015bciernym, a jej g\u0142\u00f3wne zadanie to szlifowanie g\u0142adzi gipsowych. Jako wymiennych wk\u0142ad\u00f3w do pacy stosuje si\u0119 siatki \u015bcierne o odpowiedniej gradacji. Paca wykonana jest z tworzywa sztucznego. Strona robocza pokryta piank\u0105 o grubo\u015bci 4 mm.<\/p>\n<p>Dzi\u0119ki mocowaniu siatki \u015bciernej na \u015bruby &#8222;motylki&#8220; obs\u0142uga pacy jest wyj\u0105tkowo prosta i szybka. Nie potrzeba \u017cadnych dodatkowych narz\u0119dzi do zmiany zu\u017cytej siatki \u015bciernej.<\/p>\n<h3>DANE TECHNICZNE:<\/h3>\n<p>\u2022 Wymiary: 100x200mm<br \/>\n\u2022 Grubo\u015b\u0107 pianki: 4mm (bia\u0142a)<br \/>\n\u2022 Mocowanie siatki \u015bciernej: \u015bruby motylki<br \/>\n\u2022 Waga: <span class=\"weight-value\">2<\/span>\u00a0kg<br \/>\n\u2022 Kod towaru: 6246<br \/>\n\u2022 Kod EAN : 5906554519348<\/p>\n","protected":false},"excerpt":{"rendered":"<p>Paca szlifierska na motylek SOLID przeznaczona jest do u\u017cytku z papierem \u015bciernym, a jej g\u0142\u00f3wne zadanie to szlifowanie g\u0142adzi gipsowych. Jako wymiennych wk\u0142ad\u00f3w do pacy stosuje si\u0119 siatki \u015bcierne o odpowiedniej gradacji. Paca wykonana jest z tworzywa sztucznego. Strona robocza pokryta piank\u0105 o grubo\u015bci 4 mm.<\/p>\n","protected":false},"featured_media":22344,"comment_status":"open","ping_status":"closed","template":"","meta":{"_acf_changed":false,"inline_featured_image":false},"product_cat":[196],"product_tag":[2191,1815],"class_list":{"0":"post-21072","1":"product","2":"type-product","3":"status-publish","4":"has-post-thumbnail","6":"product_cat-narzedzia-reczne","7":"product_tag-paca-szlifierska","8":"product_tag-solid","10":"first","11":"instock","12":"shipping-taxable","13":"purchasable","14":"product-type-simple"},"acf":[],"_links":{"self":[{"href":"https:\/\/e-adams.pl\/de\/wp-json\/wp\/v2\/product\/21072","targetHints":{"allow":["GET"]}}],"collection":[{"href":"https:\/\/e-adams.pl\/de\/wp-json\/wp\/v2\/product"}],"about":[{"href":"https:\/\/e-adams.pl\/de\/wp-json\/wp\/v2\/types\/product"}],"replies":[{"embeddable":true,"href":"https:\/\/e-adams.pl\/de\/wp-json\/wp\/v2\/comments?post=21072"}],"wp:featuredmedia":[{"embeddable":true,"href":"https:\/\/e-adams.pl\/de\/wp-json\/wp\/v2\/media\/22344"}],"wp:attachment":[{"href":"https:\/\/e-adams.pl\/de\/wp-json\/wp\/v2\/media?parent=21072"}],"wp:term":[{"taxonomy":"product_cat","embeddable":true,"href":"https:\/\/e-adams.pl\/de\/wp-json\/wp\/v2\/product_cat?post=21072"},{"taxonomy":"product_tag","embeddable":true,"href":"https:\/\/e-adams.pl\/de\/wp-json\/wp\/v2\/product_tag?post=21072"}],"curies":[{"name":"wp","href":"https:\/\/api.w.org\/{rel}","templated":true}]}}