{"id":21074,"date":"2023-09-12T12:12:25","date_gmt":"2023-09-12T10:12:25","guid":{"rendered":"https:\/\/e-adams.pl\/produkt\/paca-tarnik-przelotowa-160-380-k-10-6059\/"},"modified":"2024-07-15T11:31:18","modified_gmt":"2024-07-15T09:31:18","slug":"paca-tarnik-przelotowy-rubi-160-380-mm","status":"publish","type":"product","link":"https:\/\/e-adams.pl\/de\/produkt\/paca-tarnik-przelotowy-rubi-160-380-mm\/","title":{"rendered":"Paca tarnik przelotowy RUBI 160\/380 mm"},"content":{"rendered":"<h3>OPIS:<\/h3>\n<p>Tarnik przelotowy <a href=\"https:\/\/e-adams.pl\/solid\/\">SOLID<\/a> sprawdza si\u0119 podczas\u00a0prac budowlanych zwi\u0105zanych z izolacj\u0105 termiczn\u0105.\u00a0Doceniany jest za konstrukcj\u0119, poniewa\u017c podczas pracy ze styropianem,\u00a0kawa\u0142ki materia\u0142u swobodnie przechodz\u0105 przez a\u017curow\u0105 podstaw\u0119.\u00a0Przek\u0142ada si\u0119 to na\u00a0optymalizacj\u0119 czasu pracy oraz \u0142atwo\u015b\u0107 czyszczenia tarnika.<\/p>\n<p>Renomowany producent SOLID, b\u0119d\u0105cy liderem na rynku narz\u0119dzi r\u0119cznych, przedstawia tylko sprawdzone rozwi\u0105zania dla profesjonalist\u00f3w, ale i amator\u00f3w. Tarnik przelotowy RUBI to narz\u0119dzie, kt\u00f3re doceniane przez specjalist\u00f3w zajmuj\u0105cych si\u0119 izolacj\u0105 termiczn\u0105, a zw\u0142aszcza dla os\u00f3b pracuj\u0105cych ze styropianem. Dzi\u0119ki niemu mo\u017cesz\u00a0precyzyjnie i skutecznie\u00a0przeprowadzi\u0107 wiele prac zwi\u0105zanych z tym materia\u0142em,\u00a0niezale\u017cnie od jego twardo\u015bci.<\/p>\n<p>Tarnik umo\u017cliwia r\u00f3wnomierne u\u0142o\u017cenie i wyr\u00f3wnanie p\u0142yt styropianowych, co jest niezb\u0119dne do zapewnienia odpowiedniej izolacji termicznej. Charakteryzuje si\u0119 wieloma zaletami, dzi\u0119ki kt\u00f3rym cieszy si\u0119 uznaniem w\u015br\u00f3d profesjonalist\u00f3w zajmuj\u0105cych si\u0119 izolacj\u0105 termiczn\u0105. Do zalet mo\u017cna zaliczy\u0107:<\/p>\n<h3>DANE TECHNICZNE:<\/h3>\n<p>\u2022 D\u0142ugo\u015b\u0107: 270 mm<br \/>\n\u2022 Szeroko\u015b\u0107: 130 mm<br \/>\n\u2022 Indeks producenta: 6059<br \/>\n\u2022 Kod EAN: 5906554515340<\/p>\n","protected":false},"excerpt":{"rendered":"<p>Tarnik przelotowy <a href=\"https:\/\/e-adams.pl\/solid\/\">SOLID<\/a> sprawdza si\u0119 podczas\u00a0prac budowlanych zwi\u0105zanych z izolacj\u0105 termiczn\u0105.\u00a0Doceniany jest za konstrukcj\u0119, poniewa\u017c podczas pracy ze styropianem,\u00a0kawa\u0142ki materia\u0142u swobodnie przechodz\u0105 przez a\u017curow\u0105 podstaw\u0119.\u00a0Przek\u0142ada si\u0119 to na\u00a0optymalizacj\u0119 czasu pracy oraz \u0142atwo\u015b\u0107 czyszczenia tarnika.<\/p>\n","protected":false},"featured_media":22334,"comment_status":"open","ping_status":"closed","template":"","meta":{"_acf_changed":false,"inline_featured_image":false},"product_cat":[196],"product_tag":[2187,1815,2186],"class_list":{"0":"post-21074","1":"product","2":"type-product","3":"status-publish","4":"has-post-thumbnail","6":"product_cat-narzedzia-reczne","7":"product_tag-paca","8":"product_tag-solid","9":"product_tag-tarnik-przelotowy","11":"first","12":"instock","13":"shipping-taxable","14":"purchasable","15":"product-type-simple"},"acf":[],"_links":{"self":[{"href":"https:\/\/e-adams.pl\/de\/wp-json\/wp\/v2\/product\/21074","targetHints":{"allow":["GET"]}}],"collection":[{"href":"https:\/\/e-adams.pl\/de\/wp-json\/wp\/v2\/product"}],"about":[{"href":"https:\/\/e-adams.pl\/de\/wp-json\/wp\/v2\/types\/product"}],"replies":[{"embeddable":true,"href":"https:\/\/e-adams.pl\/de\/wp-json\/wp\/v2\/comments?post=21074"}],"wp:featuredmedia":[{"embeddable":true,"href":"https:\/\/e-adams.pl\/de\/wp-json\/wp\/v2\/media\/22334"}],"wp:attachment":[{"href":"https:\/\/e-adams.pl\/de\/wp-json\/wp\/v2\/media?parent=21074"}],"wp:term":[{"taxonomy":"product_cat","embeddable":true,"href":"https:\/\/e-adams.pl\/de\/wp-json\/wp\/v2\/product_cat?post=21074"},{"taxonomy":"product_tag","embeddable":true,"href":"https:\/\/e-adams.pl\/de\/wp-json\/wp\/v2\/product_tag?post=21074"}],"curies":[{"name":"wp","href":"https:\/\/api.w.org\/{rel}","templated":true}]}}