{"id":21075,"date":"2023-09-12T12:12:27","date_gmt":"2023-09-12T10:12:27","guid":{"rendered":"https:\/\/e-adams.pl\/produkt\/paca-z-tworzywa-abs-4mm-140-280-gr-4mm-6039\/"},"modified":"2024-07-15T11:31:21","modified_gmt":"2024-07-15T09:31:21","slug":"paca-z-tworzywa-abs-solid-r-euro-140-280-4mm","status":"publish","type":"product","link":"https:\/\/e-adams.pl\/de\/produkt\/paca-z-tworzywa-abs-solid-r-euro-140-280-4mm\/","title":{"rendered":"Paca z tworzywa ABS SOLID r. EURO 140\/280 4mm"},"content":{"rendered":"<h3>OPIS:<\/h3>\n<p>Paca z tworzywa ABS SOLID r. EURO jest g\u0142adka, wykonana z tworzywa sztucznego ABS posiada ergonomiczny uchwyt, kt\u00f3ry zdecydowanie wp\u0142ywa na zwi\u0119kszony komfort pracy, s\u0142u\u017cy do zacierania oraz fakturowania tynk\u00f3w strukturalnych i elewacyjnych, a dzi\u0119ki zastosowaniu tworzywa ABS cechuje si\u0119 zwi\u0119kszon\u0105 odporno\u015bci\u0105.<\/p>\n<h3>DANE TECHNICZNE:<\/h3>\n<div class=\"weight-div \">\u2022 Waga: <span class=\"weight-value\">2<\/span> kg<br \/>\n\u2022 Kod towaru: 6039<\/div>\n<div class=\"weight-div \">\u2022 EAN: 5906554514565<br \/>\n\u2022 Wymiary: 140x280mm<br \/>\n\u2022 Materia\u0142 ostrza: tworzywo ABS<br \/>\n\u2022 Grubo\u015b\u0107 p\u0142ytki: 4 mm<\/div>\n","protected":false},"excerpt":{"rendered":"<p>Paca z tworzywa ABS SOLID r. EURO jest g\u0142adka, wykonana z tworzywa sztucznego ABS. Posiada ergonomiczny uchwyt, kt\u00f3ry zdecydowanie wp\u0142ywa na zwi\u0119kszony komfort pracy, s\u0142u\u017cy do zacierania oraz fakturowania tynk\u00f3w strukturalnych i elewacyjnych, a dzi\u0119ki zastosowaniu tworzywa ABS cechuje si\u0119 zwi\u0119kszon\u0105 odporno\u015bci\u0105.<\/p>\n","protected":false},"featured_media":22331,"comment_status":"open","ping_status":"closed","template":"","meta":{"_acf_changed":false,"inline_featured_image":false},"product_cat":[196],"product_tag":[2185,1815],"class_list":{"0":"post-21075","1":"product","2":"type-product","3":"status-publish","4":"has-post-thumbnail","6":"product_cat-narzedzia-reczne","7":"product_tag-paca-z-tworzywa","8":"product_tag-solid","10":"first","11":"outofstock","12":"shipping-taxable","13":"purchasable","14":"product-type-simple"},"acf":[],"_links":{"self":[{"href":"https:\/\/e-adams.pl\/de\/wp-json\/wp\/v2\/product\/21075","targetHints":{"allow":["GET"]}}],"collection":[{"href":"https:\/\/e-adams.pl\/de\/wp-json\/wp\/v2\/product"}],"about":[{"href":"https:\/\/e-adams.pl\/de\/wp-json\/wp\/v2\/types\/product"}],"replies":[{"embeddable":true,"href":"https:\/\/e-adams.pl\/de\/wp-json\/wp\/v2\/comments?post=21075"}],"wp:featuredmedia":[{"embeddable":true,"href":"https:\/\/e-adams.pl\/de\/wp-json\/wp\/v2\/media\/22331"}],"wp:attachment":[{"href":"https:\/\/e-adams.pl\/de\/wp-json\/wp\/v2\/media?parent=21075"}],"wp:term":[{"taxonomy":"product_cat","embeddable":true,"href":"https:\/\/e-adams.pl\/de\/wp-json\/wp\/v2\/product_cat?post=21075"},{"taxonomy":"product_tag","embeddable":true,"href":"https:\/\/e-adams.pl\/de\/wp-json\/wp\/v2\/product_tag?post=21075"}],"curies":[{"name":"wp","href":"https:\/\/api.w.org\/{rel}","templated":true}]}}