{"id":21078,"date":"2023-09-12T12:12:29","date_gmt":"2023-09-12T10:12:29","guid":{"rendered":"https:\/\/e-adams.pl\/produkt\/pedzel-smolowiec-rudy-5239\/"},"modified":"2024-07-15T11:31:21","modified_gmt":"2024-07-15T09:31:21","slug":"pedzel-smolowiec-solid-rudy","status":"publish","type":"product","link":"https:\/\/e-adams.pl\/de\/produkt\/pedzel-smolowiec-solid-rudy\/","title":{"rendered":"P\u0119dzel smo\u0142owiec SOLID rudy"},"content":{"rendered":"<h3>OPIS:<\/h3>\n<p>P\u0119dzel smo\u0142owiec <a href=\"https:\/\/e-adams.pl\/solid\">SOLID<\/a> przeznaczony jest do nak\u0142adania i rozprowadzania, zar\u00f3wno na zimno jak i na gor\u0105co, smo\u0142y lub lepiku podczas klejenia papy i napraw dach\u00f3w lub innych prac zwi\u0105zanych z nak\u0142adaniem i rozprowadzaniem lepiku b\u0105d\u017a smo\u0142y. Szczotka zosta\u0142a wyprodukowana z w\u0142\u00f3kna kokosowego, kt\u00f3re wyr\u00f3\u017cnia si\u0119 odporno\u015bci\u0105 na wysok\u0105 temperatur\u0119.<\/p>\n<h3>DANE TECHNICZNE:<\/h3>\n<p>\u2022 Kod producenta: 5239<br \/>\n\u2022 Kod EAN: 5906554511021<\/p>\n","protected":false},"excerpt":{"rendered":"<p>P\u0119dzel smo\u0142owiec <a href=\"https:\/\/e-adams.pl\/solid\">SOLID<\/a> przeznaczony jest do nak\u0142adania i rozprowadzania, zar\u00f3wno na zimno jak i na gor\u0105co, smo\u0142y lub lepiku podczas klejenia papy i napraw dach\u00f3w lub innych prac zwi\u0105zanych z nak\u0142adaniem i rozprowadzaniem lepiku b\u0105d\u017a smo\u0142y. Szczotka zosta\u0142a wyprodukowana z w\u0142\u00f3kna kokosowego, kt\u00f3re wyr\u00f3\u017cnia si\u0119 odporno\u015bci\u0105 na wysok\u0105 temperatur\u0119.<\/p>\n","protected":false},"featured_media":22601,"comment_status":"open","ping_status":"closed","template":"","meta":{"_acf_changed":false,"inline_featured_image":false},"product_cat":[196],"product_tag":[2337,1815],"class_list":{"0":"post-21078","1":"product","2":"type-product","3":"status-publish","4":"has-post-thumbnail","6":"product_cat-narzedzia-reczne","7":"product_tag-pedzel-smolowiec","8":"product_tag-solid","10":"first","11":"instock","12":"shipping-taxable","13":"purchasable","14":"product-type-simple"},"acf":[],"_links":{"self":[{"href":"https:\/\/e-adams.pl\/de\/wp-json\/wp\/v2\/product\/21078","targetHints":{"allow":["GET"]}}],"collection":[{"href":"https:\/\/e-adams.pl\/de\/wp-json\/wp\/v2\/product"}],"about":[{"href":"https:\/\/e-adams.pl\/de\/wp-json\/wp\/v2\/types\/product"}],"replies":[{"embeddable":true,"href":"https:\/\/e-adams.pl\/de\/wp-json\/wp\/v2\/comments?post=21078"}],"wp:featuredmedia":[{"embeddable":true,"href":"https:\/\/e-adams.pl\/de\/wp-json\/wp\/v2\/media\/22601"}],"wp:attachment":[{"href":"https:\/\/e-adams.pl\/de\/wp-json\/wp\/v2\/media?parent=21078"}],"wp:term":[{"taxonomy":"product_cat","embeddable":true,"href":"https:\/\/e-adams.pl\/de\/wp-json\/wp\/v2\/product_cat?post=21078"},{"taxonomy":"product_tag","embeddable":true,"href":"https:\/\/e-adams.pl\/de\/wp-json\/wp\/v2\/product_tag?post=21078"}],"curies":[{"name":"wp","href":"https:\/\/api.w.org\/{rel}","templated":true}]}}