{"id":21079,"date":"2023-09-12T12:12:29","date_gmt":"2023-09-12T10:12:29","guid":{"rendered":"https:\/\/e-adams.pl\/produkt\/pedzel-nakrapiacz-5238\/"},"modified":"2024-07-15T11:31:20","modified_gmt":"2024-07-15T09:31:20","slug":"pedzel-nakrapiacz-5238","status":"publish","type":"product","link":"https:\/\/e-adams.pl\/de\/produkt\/pedzel-nakrapiacz-5238\/","title":{"rendered":"P\u0119dzel nakrapiacz SOLID"},"content":{"rendered":"<h3>OPIS:<\/h3>\n<p>P\u0119dzel nakrapiacz <a href=\"https:\/\/e-adams.pl\/solid\">SOLID<\/a>, inaczej zwany chlapakiem, wykonany zosta\u0142 z w\u0142\u00f3kna kokosowego oraz syntetycznego &#8211; polipropylenu. Cz\u0119\u015b\u0107 robocza przymocowana jest do drewnianego korpusu, do kt\u00f3rego przykr\u0119cony jest r\u00f3wnie\u017c wyprofilowany trzonek.\u00a0 Chlapak doskonale nadaje si\u0119\u00a0do lepik\u00f3w i mas izolacyjnych na zimno\u00a0oraz zmywania starych pow\u0142ok malarskich.<\/p>\n<h3>DANE TECHNICZNE:<\/h3>\n<p>\u2022 Kod producenta: 5238<br \/>\n\u2022 Kod EAN: 5906554511014<\/p>\n","protected":false},"excerpt":{"rendered":"<p>P\u0119dzel nakrapiacz <a href=\"https:\/\/e-adams.pl\/solid\">SOLID<\/a>, inaczej zwany chlapakiem, wykonany zosta\u0142 z w\u0142\u00f3kna kokosowego oraz syntetycznego &#8211; polipropylenu. Cz\u0119\u015b\u0107 robocza przymocowana jest do drewnianego korpusu, do kt\u00f3rego przykr\u0119cony jest r\u00f3wnie\u017c wyprofilowany trzonek.\u00a0 Chlapak doskonale nadaje si\u0119\u00a0do lepik\u00f3w i mas izolacyjnych na zimno\u00a0oraz zmywania starych pow\u0142ok malarskich.<\/p>\n","protected":false},"featured_media":22605,"comment_status":"open","ping_status":"closed","template":"","meta":{"_acf_changed":false,"inline_featured_image":false},"product_cat":[196],"product_tag":[2340,1815],"class_list":{"0":"post-21079","1":"product","2":"type-product","3":"status-publish","4":"has-post-thumbnail","6":"product_cat-narzedzia-reczne","7":"product_tag-pedzel-nakrapiacz","8":"product_tag-solid","10":"first","11":"instock","12":"shipping-taxable","13":"purchasable","14":"product-type-simple"},"acf":[],"_links":{"self":[{"href":"https:\/\/e-adams.pl\/de\/wp-json\/wp\/v2\/product\/21079","targetHints":{"allow":["GET"]}}],"collection":[{"href":"https:\/\/e-adams.pl\/de\/wp-json\/wp\/v2\/product"}],"about":[{"href":"https:\/\/e-adams.pl\/de\/wp-json\/wp\/v2\/types\/product"}],"replies":[{"embeddable":true,"href":"https:\/\/e-adams.pl\/de\/wp-json\/wp\/v2\/comments?post=21079"}],"wp:featuredmedia":[{"embeddable":true,"href":"https:\/\/e-adams.pl\/de\/wp-json\/wp\/v2\/media\/22605"}],"wp:attachment":[{"href":"https:\/\/e-adams.pl\/de\/wp-json\/wp\/v2\/media?parent=21079"}],"wp:term":[{"taxonomy":"product_cat","embeddable":true,"href":"https:\/\/e-adams.pl\/de\/wp-json\/wp\/v2\/product_cat?post=21079"},{"taxonomy":"product_tag","embeddable":true,"href":"https:\/\/e-adams.pl\/de\/wp-json\/wp\/v2\/product_tag?post=21079"}],"curies":[{"name":"wp","href":"https:\/\/api.w.org\/{rel}","templated":true}]}}