{"id":21082,"date":"2023-09-12T12:12:32","date_gmt":"2023-09-12T10:12:32","guid":{"rendered":"https:\/\/e-adams.pl\/produkt\/pigment-do-betonu-mix-bud-max-zolty-500ml-inchem\/"},"modified":"2024-09-26T19:47:51","modified_gmt":"2024-09-26T17:47:51","slug":"pigment-do-betonu-inchem-mix-bud-max-500ml-zolty","status":"publish","type":"product","link":"https:\/\/e-adams.pl\/de\/produkt\/pigment-do-betonu-inchem-mix-bud-max-500ml-zolty\/","title":{"rendered":"Pigment do betonu INCHEM MIX-BUD MAX 500ml \u017c\u00f3\u0142ty"},"content":{"rendered":"<h3>OPIS:<\/h3>\n<p>Pigment do betonu INCHEM MIX-BUD MAX to koncentrat pigmentowy w postaci wodnej dyspersji pigment\u00f3w z dodatkiem \u015brodk\u00f3w dysperguj\u0105co-zwil\u017caj\u0105cych i regulator\u00f3w lepko\u015bci. MIX-BUD max nie zawiera \u017cadnych \u017cywic, glikolu etylenowego, metali ci\u0119\u017ckich, lotnych zwi\u0105zk\u00f3w organicznych (VOC) i alkilofenoli oksyetylenowanych (APEO).<\/p>\n<p>Formu\u0142a koncentratu MIX-BUD max oparta zosta\u0142a na wyselekcjonowanych pigmentach nieorganicznych i organicznych o maksymalnej odporno\u015bci na \u015bwiat\u0142o, warunki zewn\u0119trzne, \u015brodowisko alkaliczne, wapno i cement.<\/p>\n<p>Zastosowane \u015brodki pomocnicze sprawiaj\u0105, \u017ce koncentrat MIX-BUD max doskonale rozprowadza si\u0119 zar\u00f3wno w dyspersyjnych farbach i tynkach jak i w materia\u0142ach budowlanych opartych na cemencie i\/lub wapnie daj\u0105c trwa\u0142y i r\u00f3wnomierny odcie\u0144.<\/p>\n<p>Koncentraty MIX-BUD max to gwarancja powtarzalnych, ekonomicznych rozwi\u0105za\u0144. W celu zapewnienia dok\u0142adno\u015bci i powtarzalno\u015bci koloru ka\u017cdy z koncentrat\u00f3w MIX-BUD max jest sprawdzany w naszym Laboratorium Kontroli Jako\u015bci. Badane s\u0105 takie parametry jak: g\u0119sto\u015b\u0107, lepko\u015b\u0107, pH, odcie\u0144 i si\u0142a koloru.<\/p>\n<h2>Spos\u00f3b u\u017cycia<\/h2>\n<div class=\"content\">\n<div class=\"field field-name-field-sposob-uzycia field-type-text-long field-label-hidden\">\n<div class=\"field-items\">\n<div class=\"field-item even\">\n<p>Przed zastosowaniem koncentrat MIX-BUD max nale\u017cy dok\u0142adnie wymiesza\u0107. Ewentualne rozwarstwienie nie jest wad\u0105 produktu. Nale\u017cy wykona\u0107 pr\u00f3b\u0119 barwienia na ma\u0142ej ilo\u015bci barwionego wyrobu w celu sprawdzenia wzajemnej tolerancji i okre\u015blenia odpowiedniej proporcji.<\/p>\n<p>Potrzebn\u0105 ilo\u015b\u0107 koncentratu odmierzy\u0107 lub odwa\u017cy\u0107 i powoli wlewa\u0107 do barwionego wyrobu dok\u0142adnie mieszaj\u0105c r\u0119cznie lub mechanicznie (betoniarka, mieszad\u0142o) do uzyskania jednolitego koloru. Podczas mieszania nale\u017cy unika\u0107 nadmiernego spienienia, co mo\u017ce pogorszy\u0107 w\u0142asno\u015bci aplikacyjne. Zalecany jest maksymalny dodatek 5% koncentratu MIX-BUD max na ca\u0142kowit\u0105 mas\u0119 wyrobu gotowego.<\/p>\n<h3>Kolorystyka<\/h3>\n<div class=\"content\">\n<div class=\"field field-name-field-opis-kolorystyki field-type-text-long field-label-hidden\">\n<div class=\"field-items\">\n<div class=\"field-item even\">\n<p>Koncentrat MIX-BUD max produkowany jest w 24\u00a0kolorach. W praktyce istnieje mo\u017cliwo\u015b\u0107 uzyskania nieograniczonej ilo\u015bci kolor\u00f3w i odcieni, poniewa\u017c pigmenty MIX-BUD max doskonale mieszaj\u0105 si\u0119 ze sob\u0105.<br \/>\nDaje to mo\u017cliwo\u015b\u0107 stworzenia w\u0142asnej kolorystyki.<\/p>\n<\/div>\n<\/div>\n<\/div>\n<\/div>\n<\/div>\n<\/div>\n<\/div>\n<\/div>\n","protected":false},"excerpt":{"rendered":"<p>Pigment do betonu INCHEM MIX-BUD MAX to koncentrat pigmentowy w postaci wodnej dyspersji pigment\u00f3w z dodatkiem \u015brodk\u00f3w dysperguj\u0105co-zwil\u017caj\u0105cych i regulator\u00f3w lepko\u015bci. MIX-BUD max nie zawiera \u017cadnych \u017cywic, glikolu etylenowego, metali ci\u0119\u017ckich, lotnych zwi\u0105zk\u00f3w organicznych (VOC) i alkilofenoli oksyetylenowanych (APEO).<\/p>\n","protected":false},"featured_media":22528,"comment_status":"open","ping_status":"closed","template":"","meta":{"_acf_changed":false,"inline_featured_image":false},"product_cat":[280],"product_tag":[2302,2303,2301],"class_list":{"0":"post-21082","1":"product","2":"type-product","3":"status-publish","4":"has-post-thumbnail","6":"product_cat-dodatki-do-zapraw-i-betonow","7":"product_tag-inchem","8":"product_tag-mix-bud-max","9":"product_tag-pigment-do-betonu","11":"first","12":"outofstock","13":"shipping-taxable","14":"purchasable","15":"product-type-simple"},"acf":[],"_links":{"self":[{"href":"https:\/\/e-adams.pl\/de\/wp-json\/wp\/v2\/product\/21082","targetHints":{"allow":["GET"]}}],"collection":[{"href":"https:\/\/e-adams.pl\/de\/wp-json\/wp\/v2\/product"}],"about":[{"href":"https:\/\/e-adams.pl\/de\/wp-json\/wp\/v2\/types\/product"}],"replies":[{"embeddable":true,"href":"https:\/\/e-adams.pl\/de\/wp-json\/wp\/v2\/comments?post=21082"}],"wp:featuredmedia":[{"embeddable":true,"href":"https:\/\/e-adams.pl\/de\/wp-json\/wp\/v2\/media\/22528"}],"wp:attachment":[{"href":"https:\/\/e-adams.pl\/de\/wp-json\/wp\/v2\/media?parent=21082"}],"wp:term":[{"taxonomy":"product_cat","embeddable":true,"href":"https:\/\/e-adams.pl\/de\/wp-json\/wp\/v2\/product_cat?post=21082"},{"taxonomy":"product_tag","embeddable":true,"href":"https:\/\/e-adams.pl\/de\/wp-json\/wp\/v2\/product_tag?post=21082"}],"curies":[{"name":"wp","href":"https:\/\/api.w.org\/{rel}","templated":true}]}}