{"id":21083,"date":"2023-09-12T12:12:33","date_gmt":"2023-09-12T10:12:33","guid":{"rendered":"https:\/\/e-adams.pl\/produkt\/podklad-solid-120-250-6055\/"},"modified":"2024-05-10T11:02:41","modified_gmt":"2024-05-10T09:02:41","slug":"podklad-z-wlokniny-solid-120-250-2-pak","status":"publish","type":"product","link":"https:\/\/e-adams.pl\/de\/produkt\/podklad-z-wlokniny-solid-120-250-2-pak\/","title":{"rendered":"Podk\u0142ad z w\u0142\u00f3kniny SOLID 120\/250 2-pak"},"content":{"rendered":"<h3>OPIS:<\/h3>\n<p>Podk\u0142ad z w\u0142\u00f3kniny <a href=\"https:\/\/e-adams.pl\/solid\">SOLID<\/a> to wysokiej jako\u015bci podk\u0142ady kt\u00f3re zosta\u0142y specjalnie zaprojektowana do efektywnego czyszczenia i polerowania p\u0142ytek ceramicznych po ich fugowaniu spoin\u0105 epoksydow\u0105. Paca z podk\u0142adem z w\u0142\u00f3kniny solid jest niezast\u0105pionym narz\u0119dziem dla profesjonalist\u00f3w oraz wszystkich, kt\u00f3rzy dbaj\u0105 o estetyk\u0119 i trwa\u0142o\u015b\u0107 swoich prac ceramicznych.<\/p>\n<p>Podk\u0142ad sk\u0142ada si\u0119 z dw\u00f3ch cz\u0119\u015bci &#8211; bia\u0142a i czarna w\u0142\u00f3knina. Dzi\u0119ki temu mo\u017cna zar\u00f3wno dok\u0142adnie oczy\u015bci\u0107 p\u0142ytki ceramiczne, usuwaj\u0105c nadmiar fugi epoksydowej, jak i doskonale je polerowa\u0107, nadaj\u0105c im po\u0142ysk i elegancki wygl\u0105d.<\/p>\n<h3>DANE TECHNICZNE:<\/h3>\n<p>\u2022 Kod towaru: 6055<br \/>\n\u2022 Kod EAN: 5906554515852<br \/>\n\u2022 Zastosowanie: czyszczenie, polerowanie p\u0142ytek ceramicznych<br \/>\n\u2022 Wymiary: 12&#215;25 cm<\/p>\n","protected":false},"excerpt":{"rendered":"<p>Podk\u0142ad z w\u0142\u00f3kniny <a href=\"https:\/\/e-adams.pl\/solid\">SOLID<\/a> to wysokiej jako\u015bci podk\u0142ady kt\u00f3re zosta\u0142y specjalnie zaprojektowana do efektywnego czyszczenia i polerowania p\u0142ytek ceramicznych po ich fugowaniu spoin\u0105 epoksydow\u0105. Paca z podk\u0142adem z w\u0142\u00f3kniny solid jest niezast\u0105pionym narz\u0119dziem dla profesjonalist\u00f3w oraz wszystkich, kt\u00f3rzy dbaj\u0105 o estetyk\u0119 i trwa\u0142o\u015b\u0107 swoich prac ceramicznych.<\/p>\n","protected":false},"featured_media":22589,"comment_status":"open","ping_status":"closed","template":"","meta":{"_acf_changed":false,"inline_featured_image":false},"product_cat":[101],"product_tag":[2326,1815],"class_list":{"0":"post-21083","1":"product","2":"type-product","3":"status-publish","4":"has-post-thumbnail","6":"product_cat-bramy-okna-ogrodzenia","7":"product_tag-podklad-z-wlokniny","8":"product_tag-solid","10":"first","11":"instock","12":"shipping-taxable","13":"purchasable","14":"product-type-simple"},"acf":[],"_links":{"self":[{"href":"https:\/\/e-adams.pl\/de\/wp-json\/wp\/v2\/product\/21083","targetHints":{"allow":["GET"]}}],"collection":[{"href":"https:\/\/e-adams.pl\/de\/wp-json\/wp\/v2\/product"}],"about":[{"href":"https:\/\/e-adams.pl\/de\/wp-json\/wp\/v2\/types\/product"}],"replies":[{"embeddable":true,"href":"https:\/\/e-adams.pl\/de\/wp-json\/wp\/v2\/comments?post=21083"}],"wp:featuredmedia":[{"embeddable":true,"href":"https:\/\/e-adams.pl\/de\/wp-json\/wp\/v2\/media\/22589"}],"wp:attachment":[{"href":"https:\/\/e-adams.pl\/de\/wp-json\/wp\/v2\/media?parent=21083"}],"wp:term":[{"taxonomy":"product_cat","embeddable":true,"href":"https:\/\/e-adams.pl\/de\/wp-json\/wp\/v2\/product_cat?post=21083"},{"taxonomy":"product_tag","embeddable":true,"href":"https:\/\/e-adams.pl\/de\/wp-json\/wp\/v2\/product_tag?post=21083"}],"curies":[{"name":"wp","href":"https:\/\/api.w.org\/{rel}","templated":true}]}}