{"id":21084,"date":"2023-09-12T12:12:33","date_gmt":"2023-09-12T10:12:33","guid":{"rendered":"https:\/\/e-adams.pl\/produkt\/primer-g-pro-1kg\/"},"modified":"2024-07-15T11:31:32","modified_gmt":"2024-07-15T09:31:32","slug":"koncentrat-gruntujacy-mapei-primer-g-pro-1l","status":"publish","type":"product","link":"https:\/\/e-adams.pl\/de\/produkt\/koncentrat-gruntujacy-mapei-primer-g-pro-1l\/","title":{"rendered":"Koncentrat gruntuj\u0105cy MAPEI PRIMER G PRO 1l"},"content":{"rendered":"<h3>OPIS:<\/h3>\n<p>Koncentrat gruntuj\u0105cy MAPEI PRIMER G PRO jest stosowany do pod\u0142o\u017cy o zr\u00f3\u017cnicowanej ch\u0142onno\u015bci, takich jak: beton, podk\u0142ady cementowe i anhydrytowe (r\u00f3wnie\u017c ogrzewane), tradycyjne tynki cementowe i cementowo-wapienne, tynki gipsowe, p\u0142yty gipsowo-kartonowe, gipsowo-w\u0142\u00f3knowe, w\u0142\u00f3kno-cementowe, wi\u00f3rowe, beton kom\u00f3rkowy, ceg\u0142y, pustaki ceramiczne, bloczki silikatowe itp.<\/p>\n<p>Stosuje si\u0119 go przed: wykonywaniem uszczelnie\u0144, uk\u0142adaniem p\u0142ytek, wylewaniem mas samopoziomuj\u0105cych, wyr\u00f3wnywaniem, szpachlowaniem i wyg\u0142adzaniem, malowaniem farbami wewn\u0119trznymi, tapetowaniem oraz innymi pracami wyko\u0144czeniowymi.<\/p>\n<p>Zastosowany w wersji nierozcie\u0144czonej, stanowi po wyschni\u0119ciu warstw\u0119 rozdzielaj\u0105c\u0105 pomi\u0119dzy materia\u0142ami, kt\u00f3re nie toleruj\u0105 si\u0119 pod wzgl\u0119dem chemicznym tj. podk\u0142adu anhydrytowego i cementowej masy samopoziomuj\u0105cej.<\/p>\n<h3>DANE TECHNICZNE:<\/h3>\n<ul>\n<li>Proporcje rozcie\u0144czania: od 1:1 do 1:3 wod\u0105 w zale\u017cno\u015bci od ch\u0142onno\u015bci pod\u0142o\u017ca.<\/li>\n<li>Minimalny czas schni\u0119cia: ok. 2 godz. (min. 15 min. przed rozpocz\u0119ciem klejenia p\u0142ytek ceramicznych).<\/li>\n<li>Temperatura stosowania: od +5\u00b0C do +35\u00b0C<\/li>\n<li>Nak\u0142adanie: wa\u0142kiem, p\u0119dzlem lub natryskiem.<\/li>\n<li>Kolor: niebieskawy.<\/li>\n<li>Przechowywanie: 12 miesi\u0119cy od daty produkcji okre\u015blonej na opakowaniu<\/li>\n<li>Zu\u017cycie: 100-200 ml\/m2, w zale\u017cno\u015bci od porowato\u015bci i ch\u0142onno\u015bci pod\u0142o\u017ca.<\/li>\n<li>Opakowania: 1l, 5l, 10l, 20l.<\/li>\n<li>Kod EAN: 8022452241123<\/li>\n<\/ul>\n","protected":false},"excerpt":{"rendered":"<p>Koncentrat gruntuj\u0105cy MAPEI PRIMER G PRO jest stosowany do pod\u0142o\u017cy o zr\u00f3\u017cnicowanej ch\u0142onno\u015bci, takich jak: beton, podk\u0142ady cementowe i anhydrytowe (r\u00f3wnie\u017c ogrzewane), tradycyjne tynki cementowe i cementowo-wapienne, tynki gipsowe, p\u0142yty gipsowo-kartonowe, gipsowo-w\u0142\u00f3knowe, w\u0142\u00f3kno-cementowe, wi\u00f3rowe, beton kom\u00f3rkowy, ceg\u0142y, pustaki ceramiczne, bloczki silikatowe itp.<\/p>\n","protected":false},"featured_media":22522,"comment_status":"open","ping_status":"closed","template":"","meta":{"_acf_changed":false,"inline_featured_image":false},"product_cat":[1455],"product_tag":[2281,984],"class_list":{"0":"post-21084","1":"product","2":"type-product","3":"status-publish","4":"has-post-thumbnail","6":"product_cat-grunty-2","7":"product_tag-koncentrat-gruntujacy","8":"product_tag-mapei","10":"first","11":"instock","12":"shipping-taxable","13":"purchasable","14":"product-type-simple"},"acf":[],"_links":{"self":[{"href":"https:\/\/e-adams.pl\/de\/wp-json\/wp\/v2\/product\/21084","targetHints":{"allow":["GET"]}}],"collection":[{"href":"https:\/\/e-adams.pl\/de\/wp-json\/wp\/v2\/product"}],"about":[{"href":"https:\/\/e-adams.pl\/de\/wp-json\/wp\/v2\/types\/product"}],"replies":[{"embeddable":true,"href":"https:\/\/e-adams.pl\/de\/wp-json\/wp\/v2\/comments?post=21084"}],"wp:featuredmedia":[{"embeddable":true,"href":"https:\/\/e-adams.pl\/de\/wp-json\/wp\/v2\/media\/22522"}],"wp:attachment":[{"href":"https:\/\/e-adams.pl\/de\/wp-json\/wp\/v2\/media?parent=21084"}],"wp:term":[{"taxonomy":"product_cat","embeddable":true,"href":"https:\/\/e-adams.pl\/de\/wp-json\/wp\/v2\/product_cat?post=21084"},{"taxonomy":"product_tag","embeddable":true,"href":"https:\/\/e-adams.pl\/de\/wp-json\/wp\/v2\/product_tag?post=21084"}],"curies":[{"name":"wp","href":"https:\/\/api.w.org\/{rel}","templated":true}]}}