{"id":21085,"date":"2023-09-12T12:12:34","date_gmt":"2023-09-12T10:12:34","guid":{"rendered":"https:\/\/e-adams.pl\/produkt\/rp-roll-patch-5mb-tasma-do-rozleglych-pekniec\/"},"modified":"2025-06-23T13:02:40","modified_gmt":"2025-06-23T11:02:40","slug":"tasma-do-pekniec-rp-roll-patch-5mb","status":"publish","type":"product","link":"https:\/\/e-adams.pl\/de\/produkt\/tasma-do-pekniec-rp-roll-patch-5mb\/","title":{"rendered":"Tasma do p\u0119kni\u0119\u0107 RP-ROLL PATCH 5mb"},"content":{"rendered":"<h3>OPIS:<\/h3>\n<p>Tasma do p\u0119kni\u0119\u0107 RP-ROLL PATCH stosuje si\u0119 do maskowania rozleg\u0142ych p\u0119kni\u0119\u0107 i uszkodze\u0144 na p\u0142ytach gipsowo-kartonowych. Ta\u015bma znajduje zastosowanie w miejsce siatki, fizeliny, ta\u015bmy papierowej.<br \/>\nROLL PATCH doskonale nadaje si\u0119 do obr\u00f3bki wszelkich otwor\u00f3w oraz puszek elektryczny zamontowanych w p\u0142ytach gipsowo-kartonowych.<\/p>\n<p>Niezwykle trwa\u0142a i odporna na p\u0119kanie , \u0142atwa i szybka w monta\u017cu. Posiada unikaln\u0105 struktur\u0119 tworz\u0105c\u0105 sztywne i g\u0142adkie powierzchnie.<br \/>\nOdporna na dzia\u0142anie wody i rdzy , wydajna gdy\u017c pozwala na wykorzystanie 100% materia\u0142u. Wielokrotnie mocniejsza ni\u017c zwyk\u0142a ta\u015bma papierowa oraz nie wymaga moczenia w wodzie.<\/p>\n<p>Pozwala na pokrycie dowolna farb\u0105, a zarazem nie wymaga stosowania dodatkowych narz\u0119dzi, jak spinacze czy ta\u015bmy montuj\u0105ce.<br \/>\nWygodna w u\u017cyciu, transporcie i przechowywaniu dzi\u0119ki nawini\u0119ciu na rolk\u0119.<\/p>\n<h2>Spos\u00f3b u\u017cycia:<\/h2>\n<p>1. Utnij ta\u015bm\u0119 na odpowiedni\u0105 d\u0142ugo\u015b\u0107.<br \/>\n2. W przypadku otwor\u00f3w oraz puszek elektrycznych<br \/>\nw ta\u015bmie na odcinku oko\u0142o 20 cm wytnij otw\u00f3r po\u017c\u0105danego kszta\u0142tu i wielko\u015bci.<br \/>\n3. W celu przyklejenia zastosuj mas\u0119 gipsow\u0105 i umie\u015b\u0107<br \/>\nta\u015bm\u0119 w miejscu przeznaczenia.<br \/>\n4. Wyci\u015bnij nadmiar masy gipsowej za pomoc\u0105 szpachelki.<br \/>\n5. Pokryj przyklejon\u0105 ta\u015bm\u0119 cienk\u0105 warstw\u0105 masy gipsowej o grubo\u015bci do 0,6 mm wyr\u00f3wnuj\u0105c z p\u0142aszczyzn\u0105 \u015bciany, pozostaw do wyschni\u0119cia.<br \/>\n6. Wyr\u00f3wnaj nier\u00f3wno\u015bci papierem \u015bciernym o gradacji<br \/>\nco najmniej 180.<\/p>\n","protected":false},"excerpt":{"rendered":"<p>Tasma do p\u0119kni\u0119\u0107 RP-ROLL PATCH stosuje si\u0119 do maskowania rozleg\u0142ych p\u0119kni\u0119\u0107 i uszkodze\u0144 na p\u0142ytach gipsowo-kartonowych. Ta\u015bma znajduje zastosowanie w miejsce siatki, fizeliny, ta\u015bmy papierowej.<br \/>\nROLL PATCH doskonale nadaje si\u0119 do obr\u00f3bki wszelkich otwor\u00f3w oraz puszek elektryczny zamontowanych w p\u0142ytach gipsowo-kartonowych.<\/p>\n","protected":false},"featured_media":22095,"comment_status":"open","ping_status":"closed","template":"","meta":{"_acf_changed":false,"inline_featured_image":false},"product_cat":[2282],"product_tag":[2052,2067,2066],"class_list":{"0":"post-21085","1":"product","2":"type-product","3":"status-publish","4":"has-post-thumbnail","6":"product_cat-tasmy-i-flizeliny","7":"product_tag-center-flex","8":"product_tag-rp-roll-patch","9":"product_tag-tasma-do-pekniec","11":"first","12":"instock","13":"shipping-taxable","14":"product-type-simple"},"acf":[],"_links":{"self":[{"href":"https:\/\/e-adams.pl\/de\/wp-json\/wp\/v2\/product\/21085","targetHints":{"allow":["GET"]}}],"collection":[{"href":"https:\/\/e-adams.pl\/de\/wp-json\/wp\/v2\/product"}],"about":[{"href":"https:\/\/e-adams.pl\/de\/wp-json\/wp\/v2\/types\/product"}],"replies":[{"embeddable":true,"href":"https:\/\/e-adams.pl\/de\/wp-json\/wp\/v2\/comments?post=21085"}],"wp:featuredmedia":[{"embeddable":true,"href":"https:\/\/e-adams.pl\/de\/wp-json\/wp\/v2\/media\/22095"}],"wp:attachment":[{"href":"https:\/\/e-adams.pl\/de\/wp-json\/wp\/v2\/media?parent=21085"}],"wp:term":[{"taxonomy":"product_cat","embeddable":true,"href":"https:\/\/e-adams.pl\/de\/wp-json\/wp\/v2\/product_cat?post=21085"},{"taxonomy":"product_tag","embeddable":true,"href":"https:\/\/e-adams.pl\/de\/wp-json\/wp\/v2\/product_tag?post=21085"}],"curies":[{"name":"wp","href":"https:\/\/api.w.org\/{rel}","templated":true}]}}