{"id":21089,"date":"2023-09-12T12:12:40","date_gmt":"2023-09-12T10:12:40","guid":{"rendered":"https:\/\/e-adams.pl\/produkt\/rubi-bloczek-diamentowy-do-polerowania-400\/"},"modified":"2024-02-15T11:49:36","modified_gmt":"2024-02-15T10:49:36","slug":"diamentowy-bloczek-do-polerowania-rubi-400","status":"publish","type":"product","link":"https:\/\/e-adams.pl\/de\/produkt\/diamentowy-bloczek-do-polerowania-rubi-400\/","title":{"rendered":"Diamentowy bloczek do polerowania RUBI 400"},"content":{"rendered":"<h3>OPIS:<\/h3>\n<p><span class=\"read-more-text-visible\">Diamentowy bloczek do polerowania <a href=\"https:\/\/e-adams.pl\/oferta\/rubi\/\">RUBI<\/a> maja lekko elastyczn\u0105 budow\u0119 i doskonale uk\u0142adaj\u0105 si\u0119 w d\u0142oni. Ponadto boczne wci\u0119cie zwi\u0119ksza ergonomi\u0119 uchwytu i zmniejsza zm\u0119czenie u\u017cytkownika. <\/span><span class=\"center-block center-align\">I<span class=\"read-more-text-visible\">dealnie nadaje si\u0119 do wyg\u0142adzania kraw\u0119dzi ci\u0119tych i powierzchni p\u0142ytek ceramicznych oraz kamieni naturalnych.<\/span><br \/>\n<\/span><span class=\"read-more-text-hidden\"><br \/>\nBloczkami do polerowania pracuje si\u0119 r\u0119cznie w miejscach, do kt\u00f3rych trudno dotrze\u0107 z elektronarz\u0119dziami, np. wewn\u0119trzne k\u0105ty, zag\u0142\u0119bienia lub naro\u017cniki. Ponadto doskonale nadaj\u0105 si\u0119 do wyg\u0142adzania i polerowania postrz\u0119pionych kraw\u0119dzi po ci\u0119ciu. Chc\u0105c uzyska\u0107 najlepszy rezultat nale\u017cy wzi\u0105\u0107 pod uwag\u0119 rodzaj materia\u0142u oraz jego stan.<br \/>\nBloczkami do polerowania mo\u017cna pracowa\u0107 na sucho, jednak\u017ce bardziej zalecane jest ch\u0142odzenie poprzez zwil\u017canie bloczka lub ci\u0105g\u0142e podawanie wody w obszar roboczy.<\/span><\/p>\n<p>Poszczeg\u00f3lne bloczki do polerowania maj\u0105 r\u00f3\u017cne granulacje, dzi\u0119ki czemu mo\u017cna je przeznaczy\u0107 do r\u00f3\u017cnych faz polerowania i wyko\u0144czania. Dobr\u0105 wskaz\u00f3wk\u0105 jest podzielenie pracy na poszczeg\u00f3lne etapy, w kt\u00f3rych u\u017cywa si\u0119 kolejnych bloczk\u00f3w &#8211; zaczynaj\u0105c tymi z du\u017cym ziarnem i ko\u0144cz\u0105c bloczkami z coraz drobniejszym ziarnem.<\/p>\n<p>W pracach szlifowania i\/lub wyg\u0142adzania bloczkiem nale\u017cy przesuwa\u0107 OD G\u00d3RY (najbardziej widocznego fragmentu) do DO\u0141U (dolnej cz\u0119\u015bci). Taki styl zmniejsza ryzyko uszkodzenia lub postrz\u0119pienia materia\u0142u.<br \/>\nFunkcje bloczk\u00f3w o r\u00f3\u017cnej granulacji s\u0105 nast\u0119puj\u0105ce::<\/p>\n<p>#60, #120 i #200 do wyg\u0142adzania (im mniejszy numer, tym wi\u0119ksze ziarno i szybsze \u015bcieranie materia\u0142u)<br \/>\n#400 do polerowania.<\/p>\n<p>Chc\u0105c uzyska\u0107 najlepszy efekt nale\u017cy wi\u0119cej czasu po\u015bwi\u0119ci\u0107 na prac\u0119 z bloczkami o wi\u0119kszym ziarnie.<\/p>\n<h3>DANE TECHNICZNE:<\/h3>\n<ul>\n<li><b>Ref. &#8211;<\/b>\u00a0<span class=\"mpn\">61977<\/span><\/li>\n<li><b>EAN-13 &#8211;<\/b>\u00a0<span class=\"ean\">8413797619775<\/span><\/li>\n<li><b>Ilo\u015b\u0107 sztuk w pude\u0142ku &#8211;<\/b>\u00a010<\/li>\n<\/ul>\n","protected":false},"excerpt":{"rendered":"<p><span class=\"read-more-text-visible\">Diamentowy bloczek do polerowania RUBI maja lekko elastyczn\u0105 budow\u0119 i doskonale uk\u0142adaja si\u0119 w d\u0142oni. Ponadto boczne wci\u0119cie zwi\u0119ksza ergonomi\u0119 uchwytu i zmniejsza zm\u0119czenie u\u017cytkownika. <\/span><span class=\"center-block center-align\">I<span class=\"read-more-text-visible\">dealnie nadaje si\u0119 do wyg\u0142adzania kraw\u0119dzi ci\u0119tych i powierzchni p\u0142ytek ceramicznych oraz kamieni naturalnych.<\/span><\/span><\/p>\n","protected":false},"featured_media":22171,"comment_status":"open","ping_status":"closed","template":"","meta":{"_acf_changed":false,"inline_featured_image":false},"product_cat":[2285],"product_tag":[2109,2108,1878],"class_list":{"0":"post-21089","1":"product","2":"type-product","3":"status-publish","4":"has-post-thumbnail","6":"product_cat-akcesoria-glazurnicze","7":"product_tag-bloczek-do-polerowania","8":"product_tag-diamentowy-bloczek","9":"product_tag-rubi","11":"first","12":"instock","13":"shipping-taxable","14":"purchasable","15":"product-type-simple"},"acf":[],"_links":{"self":[{"href":"https:\/\/e-adams.pl\/de\/wp-json\/wp\/v2\/product\/21089","targetHints":{"allow":["GET"]}}],"collection":[{"href":"https:\/\/e-adams.pl\/de\/wp-json\/wp\/v2\/product"}],"about":[{"href":"https:\/\/e-adams.pl\/de\/wp-json\/wp\/v2\/types\/product"}],"replies":[{"embeddable":true,"href":"https:\/\/e-adams.pl\/de\/wp-json\/wp\/v2\/comments?post=21089"}],"wp:featuredmedia":[{"embeddable":true,"href":"https:\/\/e-adams.pl\/de\/wp-json\/wp\/v2\/media\/22171"}],"wp:attachment":[{"href":"https:\/\/e-adams.pl\/de\/wp-json\/wp\/v2\/media?parent=21089"}],"wp:term":[{"taxonomy":"product_cat","embeddable":true,"href":"https:\/\/e-adams.pl\/de\/wp-json\/wp\/v2\/product_cat?post=21089"},{"taxonomy":"product_tag","embeddable":true,"href":"https:\/\/e-adams.pl\/de\/wp-json\/wp\/v2\/product_tag?post=21089"}],"curies":[{"name":"wp","href":"https:\/\/api.w.org\/{rel}","templated":true}]}}