{"id":21094,"date":"2023-09-12T12:12:44","date_gmt":"2023-09-12T10:12:44","guid":{"rendered":"https:\/\/e-adams.pl\/produkt\/rubi-cyclone-podstawa-plaska-10mm-100szt\/"},"modified":"2024-07-15T11:31:32","modified_gmt":"2024-07-15T09:31:32","slug":"podstawa-plaska-rubi-cyclone-10mm-100szt","status":"publish","type":"product","link":"https:\/\/e-adams.pl\/de\/produkt\/podstawa-plaska-rubi-cyclone-10mm-100szt\/","title":{"rendered":"Podstawa p\u0142aska RUBI CYCLONE 1,0mm 100szt"},"content":{"rendered":"<h3>OPIS:<\/h3>\n<p>Podstawa p\u0142aska <a href=\"https:\/\/e-adams.pl\/oferta\/rubi\/\">RUBI CYCLONE<\/a> <span class=\"read-more-text-visible\">to element systemu poziomowania RUBI. System jest szczeg\u00f3lnie polecany podczas pracy z p\u0142ytkami wielkoformatowymi (minimalny rozmiar to 30&#215;30 cm). <\/span><span class=\"read-more-text-hidden\">Podstawy w systemie CYCLONE r\u00f3\u017cni\u0105 si\u0119 grubo\u015bci\u0105 i kszta\u0142tem (p\u0142askie, krzy\u017cowe i &#8222;T&#8220;)*. Grubo\u015b\u0107 podstaw jest \u0142atwa w identyfikacji dzi\u0119ki r\u00f3\u017cnym kolorom.<\/span><\/p>\n<p><span class=\"read-more-text-visible\">G\u0142\u00f3wn\u0105 rol\u0105 CYCLONE LEVEL SYSTEM jest zapobieganie powstawaniu uskok\u00f3w i nier\u00f3wno\u015bci mi\u0119dzy p\u0142ytkami podczas ich uk\u0142adania, zar\u00f3wno na pod\u0142ogach jak i na \u015bcianach.<br \/>\n<\/span><span class=\"read-more-text-hidden\"><br \/>\nKorzystanie z CYCLONE LEVEL SYSTEM jest bardzo \u0142atwe i intuicyjne, a dobry efekt mo\u017cliwy jest do uzyskania niezale\u017cnie od umiej\u0119tno\u015bci i do\u015bwiadczenia u\u017cytkownika.<\/span><\/p>\n<p>Nakr\u0119tki s\u0105 wielokrotnego u\u017cytku. Szeroka podstawa zapewnia r\u00f3wnomierny docisk.<\/p>\n<p>Kszta\u0142t nakr\u0119tek CYCLONE LEVEL SYSTEM jest bardzo ergonomiczny i wygodny podczas r\u0119cznego dokr\u0119cania (system CYCLONE nie wymaga dodatkowych narz\u0119dzi podczas instalacji\u00a0 ani podczas usuwania). Nakr\u0119tki zapewniaj\u0105 te\u017c dobr\u0105 widoczno\u015b\u0107 powierzchni wok\u00f3\u0142 \u015bruby.<\/p>\n<p>Usuwanie element\u00f3w systemu CYCLONE po zako\u0144czonej instalacji odbywa si\u0119 poprzez uderzenie w nakr\u0119tk\u0119 (wzd\u0142u\u017c kraw\u0119dzi p\u0142ytki) i nie wymaga dodatkowych narz\u0119dzi.<\/p>\n<h3>DANE TECHNICZNE:<\/h3>\n<ul>\n<li><b>Ref. &#8211;<\/b>\u00a0<span class=\"mpn\">35937<\/span><\/li>\n<li><b>EAN-13 &#8211;<\/b>\u00a0<span class=\"ean\">8413797359374<\/span><\/li>\n<li><b>Ilo\u015b\u0107 sztuk w pude\u0142ku &#8211;<\/b>\u00a036<\/li>\n<\/ul>\n","protected":false},"excerpt":{"rendered":"<p>Podstawa p\u0142aska <a href=\"https:\/\/e-adams.pl\/oferta\/rubi\/\">RUBI CYCLONE<\/a> <span class=\"read-more-text-visible\">to element systemu poziomowania RUBI. System jest szczeg\u00f3lnie polecany podczas pracy z p\u0142ytkami wielkoformatowymi (minimalny rozmiar to 30&#215;30 cm). <\/span><span class=\"read-more-text-hidden\">Podstawy w systemie CYCLONE r\u00f3\u017cni\u0105 si\u0119 grubo\u015bci\u0105 i kszta\u0142tem (p\u0142askie, krzy\u017cowe i &#8222;T&#8220;)*. Grubo\u015b\u0107 podstaw jest \u0142atwa w identyfikacji dzi\u0119ki r\u00f3\u017cnym kolorom.<\/span><\/p>\n","protected":false},"featured_media":22182,"comment_status":"open","ping_status":"closed","template":"","meta":{"_acf_changed":false,"inline_featured_image":false},"product_cat":[2293],"product_tag":[2110,2077,2111],"class_list":{"0":"post-21094","1":"product","2":"type-product","3":"status-publish","4":"has-post-thumbnail","6":"product_cat-systemy-poziomowania-plytek","7":"product_tag-podstawa-plaska","8":"product_tag-rubi-cyclone","9":"product_tag-system-poziomowania","11":"first","12":"instock","13":"shipping-taxable","14":"purchasable","15":"product-type-simple"},"acf":[],"_links":{"self":[{"href":"https:\/\/e-adams.pl\/de\/wp-json\/wp\/v2\/product\/21094","targetHints":{"allow":["GET"]}}],"collection":[{"href":"https:\/\/e-adams.pl\/de\/wp-json\/wp\/v2\/product"}],"about":[{"href":"https:\/\/e-adams.pl\/de\/wp-json\/wp\/v2\/types\/product"}],"replies":[{"embeddable":true,"href":"https:\/\/e-adams.pl\/de\/wp-json\/wp\/v2\/comments?post=21094"}],"wp:featuredmedia":[{"embeddable":true,"href":"https:\/\/e-adams.pl\/de\/wp-json\/wp\/v2\/media\/22182"}],"wp:attachment":[{"href":"https:\/\/e-adams.pl\/de\/wp-json\/wp\/v2\/media?parent=21094"}],"wp:term":[{"taxonomy":"product_cat","embeddable":true,"href":"https:\/\/e-adams.pl\/de\/wp-json\/wp\/v2\/product_cat?post=21094"},{"taxonomy":"product_tag","embeddable":true,"href":"https:\/\/e-adams.pl\/de\/wp-json\/wp\/v2\/product_tag?post=21094"}],"curies":[{"name":"wp","href":"https:\/\/api.w.org\/{rel}","templated":true}]}}