{"id":21107,"date":"2023-09-12T12:12:53","date_gmt":"2023-09-12T10:12:53","guid":{"rendered":"https:\/\/e-adams.pl\/produkt\/rubi-diam-flap-disc-115mm-50-60-zgrubny\/"},"modified":"2024-05-10T11:02:39","modified_gmt":"2024-05-10T09:02:39","slug":"diamentowy-dysk-rubi-115mm-50-60-zgrubny","status":"publish","type":"product","link":"https:\/\/e-adams.pl\/de\/produkt\/diamentowy-dysk-rubi-115mm-50-60-zgrubny\/","title":{"rendered":"Diamentowy dysk RUBI 115MM 50\/60 zgrubny"},"content":{"rendered":"<h3>OPIS:<\/h3>\n<p><span class=\"read-more-text-visible\">Diamentowy dysk <a href=\"https:\/\/e-adams.pl\/oferta\/rubi\/\">RUBI<\/a> jest szczeg\u00f3lnie polecany do szlifowania p\u0142ytek ceramicznych, gresu porcelanowego, kamienia naturalnego i spiekanego. Dyski te s\u0105 szczeg\u00f3lnie polecane do szlifowania kraw\u0119dzi oraz niewielkich powierzchni, dzi\u0119ki czemu doskonale sprawdzaj\u0105 si\u0119 podczas wykonywania ukosowania i faz przy u\u017cyciu szlifierki.<br \/>\n<\/span><span class=\"read-more-text-hidden\"><br \/>\nDiamentowe dyski elastyczne zawieraj\u0105 aluminiowy adapter z gwintem M14, pasuj\u0105cy do ka\u017cdej standardowej szlifierki dost\u0119pnej na rynku. Adapter pomaga r\u00f3wnie\u017c w redukcji wibracji i zapewnia lepsz\u0105 stabilno\u015b\u0107 podczas pracy.<\/span><\/p>\n<p>Dyski diamentowe s\u0105 galwanizowane i u\u0142atwiaj\u0105 szybkie szlifowanie z doskona\u0142ym wyko\u0144czeniem.<\/p>\n<p>Diamentowe dyski FLAP DISC s\u0105 dost\u0119pne w dw\u00f3ch \u015brednicach:115 mm i 125 mm. Obie \u015brednice wyst\u0119puj\u0105 w trzech gradacjach rozmiaru ziarna diamentowego, aby zapewni\u0107 zar\u00f3wno odpowiedni\u0105 wydajno\u015b\u0107 jak i jako\u015b\u0107 wyko\u0144czenia. Dostepne s\u0105 nast\u0119puj\u0105ce gradacje ziarna: &#8211; #50\/60 &#8211; wst\u0119pna i agresywna obrobka zgrubna &#8211; #100\/120 &#8211; obr\u00f3bka \u015brednio-zgrubna &#8211; #200 &#8211; ko\u0144cowa obr\u00f3bka dok\u0142adna, bez polerowania Przygotowan\u0105 powierzchni\u0119 mo\u017cna nastepnie polerowa\u0107 przy u\u017cyciu np. diamentowych nak\u0142adek do polerowania.<\/p>\n<p>Maksymalna zalecana pr\u0119dko\u015b\u0107 robocza to 10.500 obr.\/min. (\u015brednica 115 mm) oraz 9.650 obr.\/min. (\u015brednica 125 mm).<\/p>\n<h3>Dane techniczne:<\/h3>\n<ul>\n<li><b>Ref. &#8211;<\/b> <span class=\"mpn\">32921<\/span><\/li>\n<li><b>EAN-13 &#8211;<\/b> <span class=\"ean\">8413797329216<\/span><\/li>\n<li><b>Obroty na minut\u0119 &#8211;<\/b> 10500<\/li>\n<li><b>\u015arednica zewn\u0119trzna &#8211;<\/b> 115 mm<\/li>\n<li><b>Waga netto &#8211;<\/b> 0,42 kg<\/li>\n<li><b>Ilo\u015b\u0107 sztuk w pude\u0142ku &#8211;<\/b> 1<\/li>\n<\/ul>\n","protected":false},"excerpt":{"rendered":"<p><span class=\"read-more-text-visible\">Diamentowy dysk RUBI jest szczeg\u00f3lnie polecany do szlifowania p\u0142ytek ceramicznych, gresu porcelanowego, kamienia naturalnego i spiekanego. Dyski te s\u0105 szczeg\u00f3lnie polecane do szlifowania kraw\u0119dzi oraz niewielkich powierzchni, dzi\u0119ki czemu doskonale sprawdzaj\u0105 si\u0119 podczas wykonywania ukosowania i faz przy u\u017cyciu szlifierki.<\/span><\/p>\n","protected":false},"featured_media":21980,"comment_status":"open","ping_status":"closed","template":"","meta":{"_acf_changed":false,"inline_featured_image":false},"product_cat":[2297],"product_tag":[1993,1878,1994],"class_list":{"0":"post-21107","1":"product","2":"type-product","3":"status-publish","4":"has-post-thumbnail","6":"product_cat-tarcze","7":"product_tag-diamentowy-dysk","8":"product_tag-rubi","9":"product_tag-szlifowanie-gresu","11":"first","12":"instock","13":"shipping-taxable","14":"purchasable","15":"product-type-simple"},"acf":[],"_links":{"self":[{"href":"https:\/\/e-adams.pl\/de\/wp-json\/wp\/v2\/product\/21107","targetHints":{"allow":["GET"]}}],"collection":[{"href":"https:\/\/e-adams.pl\/de\/wp-json\/wp\/v2\/product"}],"about":[{"href":"https:\/\/e-adams.pl\/de\/wp-json\/wp\/v2\/types\/product"}],"replies":[{"embeddable":true,"href":"https:\/\/e-adams.pl\/de\/wp-json\/wp\/v2\/comments?post=21107"}],"wp:featuredmedia":[{"embeddable":true,"href":"https:\/\/e-adams.pl\/de\/wp-json\/wp\/v2\/media\/21980"}],"wp:attachment":[{"href":"https:\/\/e-adams.pl\/de\/wp-json\/wp\/v2\/media?parent=21107"}],"wp:term":[{"taxonomy":"product_cat","embeddable":true,"href":"https:\/\/e-adams.pl\/de\/wp-json\/wp\/v2\/product_cat?post=21107"},{"taxonomy":"product_tag","embeddable":true,"href":"https:\/\/e-adams.pl\/de\/wp-json\/wp\/v2\/product_tag?post=21107"}],"curies":[{"name":"wp","href":"https:\/\/api.w.org\/{rel}","templated":true}]}}