{"id":21112,"date":"2023-09-12T12:12:57","date_gmt":"2023-09-12T10:12:57","guid":{"rendered":"https:\/\/e-adams.pl\/produkt\/rubi-filtr-na-mokro-do-odkurzacza-as-30-pro-230v-50999\/"},"modified":"2024-02-15T11:49:47","modified_gmt":"2024-02-15T10:49:47","slug":"filtr-na-mokro-rubi-do-odkurzacza-as-30-pro","status":"publish","type":"product","link":"https:\/\/e-adams.pl\/de\/produkt\/filtr-na-mokro-rubi-do-odkurzacza-as-30-pro\/","title":{"rendered":"Filtr na mokro RUBI do odkurzacza AS-30 PRO"},"content":{"rendered":"<h3>OPIS:<\/h3>\n<p>Filtr na mokro RUBI do odkurzacza <a href=\"https:\/\/e-adams.pl\/oferta\/rubi\/\">AS-30 PRO<\/a>\u00a0to specjalny element wyposa\u017cenia przeznaczony do odkurzania zar\u00f3wno na mokro. Jest to przydatne narz\u0119dzie, kt\u00f3re mo\u017cna zastosowa\u0107 w r\u00f3\u017cnych dziedzinach, takich jak prace budowlane, remontowe, czy utrzymanie czysto\u015bci w warsztatach.<\/p>\n<p>Wymiana filtr\u00f3w w odkurzaczu AS-30-PRO gwarantuje uzyskanie maksymalnej wydajno\u015bci w codziennej pracy.<\/p>\n<p>\u2022 <strong>Odkurzanie na mokro<\/strong>: Filtr umo\u017cliwia r\u00f3wnie\u017c odkurzanie na mokro. Mo\u017cna go u\u017cywa\u0107 do usuwania p\u0142yn\u00f3w, wody, oleju, czy innych cieczy. Filtr ten zabezpiecza silnik odkurzacza przed zalaniem i zapewnia skuteczne oddzielenie p\u0142yn\u00f3w od osad\u00f3w, co u\u0142atwia utylizacj\u0119 odpad\u00f3w. Dzi\u0119ki temu odkurzacz pozostaje wydajny i ma d\u0142u\u017csz\u0105 \u017cywotno\u015b\u0107.<\/p>\n<h3>DANE TECHNICZNE:<\/h3>\n<ul>\n<li><b>Ref. &#8211;<\/b>\u00a0<span class=\"mpn\">50999<\/span><\/li>\n<li><b>EAN-13 &#8211;<\/b>\u00a0<span class=\"ean\">8413797509991<\/span><\/li>\n<li><b>Ilo\u015b\u0107 sztuk w pude\u0142ku &#8211;<\/b>\u00a01<\/li>\n<\/ul>\n<p>&nbsp;<\/p>\n","protected":false},"excerpt":{"rendered":"<p>Filtr na mokro RUBI do odkurzacza <a href=\"https:\/\/e-adams.pl\/oferta\/rubi\/\">AS-30 PRO<\/a>\u00a0to specjalny element wyposa\u017cenia przeznaczony do odkurzania zar\u00f3wno na mokro. Jest to przydatne narz\u0119dzie, kt\u00f3re mo\u017cna zastosowa\u0107 w r\u00f3\u017cnych dziedzinach, takich jak prace budowlane, remontowe, czy utrzymanie czysto\u015bci w warsztatach.<\/p>\n","protected":false},"featured_media":22255,"comment_status":"open","ping_status":"closed","template":"","meta":{"_acf_changed":false,"inline_featured_image":false},"product_cat":[101],"product_tag":[2159,2164],"class_list":{"0":"post-21112","1":"product","2":"type-product","3":"status-publish","4":"has-post-thumbnail","6":"product_cat-bramy-okna-ogrodzenia","7":"product_tag-as-30-pro","8":"product_tag-filtr-na-mokro","10":"first","11":"instock","12":"shipping-taxable","13":"purchasable","14":"product-type-simple"},"acf":[],"_links":{"self":[{"href":"https:\/\/e-adams.pl\/de\/wp-json\/wp\/v2\/product\/21112","targetHints":{"allow":["GET"]}}],"collection":[{"href":"https:\/\/e-adams.pl\/de\/wp-json\/wp\/v2\/product"}],"about":[{"href":"https:\/\/e-adams.pl\/de\/wp-json\/wp\/v2\/types\/product"}],"replies":[{"embeddable":true,"href":"https:\/\/e-adams.pl\/de\/wp-json\/wp\/v2\/comments?post=21112"}],"wp:featuredmedia":[{"embeddable":true,"href":"https:\/\/e-adams.pl\/de\/wp-json\/wp\/v2\/media\/22255"}],"wp:attachment":[{"href":"https:\/\/e-adams.pl\/de\/wp-json\/wp\/v2\/media?parent=21112"}],"wp:term":[{"taxonomy":"product_cat","embeddable":true,"href":"https:\/\/e-adams.pl\/de\/wp-json\/wp\/v2\/product_cat?post=21112"},{"taxonomy":"product_tag","embeddable":true,"href":"https:\/\/e-adams.pl\/de\/wp-json\/wp\/v2\/product_tag?post=21112"}],"curies":[{"name":"wp","href":"https:\/\/api.w.org\/{rel}","templated":true}]}}