{"id":21113,"date":"2023-09-12T12:12:58","date_gmt":"2023-09-12T10:12:58","guid":{"rendered":"https:\/\/e-adams.pl\/produkt\/rubi-frez-pro-edger-45x15-drobne-ziarno-16985\/"},"modified":"2024-07-23T14:21:36","modified_gmt":"2024-07-23T12:21:36","slug":"frez-rubi-pro-edger-45x15-drobne-ziarno","status":"publish","type":"product","link":"https:\/\/e-adams.pl\/de\/produkt\/frez-rubi-pro-edger-45x15-drobne-ziarno\/","title":{"rendered":"Frez RUBI PRO EDGER 45&#215;15 drobne ziarno"},"content":{"rendered":"<h3>OPIS:<\/h3>\n<p><span class=\"read-more-text-visible\">Frez diamentowy <a href=\"https:\/\/e-adams.pl\/oferta\/rubi\/\">RUBI PRO<\/a> EDGER 45 pozwala na precyzyjne ukosowanie wszystkich rodzaj\u00f3w p\u0142ytek ceramicznych, kamienia naturalnego i sztucznego o grubo\u015bci do 15 lub 20 mm, w zale\u017cno\u015bci od modelu.<\/span><\/p>\n<p>Gama sk\u0142ada si\u0119 z kilku modeli frez\u00f3w, w kt\u00f3rych ziarna diamentowe s\u0105 napawane pr\u00f3\u017cniowo.<\/p>\n<p><span class=\"read-more-text-hidden\">Grube ziarno frez\u00f3w TURBO TWIST pozwala na szybsze \u015bcieranie kraw\u0119dzi, przed jej wyko\u0144czeniem frezem drobnoziarnistym.<\/span><\/p>\n<p>Frez drobnoziarnisty powinien by\u0107 dobrany wed\u0142ug maksymalnej grubo\u015bci materia\u0142u: 15 lub 20 mm.<\/p>\n<p>Wszystkie frezy PRO EDGER mo\u017cna stosowa\u0107 tylko z urz\u0105dzeniem do ukosowania RUBI PRO-EDGER. Zalecana pr\u0119dko\u015b\u0107 dla frez\u00f3w\u00a0 to 9000-12000 obr\/min.<\/p>\n<h3>Dane techniczne:<\/h3>\n<ul>\n<li><b>Ref. &#8211;<\/b> <span class=\"mpn\">16985<\/span><\/li>\n<li><b>EAN-13 &#8211;<\/b> <span class=\"ean\">8413797169850<\/span><\/li>\n<li><b>Obroty na minut\u0119 &#8211;<\/b> 12000 max.<\/li>\n<li><b>\u015arednica zewn\u0119trzna &#8211;<\/b> 84 mm<\/li>\n<li><b>\u015arednica wewn\u0119trzna &#8211;<\/b> M16 mm<\/li>\n<li><b>Ilo\u015b\u0107 sztuk w pude\u0142ku &#8211;<\/b> 1<\/li>\n<\/ul>\n","protected":false},"excerpt":{"rendered":"<p><span class=\"read-more-text-visible\">Frez diamentowy RUBI PRO EDGER 45 pozwala na precyzyjne ukosowanie wszystkich rodzaj\u00f3w p\u0142ytek ceramicznych, kamienia naturalnego i sztucznego. <span class=\"read-more-text-hidden\">Ziarno frez\u00f3w pozwala na szybsze \u015bcieranie kraw\u0119dzi, przed jej wyko\u0144czeniem frezem drobnoziarnistym.<\/span><br \/>\n<\/span><\/p>\n","protected":false},"featured_media":21993,"comment_status":"open","ping_status":"closed","template":"","meta":{"_acf_changed":false,"inline_featured_image":false},"product_cat":[2298],"product_tag":[2001,2002,1878,2003],"class_list":{"0":"post-21113","1":"product","2":"type-product","3":"status-publish","4":"has-post-thumbnail","6":"product_cat-otwornice-koronki-frezy","7":"product_tag-frez-diamentowy","8":"product_tag-pro-edger","9":"product_tag-rubi","10":"product_tag-ukosowanie","12":"first","13":"instock","14":"shipping-taxable","15":"purchasable","16":"product-type-simple"},"acf":[],"_links":{"self":[{"href":"https:\/\/e-adams.pl\/de\/wp-json\/wp\/v2\/product\/21113","targetHints":{"allow":["GET"]}}],"collection":[{"href":"https:\/\/e-adams.pl\/de\/wp-json\/wp\/v2\/product"}],"about":[{"href":"https:\/\/e-adams.pl\/de\/wp-json\/wp\/v2\/types\/product"}],"replies":[{"embeddable":true,"href":"https:\/\/e-adams.pl\/de\/wp-json\/wp\/v2\/comments?post=21113"}],"wp:featuredmedia":[{"embeddable":true,"href":"https:\/\/e-adams.pl\/de\/wp-json\/wp\/v2\/media\/21993"}],"wp:attachment":[{"href":"https:\/\/e-adams.pl\/de\/wp-json\/wp\/v2\/media?parent=21113"}],"wp:term":[{"taxonomy":"product_cat","embeddable":true,"href":"https:\/\/e-adams.pl\/de\/wp-json\/wp\/v2\/product_cat?post=21113"},{"taxonomy":"product_tag","embeddable":true,"href":"https:\/\/e-adams.pl\/de\/wp-json\/wp\/v2\/product_tag?post=21113"}],"curies":[{"name":"wp","href":"https:\/\/api.w.org\/{rel}","templated":true}]}}