{"id":21116,"date":"2023-09-12T12:13:01","date_gmt":"2023-09-12T10:13:01","guid":{"rendered":"https:\/\/e-adams.pl\/produkt\/rubi-frez-pro-edger-r5-drobne-ziarno\/"},"modified":"2024-02-15T11:49:36","modified_gmt":"2024-02-15T10:49:36","slug":"frez-diamentowy-rubi-pro-edger-r5-drobne-ziarno","status":"publish","type":"product","link":"https:\/\/e-adams.pl\/de\/produkt\/frez-diamentowy-rubi-pro-edger-r5-drobne-ziarno\/","title":{"rendered":"Frez diamentowy RUBI PRO EDGER R5 drobne ziarno"},"content":{"rendered":"<h3>OPIS:<\/h3>\n<p>Frez diamentowy RUBI PRO EDGER R5 drobne ziarno pozwalaj\u0105 na precyzyjne ukosowanie wszystkich rodzaj\u00f3w p\u0142ytek ceramicznych, kamienia naturalnego i sztucznego od strony zewn\u0119trznej.<\/p>\n<p>Gama sk\u0142ada si\u0119 z kilku modeli frez\u00f3w, w kt\u00f3rych ziarna diamentowe s\u0105 napawane pr\u00f3\u017cniowo.<\/p>\n<p>Wszystkie frezy PRO-EDGER mo\u017cna stosowa\u0107 tylko z urz\u0105dzeniem do ukosowania RUBI . Zalecana pr\u0119dko\u015b\u0107 dla frez\u00f3w PRO-EDGER to 9000-12000 obr\/min.<\/p>\n<h3>DANE TECHNICZNE:<\/h3>\n<ul>\n<li><b>Ref. &#8211;<\/b>\u00a0<span class=\"mpn\">16957<\/span><\/li>\n<li><b>EAN-13 &#8211;<\/b>\u00a0<span class=\"ean\">8413797169577<\/span><\/li>\n<li><b>Obroty na minut\u0119 &#8211;<\/b>\u00a012000 max.<\/li>\n<li><b>\u015arednica zewn\u0119trzna &#8211;<\/b>\u00a066 mm<\/li>\n<li><b>\u015arednica wewn\u0119trzna &#8211;<\/b>\u00a0M16 mm<\/li>\n<li><b>Ilo\u015b\u0107 sztuk w pude\u0142ku &#8211;<\/b>\u00a01<\/li>\n<\/ul>\n","protected":false},"excerpt":{"rendered":"<p>Frez diamentowy RUBI PRO EDGER R5 drobne ziarno pozwalaj\u0105 na precyzyjne ukosowanie wszystkich rodzaj\u00f3w p\u0142ytek ceramicznych, kamienia naturalnego i sztucznego od strony zewn\u0119trznej.<\/p>\n","protected":false},"featured_media":22068,"comment_status":"open","ping_status":"closed","template":"","meta":{"_acf_changed":false,"inline_featured_image":false},"product_cat":[2298],"product_tag":[2001,2004],"class_list":{"0":"post-21116","1":"product","2":"type-product","3":"status-publish","4":"has-post-thumbnail","6":"product_cat-otwornice-koronki-frezy","7":"product_tag-frez-diamentowy","8":"product_tag-rubi-pro-edger","10":"first","11":"instock","12":"shipping-taxable","13":"purchasable","14":"product-type-simple"},"acf":[],"_links":{"self":[{"href":"https:\/\/e-adams.pl\/de\/wp-json\/wp\/v2\/product\/21116","targetHints":{"allow":["GET"]}}],"collection":[{"href":"https:\/\/e-adams.pl\/de\/wp-json\/wp\/v2\/product"}],"about":[{"href":"https:\/\/e-adams.pl\/de\/wp-json\/wp\/v2\/types\/product"}],"replies":[{"embeddable":true,"href":"https:\/\/e-adams.pl\/de\/wp-json\/wp\/v2\/comments?post=21116"}],"wp:featuredmedia":[{"embeddable":true,"href":"https:\/\/e-adams.pl\/de\/wp-json\/wp\/v2\/media\/22068"}],"wp:attachment":[{"href":"https:\/\/e-adams.pl\/de\/wp-json\/wp\/v2\/media?parent=21116"}],"wp:term":[{"taxonomy":"product_cat","embeddable":true,"href":"https:\/\/e-adams.pl\/de\/wp-json\/wp\/v2\/product_cat?post=21116"},{"taxonomy":"product_tag","embeddable":true,"href":"https:\/\/e-adams.pl\/de\/wp-json\/wp\/v2\/product_tag?post=21116"}],"curies":[{"name":"wp","href":"https:\/\/api.w.org\/{rel}","templated":true}]}}