{"id":21122,"date":"2023-09-12T12:13:05","date_gmt":"2023-09-12T10:13:05","guid":{"rendered":"https:\/\/e-adams.pl\/produkt\/rubi-koronka-diamentowa-50mm-foragres\/"},"modified":"2024-02-15T11:49:45","modified_gmt":"2024-02-15T10:49:45","slug":"koronka-diamentowa-rubi-foragres-50mm","status":"publish","type":"product","link":"https:\/\/e-adams.pl\/de\/produkt\/koronka-diamentowa-rubi-foragres-50mm\/","title":{"rendered":"Koronka diamentowa RUBI FORAGRES &#8211; 50mm"},"content":{"rendered":"<h3>OPIS:<\/h3>\n<div id=\"dlugi_opis\" class=\"rte\">\n<p>Wiert\u0142o jest przeznaczone do pracy z wiertark\u0105 elektryczn\u0105 bez udaru i ZAWSZE musi mie\u0107 zapewnione ch\u0142odzenie wod\u0105. \u015arednia trwa\u0142o\u015b\u0107 wierte\u0142 FOREGRES to 60 otwor\u00f3w i ZAWSZE zale\u017cy od typu materia\u0142u i jego grubo\u015bci, oraz odpowiedniego ch\u0142odzenia i u\u017cytkowania. Wiert\u0142a mog\u0105 wykonywa\u0107 otwory do 30 mm g\u0142\u0119boko\u015bci. Nale\u017cy pami\u0119ta\u0107 o ka\u017cdorazowym oczyszczeniu i sprawdzeniu wiert\u0142a przez rozpocz\u0119ciem wiercenia. Maksymalna szybko\u015b\u0107 robocza wiert\u0142a wynosi od 900 obr\/min, z wyj\u0105tkiem koronek 100 i 120 mm, dla kt\u00f3rych jest to 450 obr\/min. Dla zapewnienia dobrego wyko\u0144czenia otworu oraz trwa\u0142o\u015bci wiert\u0142a nie nale\u017cy przekracza\u0107 podanych wielko\u015bci obrotowych, ani nie wywiera\u0107 nadmiernego nacisku na wiert\u0142o podczas pracy. <a href=\"https:\/\/e-adams.pl\/oferta\/rubi\/\">Marka RUBI<\/a> jest znana z najlepszej \u017cywotno\u015bci i jako\u015bci swoich narz\u0119dzi. Od ponad 65 lat RUBI produkuje narz\u0119dzia najwy\u017cszej jako\u015bci i wytrzyma\u0142o\u015bci, by uzyska\u0107 najlepsz\u0105 wydajno\u015b\u0107 w najtrudniejszych warunkach roboczych i dopasowa\u0107 si\u0119 do potrzeb zg\u0142aszanych na ka\u017cdym z rynk\u00f3w.<\/p>\n<\/div>\n<h2>Najwa\u017cniejsze cechy koronki diamentowej \u00d8 50 mm Rubi:<\/h2>\n<ul>\n<li>Koronka diamentowa Rubi \u00d8 50 mm przeznaczona do wiercenia otwor\u00f3w na mokro w gresie, gresie porcelanowym, granicie oraz marmurze.<\/li>\n<li>Posiada wszechstronne zastosowanie poprzez mo\u017cliwo\u015b\u0107 pracy z wiertark\u0105 bez udaru.<\/li>\n<li>Koronk\u0119 najlepiej stosowa\u0107 z prowadnicami: Foragres (ref. 50947)\u00a0lub\u00a0Multidrill (ref. 50944), kt\u00f3ra\u00a0posiada mo\u017cliwo\u015b\u0107 zamontowania pojemnika\u00a0na wod\u0119 (Hydronetka &#8211; ref. 50947), dla\u00a0zapewnienia\u00a0lepszego ch\u0142odzenia wiert\u0142a podczas pracy.<\/li>\n<li>Prowadnice Foragres oraz Multidrill\u00a0gwarantuj\u0105 uzyskanie r\u00f3wnych brzeg\u00f3w i precyzyjnych wierce\u0144 otwor\u00f3w bez ryzyka przesuni\u0119cia si\u0119 wiert\u0142a diamentowego.<\/li>\n<\/ul>\n<h3>Dane techniczne koronki diamentowej \u00d8 50 mm Rubi:<\/h3>\n<ul>\n<li>\u015arednica koronki diamentowej: 50 mm<\/li>\n<li>Maksymalna g\u0142\u0119boko\u015b\u0107 \/ d\u0142ugo\u015b\u0107 wiercenia: 30 mm<\/li>\n<li>Wsp\u00f3\u0142pracuje z: wiertark\u0105 bez udaru oraz prowadnic\u0105 Foragres lub Multidrill.<\/li>\n<li>Zalecana pr\u0119dko\u015b\u0107 wiercenia: max. 900 obrot\u00f3w\/min (RPM),<\/li>\n<li>Spos\u00f3b wiercenia: na mokro,<\/li>\n<li>Typ mocowania: walcowy,<\/li>\n<li>Opakowanie: blister plastikowy.<\/li>\n<\/ul>\n<h3>Przeznaczenie:<\/h3>\n<ul>\n<li>Wiercenie otwor\u00f3w w: gresie, gresie porcelanowym, granicie, oraz marmurze.<\/li>\n<\/ul>\n","protected":false},"excerpt":{"rendered":"<p><span class=\"read-more-text-visible\">Wiert\u0142a i koronki diamentowe s\u0105 powlekane elektrolitycznie i przeznaczone do pracy z wiertark\u0105 elektryczn\u0105 bez udaru. Jako\u015b\u0107 diamentu pozwala na wiercenie otwor\u00f3w w gresie, gresie porcelanowym, granicie, marmurze i szkle.<\/span><\/p>\n","protected":false},"featured_media":21500,"comment_status":"open","ping_status":"closed","template":"","meta":{"_acf_changed":false,"inline_featured_image":false},"product_cat":[1910],"product_tag":[1858,1847],"class_list":{"0":"post-21122","1":"product","2":"type-product","3":"status-publish","4":"has-post-thumbnail","6":"product_cat-wiertla","7":"product_tag-foragres","8":"product_tag-jakosc-diamentu","10":"first","11":"instock","12":"shipping-taxable","13":"purchasable","14":"product-type-simple"},"acf":[],"_links":{"self":[{"href":"https:\/\/e-adams.pl\/de\/wp-json\/wp\/v2\/product\/21122","targetHints":{"allow":["GET"]}}],"collection":[{"href":"https:\/\/e-adams.pl\/de\/wp-json\/wp\/v2\/product"}],"about":[{"href":"https:\/\/e-adams.pl\/de\/wp-json\/wp\/v2\/types\/product"}],"replies":[{"embeddable":true,"href":"https:\/\/e-adams.pl\/de\/wp-json\/wp\/v2\/comments?post=21122"}],"wp:featuredmedia":[{"embeddable":true,"href":"https:\/\/e-adams.pl\/de\/wp-json\/wp\/v2\/media\/21500"}],"wp:attachment":[{"href":"https:\/\/e-adams.pl\/de\/wp-json\/wp\/v2\/media?parent=21122"}],"wp:term":[{"taxonomy":"product_cat","embeddable":true,"href":"https:\/\/e-adams.pl\/de\/wp-json\/wp\/v2\/product_cat?post=21122"},{"taxonomy":"product_tag","embeddable":true,"href":"https:\/\/e-adams.pl\/de\/wp-json\/wp\/v2\/product_tag?post=21122"}],"curies":[{"name":"wp","href":"https:\/\/api.w.org\/{rel}","templated":true}]}}